{"id":22038,"date":"2025-07-25T11:48:09","date_gmt":"2025-07-25T11:48:09","guid":{"rendered":"https:\/\/boreait.com\/hr\/?post_type=product&#038;p=22038"},"modified":"2025-07-25T11:48:59","modified_gmt":"2025-07-25T11:48:59","slug":"chimei-innolux-n156bge-eb2-rev-c3-156-led-lcd-zaslon-40-pinova-zamjenski-zaslon","status":"publish","type":"product","link":"https:\/\/boreait.com\/hr\/product\/chimei-innolux-n156bge-eb2-rev-c3-156-led-lcd-zaslon-40-pinova-zamjenski-zaslon\/","title":{"rendered":"Chimei Innolux N156BGE-EB2 REV.C3 15,6&#8243; LED LCD zaslon 40 pinova &#8211; Zamjenski zaslon"},"content":{"rendered":"<p>Nadogradite zaslon svog prijenosnog ra\u010dunala s Chimei Innolux N156BGE-EB2 REV.C3 LED LCD zaslonom od 15,6&#8243; tipa. Ovaj LED zaslon dizajniran je da pru\u017ei besprijekornu zamjenu za va\u0161 trenutni zaslon, nude\u0107i pobolj\u0161ane vizualne prikaze i jasno\u0107u.<\/p>\n<p>Klju\u010dne zna\u010dajke:<\/p>\n<ul>\n<li>Model: Chimei Innolux N156BGE-EB2 REV.C3<\/li>\n<li>Vrsta: LED LCD zaslon<\/li>\n<li>Veli\u010dina: 15,6 in\u010da<\/li>\n<li>Rezolucija: 1366&#215;768 HD<\/li>\n<li>Konektor: 40 PIN-ova<\/li>\n<li>Finski: sjajni<\/li>\n<\/ul>\n<p>U\u017eivajte u \u017eivopisnom i jasnom iskustvu gledanja s ovim LCD zaslonom visoke kvalitete. Bilo da mijenjate o\u0161te\u0107eni zaslon ili nadogra\u0111ujete na bolji zaslon, Chimei Innolux N156BGE-EB2 REV.C3 osigurava o\u0161tre slike i \u017eive boje.<\/p>\n<p>Imajte na umu da je ovaj popis samo za LCD zaslon. Nema uputa za instalaciju, ali ako imate pitanja ili trebate pomo\u0107, slobodno nam po\u0161aljite poruku. Stvarne fotografije proizvoda uklju\u010dene su u popis.<\/p>\n<p>Nadogradite svoj zaslon prijenosnog ra\u010dunala danas s Chimei Innolux N156BGE-EB2 REV.C3 15,6&#8243; LED LCD zaslonom i u\u017eivajte u novoj razini vizualne izvrsnosti.<\/p>\n","protected":false},"excerpt":{"rendered":"<p>Pobolj\u0161ajte svoje iskustvo gledanja uz Chimei Innolux N156BGE-EB2 REV.C3 15,6&#8243; tip LED LCD zaslona. Ovaj visokokvalitetni LED zaslon slu\u017ei kao izravna zamjena, nudi o\u0161tre slike i \u017eivopisne boje. Nadogradite svoje prijenosno ra\u010dunalo ovim pouzdanim LCD zaslonom za zadivljuju\u0107i zaslon svaki put.<\/p>\n","protected":false},"featured_media":22098,"template":"","meta":[],"product_brand":[],"product_cat":[57,56],"product_tag":[],"class_list":{"0":"post-22038","1":"product","2":"type-product","3":"status-publish","4":"has-post-thumbnail","6":"product_cat-15-6","7":"product_cat-laptop-screens-lcd-panels","9":"first","10":"instock","11":"taxable","12":"shipping-taxable","13":"purchasable","14":"product-type-simple"},"_links":{"self":[{"href":"https:\/\/boreait.com\/hr\/wp-json\/wp\/v2\/product\/22038","targetHints":{"allow":["GET"]}}],"collection":[{"href":"https:\/\/boreait.com\/hr\/wp-json\/wp\/v2\/product"}],"about":[{"href":"https:\/\/boreait.com\/hr\/wp-json\/wp\/v2\/types\/product"}],"wp:featuredmedia":[{"embeddable":true,"href":"https:\/\/boreait.com\/hr\/wp-json\/wp\/v2\/media\/22098"}],"wp:attachment":[{"href":"https:\/\/boreait.com\/hr\/wp-json\/wp\/v2\/media?parent=22038"}],"wp:term":[{"taxonomy":"product_brand","embeddable":true,"href":"https:\/\/boreait.com\/hr\/wp-json\/wp\/v2\/product_brand?post=22038"},{"taxonomy":"product_cat","embeddable":true,"href":"https:\/\/boreait.com\/hr\/wp-json\/wp\/v2\/product_cat?post=22038"},{"taxonomy":"product_tag","embeddable":true,"href":"https:\/\/boreait.com\/hr\/wp-json\/wp\/v2\/product_tag?post=22038"}],"curies":[{"name":"wp","href":"https:\/\/api.w.org\/{rel}","templated":true}]}}