{"id":22037,"date":"2025-07-25T11:48:09","date_gmt":"2025-07-25T11:48:09","guid":{"rendered":"https:\/\/boreait.com\/hr\/?post_type=product&#038;p=22037"},"modified":"2025-07-25T11:48:57","modified_gmt":"2025-07-25T11:48:57","slug":"hp-zbook-15-g1-g2-c-shell-skoljka-naslona-za-dlanove-734281-001-zamjenski-dio","status":"publish","type":"product","link":"https:\/\/boreait.com\/hr\/product\/hp-zbook-15-g1-g2-c-shell-skoljka-naslona-za-dlanove-734281-001-zamjenski-dio\/","title":{"rendered":"HP ZBOOK 15 G1 G2 C Shell \u0161koljka naslona za dlanove 734281-001 Zamjenski dio"},"content":{"rendered":"<p>Revitalizirajte svoje prijenosno ra\u010dunalo HP ZBOOK 15 G1 G2 s autenti\u010dnim HP 734281-001 C Shell naslonom za dlanove. Ovaj zamjenski dio osmi\u0161ljen je kako bi va\u0161em ure\u0111aju dao svje\u017e izgled, kao nov, dok istovremeno nudi izdr\u017eljivost i preciznost koju o\u010dekujete od HP-a.<\/p>\n<p>Klju\u010dne zna\u010dajke:<\/p>\n<ul>\n<li>Broj dijela: 734281-001 \/ AP0TJ000100<\/li>\n<li>Kompatibilnost: prijenosna ra\u010dunala HP ZBOOK 15 G1 G2<\/li>\n<li>Originalni HP-ov zamjenski dio<\/li>\n<\/ul>\n<p>Dizajniran za jednostavnu instalaciju, HP C Shell oslonac za ruku 734281-001 osigurava sigurno i besprijekorno postavljanje na va\u0161e prijenosno ra\u010dunalo. Ne samo da pobolj\u0161ava vizualnu privla\u010dnost va\u0161eg ure\u0111aja, ve\u0107 tako\u0111er pru\u017ea bitnu za\u0161titu za unutarnje komponente.<\/p>\n<p>Imajte na umu da ovaj popis uklju\u010duje originalne fotografije proizvoda, \u0161to vam omogu\u0107uje da vidite to\u010dno \u0161to \u0107ete dobiti. Nema uputa za instalaciju, ali smo tu da vam pomognemo ako imate bilo kakvih pitanja. Podignite estetiku i za\u0161titu svog prijenosnog ra\u010dunala HP ZBOOK 15 G1 G2 s ovim pouzdanim i elegantnim naslonom za dlanove.<\/p>\n","protected":false},"excerpt":{"rendered":"<p>Pobolj\u0161ajte estetiku i izdr\u017eljivost svog prijenosnog ra\u010dunala HP ZBOOK 15 G1 G2 s HP 734281-001 C \u0161koljkom za dlanove. Izra\u0111en za besprijekorno pristajanje, ovaj originalni zamjenski dio osigurava \u010dvrsto spajanje i elegantan izgled. Nadogradite izgled i za\u0161titu prijenosnog ra\u010dunala ovom originalnom \u0161koljkom za odmor za dlan.<\/p>\n","protected":false},"featured_media":22096,"template":"","meta":[],"product_brand":[],"product_cat":[51],"product_tag":[],"class_list":{"0":"post-22037","1":"product","2":"type-product","3":"status-publish","4":"has-post-thumbnail","6":"product_cat-laptop-housing","8":"first","9":"instock","10":"taxable","11":"shipping-taxable","12":"purchasable","13":"product-type-simple"},"_links":{"self":[{"href":"https:\/\/boreait.com\/hr\/wp-json\/wp\/v2\/product\/22037","targetHints":{"allow":["GET"]}}],"collection":[{"href":"https:\/\/boreait.com\/hr\/wp-json\/wp\/v2\/product"}],"about":[{"href":"https:\/\/boreait.com\/hr\/wp-json\/wp\/v2\/types\/product"}],"wp:featuredmedia":[{"embeddable":true,"href":"https:\/\/boreait.com\/hr\/wp-json\/wp\/v2\/media\/22096"}],"wp:attachment":[{"href":"https:\/\/boreait.com\/hr\/wp-json\/wp\/v2\/media?parent=22037"}],"wp:term":[{"taxonomy":"product_brand","embeddable":true,"href":"https:\/\/boreait.com\/hr\/wp-json\/wp\/v2\/product_brand?post=22037"},{"taxonomy":"product_cat","embeddable":true,"href":"https:\/\/boreait.com\/hr\/wp-json\/wp\/v2\/product_cat?post=22037"},{"taxonomy":"product_tag","embeddable":true,"href":"https:\/\/boreait.com\/hr\/wp-json\/wp\/v2\/product_tag?post=22037"}],"curies":[{"name":"wp","href":"https:\/\/api.w.org\/{rel}","templated":true}]}}