{"id":22014,"date":"2025-07-25T11:47:45","date_gmt":"2025-07-25T11:47:45","guid":{"rendered":"https:\/\/boreait.com\/hr\/?post_type=product&#038;p=22014"},"modified":"2026-01-19T07:04:36","modified_gmt":"2026-01-19T07:04:36","slug":"originalni-hp-dc-kabel-kabelskog-snopa-za-napajanje-za-zbook-15-200-w-727819-sd9","status":"publish","type":"product","link":"https:\/\/boreait.com\/hr\/product\/originalni-hp-dc-kabel-kabelskog-snopa-za-napajanje-za-zbook-15-200-w-727819-sd9\/","title":{"rendered":"Originalni HP DC kabel kabelskog snopa za napajanje za Zbook 15 200 W 727819-SD9"},"content":{"rendered":"<p>Nadogradite povezivost napajanja va\u0161eg Zbooka 15 ORIGINALNIM KABELOM HP DC POWER JACK ZA Zbook 15 200 W 727819-SD9. Izra\u0111en da zadovolji visoke standarde HP-a, ovaj kabel s uti\u010dnicom za napajanje osigurava stabilno i u\u010dinkovito napajanje va\u0161eg Zbook 15 prijenosnog ra\u010dunala.<\/p>\n<p>Klju\u010dne zna\u010dajke:<\/p>\n<ul>\n<li>Originalni HP proizvod<\/li>\n<li>Model: 727819-SD9<\/li>\n<li>Kompatibilnost: posebno dizajnirano za Zbook 15 sa zahtjevima za napajanje od 200 W<\/li>\n<li>Pouzdano napajanje: osigurajte stabilno i neprekidno napajanje kako bi va\u0161 Zbook 15 neometano radio.<\/li>\n<\/ul>\n<p>Ovaj kabel s uti\u010dnicom za napajanje originalni je HP proizvod koji vam daje jamstvo kvalitete i kompatibilnosti. To je savr\u0161eno rje\u0161enje za one koji \u017eele zamijeniti istro\u0161eni ili neispravni kabel za napajanje ili za sve koji tra\u017ee autenti\u010dni HP-ov zamjenski dio.<\/p>\n<p>Imajte na umu da ovaj popis ne uklju\u010duje upute za instalaciju. Ako imate pitanja ili trebate pomo\u0107, slobodno nam se obratite. Pove\u0107ajte performanse napajanja svog Zbooka 15 s autenti\u010dno\u0161\u0107u i pouzdano\u0161\u0107u ORIGINALNOG HP KABELA DC POWER JACK.<\/p>\n","protected":false},"excerpt":{"rendered":"<p>Pobolj\u0161ajte povezivost napajanja va\u0161eg Zbooka 15 s originalnim HP DC kabelom za napajanje. Dizajniran posebno za modele Zbook 15 s potrebom za napajanjem od 200 W, ovaj kabel osigurava pouzdano i u\u010dinkovito napajanje. Vjerujte u autenti\u010dnost HP-a za besprijekornu vezu.<\/p>\n","protected":false},"featured_media":22075,"template":"","meta":[],"product_brand":[],"product_cat":[55],"product_tag":[60],"class_list":{"0":"post-22014","1":"product","2":"type-product","3":"status-publish","4":"has-post-thumbnail","6":"product_cat-cables","7":"product_tag-hp","9":"first","10":"instock","11":"taxable","12":"shipping-taxable","13":"purchasable","14":"product-type-simple"},"_links":{"self":[{"href":"https:\/\/boreait.com\/hr\/wp-json\/wp\/v2\/product\/22014","targetHints":{"allow":["GET"]}}],"collection":[{"href":"https:\/\/boreait.com\/hr\/wp-json\/wp\/v2\/product"}],"about":[{"href":"https:\/\/boreait.com\/hr\/wp-json\/wp\/v2\/types\/product"}],"wp:featuredmedia":[{"embeddable":true,"href":"https:\/\/boreait.com\/hr\/wp-json\/wp\/v2\/media\/22075"}],"wp:attachment":[{"href":"https:\/\/boreait.com\/hr\/wp-json\/wp\/v2\/media?parent=22014"}],"wp:term":[{"taxonomy":"product_brand","embeddable":true,"href":"https:\/\/boreait.com\/hr\/wp-json\/wp\/v2\/product_brand?post=22014"},{"taxonomy":"product_cat","embeddable":true,"href":"https:\/\/boreait.com\/hr\/wp-json\/wp\/v2\/product_cat?post=22014"},{"taxonomy":"product_tag","embeddable":true,"href":"https:\/\/boreait.com\/hr\/wp-json\/wp\/v2\/product_tag?post=22014"}],"curies":[{"name":"wp","href":"https:\/\/api.w.org\/{rel}","templated":true}]}}