{"id":21964,"date":"2025-07-25T11:47:01","date_gmt":"2025-07-25T11:47:01","guid":{"rendered":"https:\/\/boreait.com\/hr\/?post_type=product&#038;p=21964"},"modified":"2025-07-25T11:47:57","modified_gmt":"2025-07-25T11:47:57","slug":"hp-chromebook-14-g6-gornji-poklopac-lcd-zamjena-poklopca-l90415-001","status":"publish","type":"product","link":"https:\/\/boreait.com\/hr\/product\/hp-chromebook-14-g6-gornji-poklopac-lcd-zamjena-poklopca-l90415-001\/","title":{"rendered":"HP Chromebook 14 G6 Gornji poklopac LCD Zamjena poklopca L90415-001"},"content":{"rendered":"<p><strong>Malo o\u0161te\u0107enje u jednom kutu kao \u0161to se vidi na fotografiji u popisu!<\/strong><\/p>\n<p>Revitalizirajte svoj HP Chromebook 14 G6 pomo\u0107u HP Chromebooka 14 G6 Gornjeg poklopca zamjenskog LCD poklopca. Dizajniran za kompatibilnost i izdr\u017eljivost, ovaj originalni HP-ov zamjenski dio izra\u0111en je da besprijekorno pristaje i \u0161titi zaslon va\u0161eg prijenosnog ra\u010dunala.<\/p>\n<p>Klju\u010dne zna\u010dajke:<\/p>\n<ul>\n<li>Kompatibilnost: HP Chromebook 14 G6<\/li>\n<li>Vrsta: Zamjena gornjeg poklopca LCD zaslona<\/li>\n<li>Originalni HP-ov zamjenski dio<\/li>\n<li>Broj dijela: L90415-001<\/li>\n<\/ul>\n<p>Dajte svom Chromebooku novi \u017eivot tako \u0161to \u0107ete zamijeniti istro\u0161eni ili o\u0161te\u0107eni gornji poklopac. Ovaj zamjenski dio ne samo da pobolj\u0161ava estetski izgled va\u0161eg prijenosnog ra\u010dunala, ve\u0107 tako\u0111er pru\u017ea pouzdanu za\u0161titu za LCD. Precizno in\u017eenjerstvo osigurava dobro pristajanje, vra\u0107aju\u0107i va\u0161 Chromebook u prvobitno stanje.<\/p>\n<p>Bez obzira jeste li DIY entuzijast ili profesionalac, instalacija ovog zamjenskog poklopca je jednostavna. Paket uklju\u010duje prave fotografije HP Chromebook 14 G6 Top Cover LCD Cover kako biste dobili jasan pregled proizvoda koji \u0107ete dobiti.<\/p>\n<p>Imajte na umu da je ovaj popis samo za zamjenski poklopac i da nema uputa za instalaciju. Ako imate pitanja ili trebate dodatnu pomo\u0107, slobodno nam se obratite. Vratite svoj HP Chromebook 14 G6 u optimalno stanje pomo\u0107u ove originalne zamjene gornjeg poklopca LCD poklopca.<\/p>\n","protected":false},"excerpt":{"rendered":"<p>Pobolj\u0161ajte i obnovite svoj HP Chromebook 14 G6 s ovom zamjenskom LCD maskom s gornjim poklopcem vrhunske kvalitete. Izra\u0111ena za izdr\u017eljivost i preciznost, ova maska osigurava besprijekorno pristajanje i \u0161titi zaslon va\u0161eg prijenosnog ra\u010dunala. Dajte svom Chromebooku svje\u017e izgled i pouzdanu za\u0161titu s ovim originalnim HP-ovim zamjenskim dijelom.<\/p>\n","protected":false},"featured_media":22026,"template":"","meta":[],"product_brand":[],"product_cat":[51],"product_tag":[60],"class_list":{"0":"post-21964","1":"product","2":"type-product","3":"status-publish","4":"has-post-thumbnail","6":"product_cat-laptop-housing","7":"product_tag-hp","9":"first","10":"instock","11":"taxable","12":"shipping-taxable","13":"purchasable","14":"product-type-simple"},"_links":{"self":[{"href":"https:\/\/boreait.com\/hr\/wp-json\/wp\/v2\/product\/21964","targetHints":{"allow":["GET"]}}],"collection":[{"href":"https:\/\/boreait.com\/hr\/wp-json\/wp\/v2\/product"}],"about":[{"href":"https:\/\/boreait.com\/hr\/wp-json\/wp\/v2\/types\/product"}],"wp:featuredmedia":[{"embeddable":true,"href":"https:\/\/boreait.com\/hr\/wp-json\/wp\/v2\/media\/22026"}],"wp:attachment":[{"href":"https:\/\/boreait.com\/hr\/wp-json\/wp\/v2\/media?parent=21964"}],"wp:term":[{"taxonomy":"product_brand","embeddable":true,"href":"https:\/\/boreait.com\/hr\/wp-json\/wp\/v2\/product_brand?post=21964"},{"taxonomy":"product_cat","embeddable":true,"href":"https:\/\/boreait.com\/hr\/wp-json\/wp\/v2\/product_cat?post=21964"},{"taxonomy":"product_tag","embeddable":true,"href":"https:\/\/boreait.com\/hr\/wp-json\/wp\/v2\/product_tag?post=21964"}],"curies":[{"name":"wp","href":"https:\/\/api.w.org\/{rel}","templated":true}]}}