{"id":21961,"date":"2025-07-25T11:47:01","date_gmt":"2025-07-25T11:47:01","guid":{"rendered":"https:\/\/boreait.com\/hr\/?post_type=product&#038;p=21961"},"modified":"2025-07-25T11:47:49","modified_gmt":"2025-07-25T11:47:49","slug":"hp-chromebook-14-g6-lcd-poklopac-s-okvirom-l90416-001-originalni-zamjenski-dio","status":"publish","type":"product","link":"https:\/\/boreait.com\/hr\/product\/hp-chromebook-14-g6-lcd-poklopac-s-okvirom-l90416-001-originalni-zamjenski-dio\/","title":{"rendered":"HP Chromebook 14 G6 LCD poklopac s okvirom L90416-001 &#8211; originalni zamjenski dio"},"content":{"rendered":"<p>Preobrazite svoj HP Chromebook 14 G6 uz autenti\u010dnu zamjenu LCD okvira. Ova maska je dizajnirana da besprijekorno pristaje, pru\u017eaju\u0107i i estetsku privla\u010dnost i za\u0161titu za zaslon va\u0161eg prijenosnog ra\u010dunala.<\/p>\n<p>Klju\u010dne zna\u010dajke:<\/p>\n<ul>\n<li>Kompatibilno s HP Chromebookom 14 G6<\/li>\n<li>Originalni HP-ov zamjenski dio<\/li>\n<li>Izdr\u017eljivo i precizno pristajanje<\/li>\n<li>Revitalizirajte izgled svog prijenosnog ra\u010dunala<\/li>\n<li>Broj dijela: L90416-001<\/li>\n<\/ul>\n<p>Ova maska s okvirom LCD-a vi\u0161e je od obi\u010dne zamjene \u2013 to je obnova izvorne elegancije va\u0161eg prijenosnog ra\u010dunala. Izra\u0111en s precizno\u0161\u0107u i izra\u0111en od visokokvalitetnih materijala, osigurava dugotrajnost i izdr\u017eljivost.<\/p>\n<p>Nadogradite svoje prijenosno ra\u010dunalo bez napora. Nema uputa za instalaciju, ali ako trebate pomo\u0107 ili imate pitanja, slobodno nam po\u0161aljite poruku. Imajte na umu da su slike proizvoda originalne fotografije artikla koji \u0107ete dobiti, pokazuju\u0107i njegovu kvalitetu i autenti\u010dnost.<\/p>\n<p>Vratite svoj HP Chromebook 14 G6 u tvorni\u010dki svje\u017ei sjaj s ovim LCD okvirom. Unaprijedite iskustvo prijenosnog ra\u010dunala i u\u017eivajte u povjerenju kori\u0161tenja originalnih HP-ovih zamjenskih dijelova.<\/p>\n","protected":false},"excerpt":{"rendered":"<p>Pobolj\u0161ajte i za\u0161titite svoj HP Chromebook 14 G6 s originalnim zamjenskim poklopcem LCD okvira. Izra\u0111ena do savr\u0161enstva, ova navlaka osigurava besprijekorno pristajanje, izdr\u017eljivost i ugla\u0111en izgled. Pomladite svoje prijenosno ra\u010dunalo i u\u017eivajte u elegantnom, tvorni\u010dki svje\u017eem izgledu s ovim originalnim HP dijelom.<\/p>\n","protected":false},"featured_media":22022,"template":"","meta":[],"product_brand":[],"product_cat":[51],"product_tag":[60],"class_list":{"0":"post-21961","1":"product","2":"type-product","3":"status-publish","4":"has-post-thumbnail","6":"product_cat-laptop-housing","7":"product_tag-hp","9":"first","10":"instock","11":"taxable","12":"shipping-taxable","13":"purchasable","14":"product-type-simple"},"_links":{"self":[{"href":"https:\/\/boreait.com\/hr\/wp-json\/wp\/v2\/product\/21961","targetHints":{"allow":["GET"]}}],"collection":[{"href":"https:\/\/boreait.com\/hr\/wp-json\/wp\/v2\/product"}],"about":[{"href":"https:\/\/boreait.com\/hr\/wp-json\/wp\/v2\/types\/product"}],"wp:featuredmedia":[{"embeddable":true,"href":"https:\/\/boreait.com\/hr\/wp-json\/wp\/v2\/media\/22022"}],"wp:attachment":[{"href":"https:\/\/boreait.com\/hr\/wp-json\/wp\/v2\/media?parent=21961"}],"wp:term":[{"taxonomy":"product_brand","embeddable":true,"href":"https:\/\/boreait.com\/hr\/wp-json\/wp\/v2\/product_brand?post=21961"},{"taxonomy":"product_cat","embeddable":true,"href":"https:\/\/boreait.com\/hr\/wp-json\/wp\/v2\/product_cat?post=21961"},{"taxonomy":"product_tag","embeddable":true,"href":"https:\/\/boreait.com\/hr\/wp-json\/wp\/v2\/product_tag?post=21961"}],"curies":[{"name":"wp","href":"https:\/\/api.w.org\/{rel}","templated":true}]}}