{"id":21934,"date":"2025-07-25T11:46:39","date_gmt":"2025-07-25T11:46:39","guid":{"rendered":"https:\/\/boreait.com\/hr\/?post_type=product&#038;p=21934"},"modified":"2025-07-25T11:47:23","modified_gmt":"2025-07-25T11:47:23","slug":"hp-730544-001-lcd-prednji-okvir-za-elitebook-820-g1-g2-725-g2-zamjenski-okvir","status":"publish","type":"product","link":"https:\/\/boreait.com\/hr\/product\/hp-730544-001-lcd-prednji-okvir-za-elitebook-820-g1-g2-725-g2-zamjenski-okvir\/","title":{"rendered":"HP 730544-001 LCD prednji okvir za EliteBook 820 G1 G2 725 G2 &#8211; zamjenski okvir"},"content":{"rendered":"<p>Nadogradite izgled svog EliteBook 820 G1 G2 725 G2 s HP 730544-001 LCD prednjim okvirom. Ovaj zamjenski okvir dizajniran je za besprijekornu integraciju s va\u0161im prijenosnim ra\u010dunalom, pru\u017eaju\u0107i elegantan i ugla\u0111en izgled.<\/p>\n<p>Klju\u010dne zna\u010dajke:<\/p>\n<ul>\n<li>Model: HP 730544-001<\/li>\n<li>Kompatibilnost: EliteBook 820 G1 G2 725 G2<\/li>\n<li>Vrsta: LCD prednji okvir<\/li>\n<li>Izra\u0111en za preciznost: ovaj okvir je pouzdana zamjena, osigurava dobro pristajanje i izdr\u017eljivost.<\/li>\n<li>Osvje\u017eena estetika: vizualno preobrazite svoj EliteBook s ovim originalnim HP proizvodom.<\/li>\n<\/ul>\n<p>Bilo da \u017eelite zamijeniti o\u0161te\u0107eni okvir ili jednostavno \u017eelite osvje\u017eiti izgled svog EliteBooka, ovaj HP 730544-001\u00a0 LCD prednji okvir idealno je rje\u0161enje. Napominjemo da su stvarne fotografije proizvoda uklju\u010dene u popis i da nema uputa za instalaciju. Ako imate pitanja ili trebate dodatnu pomo\u0107, slobodno nam se obratite. Podignite estetiku svog EliteBooka s ovim originalnim HP-ovim zamjenskim okvirom i u\u017eivajte u prijenosnom ra\u010dunalu koje jednako dobro izgleda kao i radi.<\/p>\n","protected":false},"excerpt":{"rendered":"<p>Pobolj\u0161ajte vizualnu privla\u010dnost svog EliteBook 820 G1 G2 725 G2 s HP 730544-001 LCD prednjim okvirom. Izra\u0111en kao pouzdani zamjenski okvir, ovaj okvir besprijekorno pristaje va\u0161em prijenosnom ra\u010dunalu, daju\u0107i mu osvje\u017een i ugla\u0111en izgled. U\u017eivajte u izdr\u017eljivosti i preciznosti in\u017eenjeringa koji su sinonimi za HP proizvode. Pobolj\u0161ajte estetiku svog EliteBooka bez napora.<\/p>\n","protected":false},"featured_media":21985,"template":"","meta":[],"product_brand":[],"product_cat":[51],"product_tag":[60],"class_list":{"0":"post-21934","1":"product","2":"type-product","3":"status-publish","4":"has-post-thumbnail","6":"product_cat-laptop-housing","7":"product_tag-hp","9":"first","10":"instock","11":"taxable","12":"shipping-taxable","13":"purchasable","14":"product-type-simple"},"_links":{"self":[{"href":"https:\/\/boreait.com\/hr\/wp-json\/wp\/v2\/product\/21934","targetHints":{"allow":["GET"]}}],"collection":[{"href":"https:\/\/boreait.com\/hr\/wp-json\/wp\/v2\/product"}],"about":[{"href":"https:\/\/boreait.com\/hr\/wp-json\/wp\/v2\/types\/product"}],"wp:featuredmedia":[{"embeddable":true,"href":"https:\/\/boreait.com\/hr\/wp-json\/wp\/v2\/media\/21985"}],"wp:attachment":[{"href":"https:\/\/boreait.com\/hr\/wp-json\/wp\/v2\/media?parent=21934"}],"wp:term":[{"taxonomy":"product_brand","embeddable":true,"href":"https:\/\/boreait.com\/hr\/wp-json\/wp\/v2\/product_brand?post=21934"},{"taxonomy":"product_cat","embeddable":true,"href":"https:\/\/boreait.com\/hr\/wp-json\/wp\/v2\/product_cat?post=21934"},{"taxonomy":"product_tag","embeddable":true,"href":"https:\/\/boreait.com\/hr\/wp-json\/wp\/v2\/product_tag?post=21934"}],"curies":[{"name":"wp","href":"https:\/\/api.w.org\/{rel}","templated":true}]}}