{"id":21844,"date":"2025-07-25T11:45:08","date_gmt":"2025-07-25T11:45:08","guid":{"rendered":"https:\/\/boreait.com\/hr\/?post_type=product&#038;p=21844"},"modified":"2025-07-25T11:46:20","modified_gmt":"2025-07-25T11:46:20","slug":"dell-latitude-e7270-serija-prijenosno-racunalo-125-lcd-zaslon-prednji-okvir-crni-2ypvg","status":"publish","type":"product","link":"https:\/\/boreait.com\/hr\/product\/dell-latitude-e7270-serija-prijenosno-racunalo-125-lcd-zaslon-prednji-okvir-crni-2ypvg\/","title":{"rendered":"DELL LATITUDE E7270 SERIJA PRIJENOSNO RA\u010cUNALO 12,5&#8243; LCD ZASLON PREDNJI OKVIR CRNI 2YPVG"},"content":{"rendered":"<p>Transformirajte izgled svog prijenosnog ra\u010dunala DELL Latitude E7270 s autenti\u010dnim prednjim okvirom LCD zaslona od 12,5&#8243; u elegantnoj crnoj zavr\u0161noj obradi. Ovaj okvir, broj dijela 2YPVG, originalna je zamjena dizajnirana da savr\u0161eno nadopuni dizajn va\u0161eg prijenosnog ra\u010dunala.<\/p>\n<p>Klju\u010dne zna\u010dajke:<\/p>\n<ul>\n<li>Kompatibilnost: serija DELL Latitude E7270<\/li>\n<li>Veli\u010dina: 12,5 in\u010da<\/li>\n<li>Boja: crna<\/li>\n<li>Broj dijela: 2YPVG<\/li>\n<li>Originalna DELL zamjena<\/li>\n<\/ul>\n<p>Precizno dizajniran, ovaj prednji okvir osigurava besprijekorno pristajanje i odgovara izvornoj estetici va\u0161eg prijenosnog ra\u010dunala. Zamjenom prednjeg okvira prijenosnog ra\u010dunala ne samo da se vra\u0107a njegov izgled, ve\u0107 se i \u0161titi LCD zaslon.<\/p>\n<p>Nadogradite svoje prijenosno ra\u010dunalo s povjerenjem, znaju\u0107i da dobivate autenti\u010dni DELL zamjenski dio. Imajte na umu da popis uklju\u010duje stvarne fotografije prednjeg okvira LCD zaslona od 12,5 in\u010da, broj dijela 2YPVG. Nema uputa za instalaciju, ali slobodno nas kontaktirajte za bilo kakvu pomo\u0107 ili upite.<\/p>\n<p>Unaprijedite izgled svog DELL Latitude E7270 ovim originalnim zamjenskim prednjim okvirom. Naru\u010dite sada i iskusite kvalitetu i umije\u0107e izrade koji su sinonimi za marku DELL.<\/p>\n","protected":false},"excerpt":{"rendered":"<p>Pobolj\u0161ajte estetiku svog prijenosnog ra\u010dunala DELL Latitude E7270 s originalnim prednjim okvirom LCD zaslona od 12,5&#8243; u elegantnoj crnoj boji. Izra\u0111en za precizno pristajanje, ovaj okvir, broj dijela 2YPVG, autenti\u010dna je zamjena za odr\u017eavanje izvorne elegancije va\u0161eg prijenosnog ra\u010dunala. Nadogradite izgled svog prijenosnog ra\u010dunala ovim visokokvalitetnim prednjim okvirom.<\/p>\n","protected":false},"featured_media":21915,"template":"","meta":[],"product_brand":[],"product_cat":[51],"product_tag":[52],"class_list":{"0":"post-21844","1":"product","2":"type-product","3":"status-publish","4":"has-post-thumbnail","6":"product_cat-laptop-housing","7":"product_tag-dell","9":"first","10":"instock","11":"taxable","12":"shipping-taxable","13":"purchasable","14":"product-type-simple"},"_links":{"self":[{"href":"https:\/\/boreait.com\/hr\/wp-json\/wp\/v2\/product\/21844","targetHints":{"allow":["GET"]}}],"collection":[{"href":"https:\/\/boreait.com\/hr\/wp-json\/wp\/v2\/product"}],"about":[{"href":"https:\/\/boreait.com\/hr\/wp-json\/wp\/v2\/types\/product"}],"wp:featuredmedia":[{"embeddable":true,"href":"https:\/\/boreait.com\/hr\/wp-json\/wp\/v2\/media\/21915"}],"wp:attachment":[{"href":"https:\/\/boreait.com\/hr\/wp-json\/wp\/v2\/media?parent=21844"}],"wp:term":[{"taxonomy":"product_brand","embeddable":true,"href":"https:\/\/boreait.com\/hr\/wp-json\/wp\/v2\/product_brand?post=21844"},{"taxonomy":"product_cat","embeddable":true,"href":"https:\/\/boreait.com\/hr\/wp-json\/wp\/v2\/product_cat?post=21844"},{"taxonomy":"product_tag","embeddable":true,"href":"https:\/\/boreait.com\/hr\/wp-json\/wp\/v2\/product_tag?post=21844"}],"curies":[{"name":"wp","href":"https:\/\/api.w.org\/{rel}","templated":true}]}}