{"id":21821,"date":"2025-07-25T11:44:44","date_gmt":"2025-07-25T11:44:44","guid":{"rendered":"https:\/\/boreait.com\/hr\/?post_type=product&#038;p=21821"},"modified":"2026-01-19T07:02:34","modified_gmt":"2026-01-19T07:02:34","slug":"hp-compaq-nx7300-339393-002-bcm92045nmd-kartica-bluetooth-modula","status":"publish","type":"product","link":"https:\/\/boreait.com\/hr\/product\/hp-compaq-nx7300-339393-002-bcm92045nmd-kartica-bluetooth-modula\/","title":{"rendered":"HP Compaq nx7300 339393-002 BCM92045NMD KARTICA Bluetooth modula"},"content":{"rendered":"<p>Nadogradite povezivost svog HP prijenosnog ra\u010dunala pomo\u0107u HP Compaq nx7300 339393-002 BCM92045NMD Bluetooth modulske kartice. Ovaj originalni Bluetooth modul dizajniran je za besprijekornu be\u017ei\u010dnu komunikaciju za va\u0161e kompatibilno prijenosno ra\u010dunalo.<\/p>\n<p>Klju\u010dne zna\u010dajke:<\/p>\n<ul>\n<li>Broj dijela: 339393-002 BCM92045NMD<\/li>\n<li>Kompatibilnost: HP Compaq nx7300 i drugi kompatibilni modeli<\/li>\n<li>Originalni HP proizvod za pouzdan rad<\/li>\n<\/ul>\n<p>Ovaj Bluetooth modul omogu\u0107uje vam be\u017ei\u010dno povezivanje s raznim ure\u0111ajima, pru\u017eaju\u0107i prakti\u010dno i u\u010dinkovito rje\u0161enje za dijeljenje datoteka, be\u017ei\u010dnih perifernih ure\u0111aja i vi\u0161e. Jednostavno priklju\u010dite modul i do\u017eivite slobodu be\u017ei\u010dnog povezivanja.<\/p>\n<p>Imajte na umu da su stvarne fotografije HP Compaq nx7300 339393-002 BCM92045NMD KARTICE Bluetooth modula uklju\u010dene u ovaj popis. Nema uputa za instalaciju; me\u0111utim, ako imate pitanja ili trebate pomo\u0107, slobodno nam po\u0161aljite poruku.<\/p>\n<p>Nadogradite mogu\u0107nosti svog prijenosnog ra\u010dunala danas s ovim originalnim HP Bluetooth modulom. U\u017eivajte u pogodnostima be\u017ei\u010dnih veza i podignite svoje ra\u010dunalno iskustvo na vi\u0161u razinu.<\/p>\n","protected":false},"excerpt":{"rendered":"<p>Pobolj\u0161ajte povezivost svog prijenosnog ra\u010dunala pomo\u0107u HP Compaq nx7300 339393-002 BCM92045NMD Bluetooth modulske kartice. Ovaj originalni Bluetooth modul osigurava besprijekornu be\u017ei\u010dnu komunikaciju za va\u0161e HP prijenosno ra\u010dunalo. Jednostavno ga priklju\u010dite i u\u017eivajte u pogodnostima be\u017ei\u010dnog povezivanja za razne ure\u0111aje. Nadogradite mogu\u0107nosti svog prijenosnog ra\u010dunala ovim pouzdanim Bluetooth modulom.<\/p>\n","protected":false},"featured_media":21877,"template":"","meta":[],"product_brand":[],"product_cat":[62],"product_tag":[60],"class_list":{"0":"post-21821","1":"product","2":"type-product","3":"status-publish","4":"has-post-thumbnail","6":"product_cat-motherboards-board-parts","7":"product_tag-hp","9":"first","10":"instock","11":"taxable","12":"shipping-taxable","13":"purchasable","14":"product-type-simple"},"_links":{"self":[{"href":"https:\/\/boreait.com\/hr\/wp-json\/wp\/v2\/product\/21821","targetHints":{"allow":["GET"]}}],"collection":[{"href":"https:\/\/boreait.com\/hr\/wp-json\/wp\/v2\/product"}],"about":[{"href":"https:\/\/boreait.com\/hr\/wp-json\/wp\/v2\/types\/product"}],"wp:featuredmedia":[{"embeddable":true,"href":"https:\/\/boreait.com\/hr\/wp-json\/wp\/v2\/media\/21877"}],"wp:attachment":[{"href":"https:\/\/boreait.com\/hr\/wp-json\/wp\/v2\/media?parent=21821"}],"wp:term":[{"taxonomy":"product_brand","embeddable":true,"href":"https:\/\/boreait.com\/hr\/wp-json\/wp\/v2\/product_brand?post=21821"},{"taxonomy":"product_cat","embeddable":true,"href":"https:\/\/boreait.com\/hr\/wp-json\/wp\/v2\/product_cat?post=21821"},{"taxonomy":"product_tag","embeddable":true,"href":"https:\/\/boreait.com\/hr\/wp-json\/wp\/v2\/product_tag?post=21821"}],"curies":[{"name":"wp","href":"https:\/\/api.w.org\/{rel}","templated":true}]}}