{"id":21803,"date":"2025-07-25T11:44:22","date_gmt":"2025-07-25T11:44:22","guid":{"rendered":"https:\/\/boreait.com\/hr\/?post_type=product&#038;p=21803"},"modified":"2026-01-13T13:47:50","modified_gmt":"2026-01-13T13:47:50","slug":"dell-latitude-d620-d630-zaslon-tft-lcd-kabel-dc02000870l-cn-0kd101-kd101","status":"publish","type":"product","link":"https:\/\/boreait.com\/hr\/product\/dell-latitude-d620-d630-zaslon-tft-lcd-kabel-dc02000870l-cn-0kd101-kd101\/","title":{"rendered":"Dell Latitude D620 D630 zaslon TFT LCD kabel DC02000870L CN-0KD101 KD101"},"content":{"rendered":"<p>Revitalizirajte zaslon prijenosnog ra\u010dunala Dell Latitude D620 ili D630 pomo\u0107u Dell DC02000870L CN-0KD101 KD101 TFT LCD kabela za ekran zaslona. Ovaj kabel ima klju\u010dnu ulogu u odr\u017eavanju jake i stabilne veze izme\u0111u mati\u010dne plo\u010de prijenosnog ra\u010dunala i zaslona.<\/p>\n<p>Klju\u010dne zna\u010dajke:<\/p>\n<ul>\n<li>Kompatibilno s modelima Dell Latitude D620 i D630<\/li>\n<li>Broj dijela: DC02000870L CN-0KD101 KD101<\/li>\n<li>Originalni Dell zamjenski dio<\/li>\n<\/ul>\n<p>Ovaj TFT LCD kabel dizajniran je za besprijekornu vezu, osiguravaju\u0107i da zaslon va\u0161eg prijenosnog ra\u010dunala radi u svom punom potencijalu. Recite zbogom treperenju zaslona, iskrivljenim slikama ili problemima s prikazom. S ovim originalnim Dell kabelom mo\u017eete vjerovati u kvalitetu i kompatibilnost veze zaslona va\u0161eg prijenosnog ra\u010dunala.<\/p>\n<p>Imajte na umu da ovaj popis uklju\u010duje prave fotografije Dell DC02000870L CN-0KD101 KD101 zaslonskog TFT LCD kabela. Nema uputa za instalaciju, ali ako imate pitanja ili trebate pomo\u0107, slobodno nam se obratite. Vratite vizualnu izvedbu svog prijenosnog ra\u010dunala s ovim originalnim Dell zamjenskim dijelom i ponovno u\u017eivajte u jasnom, \u017eivopisnom zaslonu.<\/p>\n","protected":false},"excerpt":{"rendered":"<p>Pobolj\u0161ajte performanse zaslona svog prijenosnog ra\u010dunala Dell Latitude D620 ili D630 s Dell DC02000870L CN-0KD101 KD101 zaslonskim TFT LCD kabelom. Ovaj visokokvalitetni kabel osigurava pouzdanu vezu izme\u0111u zaslona i mati\u010dne plo\u010de, pru\u017eaju\u0107i jasne i \u017eivopisne slike. Vratite vizualnu jasno\u0107u svog prijenosnog ra\u010dunala i vratite svoj ure\u0111aj u \u017eivot s ovim originalnim Dell zamjenskim dijelom.<\/p>\n","protected":false},"featured_media":21871,"template":"","meta":[],"product_brand":[],"product_cat":[55],"product_tag":[52],"class_list":{"0":"post-21803","1":"product","2":"type-product","3":"status-publish","4":"has-post-thumbnail","6":"product_cat-cables","7":"product_tag-dell","9":"first","10":"instock","11":"taxable","12":"shipping-taxable","13":"purchasable","14":"product-type-simple"},"_links":{"self":[{"href":"https:\/\/boreait.com\/hr\/wp-json\/wp\/v2\/product\/21803","targetHints":{"allow":["GET"]}}],"collection":[{"href":"https:\/\/boreait.com\/hr\/wp-json\/wp\/v2\/product"}],"about":[{"href":"https:\/\/boreait.com\/hr\/wp-json\/wp\/v2\/types\/product"}],"wp:featuredmedia":[{"embeddable":true,"href":"https:\/\/boreait.com\/hr\/wp-json\/wp\/v2\/media\/21871"}],"wp:attachment":[{"href":"https:\/\/boreait.com\/hr\/wp-json\/wp\/v2\/media?parent=21803"}],"wp:term":[{"taxonomy":"product_brand","embeddable":true,"href":"https:\/\/boreait.com\/hr\/wp-json\/wp\/v2\/product_brand?post=21803"},{"taxonomy":"product_cat","embeddable":true,"href":"https:\/\/boreait.com\/hr\/wp-json\/wp\/v2\/product_cat?post=21803"},{"taxonomy":"product_tag","embeddable":true,"href":"https:\/\/boreait.com\/hr\/wp-json\/wp\/v2\/product_tag?post=21803"}],"curies":[{"name":"wp","href":"https:\/\/api.w.org\/{rel}","templated":true}]}}