{"id":21802,"date":"2025-07-25T11:44:22","date_gmt":"2025-07-25T11:44:22","guid":{"rendered":"https:\/\/boreait.com\/hr\/?post_type=product&#038;p=21802"},"modified":"2026-01-13T13:47:34","modified_gmt":"2026-01-13T13:47:34","slug":"dc020010l10-kabel-lcd-zaslona-za-acer-prijenosna-racunala-5253-5336-5741-5742-5551g-5252-5552-5250-osnovni-dijelovi-zaslona-prijenosnog-racunala","status":"publish","type":"product","link":"https:\/\/boreait.com\/hr\/product\/dc020010l10-kabel-lcd-zaslona-za-acer-prijenosna-racunala-5253-5336-5741-5742-5551g-5252-5552-5250-osnovni-dijelovi-zaslona-prijenosnog-racunala\/","title":{"rendered":"DC020010L10 Kabel LCD zaslona za Acer prijenosna ra\u010dunala 5253, 5336, 5741, 5742, 5551G, 5252, 5552, 5250 &#8211; Osnovni dijelovi zaslona prijenosnog ra\u010dunala"},"content":{"rendered":"<p>Otkrijte vrhunsko rje\u0161enje za povezivanje zaslona va\u0161eg Acer prijenosnog ra\u010dunala s na\u0161im DC020010L10 kabelom za LCD zaslon. Stru\u010dno dizajniran za kompatibilnost sa \u0161irokim rasponom Acer modela uklju\u010duju\u0107i 5253, 5336, 5741, 5742, 5551G, 5252, 5552 i 5250, ovaj je kabel neophodan za besprijekornu vizualnu izvedbu. Idealan za popravke, nadogradnje ili kao zamjenski dio, na\u0161 kabel LCD zaslona osigurava da zaslon va\u0161eg prijenosnog ra\u010dunala prikazuje jasne, \u017eivopisne slike. Izra\u0111en od visokokvalitetnih materijala, nudi i fleksibilnost i izdr\u017eljivost, jam\u010de\u0107i dugotrajnu, stabilnu vezu izme\u0111u mati\u010dne plo\u010de va\u0161eg prijenosnog ra\u010dunala i zaslona. Bez obzira na to jeste li profesionalni tehni\u010dar ili entuzijast za ku\u0107ne ljubimce, jednostavna instalacija i pouzdana izvedba ovog kabela \u010dine ga najboljim izborom za pobolj\u0161anje mogu\u0107nosti zaslona va\u0161eg prijenosnog ra\u010dunala.<\/p>\n<p>Zna\u010dajke:<\/p>\n<ul>\n<li>Savr\u0161eno kompatibilan s modelima Acer 5253, 5336, 5741, 5742, 5551G, 5252, 5552 i 5250.<\/li>\n<li>Broj dijela: DC020010L10.<\/li>\n<li>Visokokvalitetna konstrukcija za izdr\u017eljivost i fleksibilnost.<\/li>\n<li>Osigurava stabilnu i jasnu povezanost zaslona.<\/li>\n<li>Idealno za popravke, nadogradnje ili zamjene zaslona.<\/li>\n<li>Upotrebljiva instalacija za profesionalce i hobiste.<\/li>\n<li>Imajte na umu da ovaj popis uklju\u010duje stvarne fotografije.<\/li>\n<\/ul>\n","protected":false},"excerpt":{"rendered":"<p>DC020010L10 Kabel LCD zaslona za Acer &#8211; kompatibilan s vi\u0161e modela. Pouzdan &amp; Izdr\u017eljiv za popravke zaslona &amp; Nadogradnje.<\/p>\n","protected":false},"featured_media":21870,"template":"","meta":[],"product_brand":[],"product_cat":[55],"product_tag":[],"class_list":{"0":"post-21802","1":"product","2":"type-product","3":"status-publish","4":"has-post-thumbnail","6":"product_cat-cables","8":"first","9":"instock","10":"taxable","11":"shipping-taxable","12":"purchasable","13":"product-type-simple"},"_links":{"self":[{"href":"https:\/\/boreait.com\/hr\/wp-json\/wp\/v2\/product\/21802","targetHints":{"allow":["GET"]}}],"collection":[{"href":"https:\/\/boreait.com\/hr\/wp-json\/wp\/v2\/product"}],"about":[{"href":"https:\/\/boreait.com\/hr\/wp-json\/wp\/v2\/types\/product"}],"wp:featuredmedia":[{"embeddable":true,"href":"https:\/\/boreait.com\/hr\/wp-json\/wp\/v2\/media\/21870"}],"wp:attachment":[{"href":"https:\/\/boreait.com\/hr\/wp-json\/wp\/v2\/media?parent=21802"}],"wp:term":[{"taxonomy":"product_brand","embeddable":true,"href":"https:\/\/boreait.com\/hr\/wp-json\/wp\/v2\/product_brand?post=21802"},{"taxonomy":"product_cat","embeddable":true,"href":"https:\/\/boreait.com\/hr\/wp-json\/wp\/v2\/product_cat?post=21802"},{"taxonomy":"product_tag","embeddable":true,"href":"https:\/\/boreait.com\/hr\/wp-json\/wp\/v2\/product_tag?post=21802"}],"curies":[{"name":"wp","href":"https:\/\/api.w.org\/{rel}","templated":true}]}}