{"id":21799,"date":"2025-07-25T11:44:22","date_gmt":"2025-07-25T11:44:22","guid":{"rendered":"https:\/\/boreait.com\/hr\/?post_type=product&#038;p=21799"},"modified":"2026-01-19T07:00:15","modified_gmt":"2026-01-19T07:00:15","slug":"huadd0bldlc020110926-lcd-video-kabel-dijelovi-zaslona-visokih-performansi-za-prijenosna-racunala","status":"publish","type":"product","link":"https:\/\/boreait.com\/hr\/product\/huadd0bldlc020110926-lcd-video-kabel-dijelovi-zaslona-visokih-performansi-za-prijenosna-racunala\/","title":{"rendered":"HUADD0BLDLC020110926 LCD video kabel &#8211; dijelovi zaslona visokih performansi za prijenosna ra\u010dunala"},"content":{"rendered":"<p>Nadogradite ili popravite zaslon prijenosnog ra\u010dunala s na\u0161im visokokvalitetnim HUADD0BLDLC020110926 LCD video kabelom. Ovaj vrhunski kabel neophodan je za prijenos o\u0161trih, jasnih vizualnih podataka s mati\u010dne plo\u010de va\u0161eg prijenosnog ra\u010dunala na zaslon. Posebno je dizajniran da bude kompatibilan sa \u0161irokim rasponom modela prijenosnih ra\u010dunala, osiguravaju\u0107i savr\u0161eno pristajanje i optimalne performanse. Bilo da ste profesionalni tehni\u010dar ili DIY entuzijast, ovaj LCD video kabel neizostavan je dio alata za dijelove va\u0161eg prijenosnog ra\u010dunala. Izra\u0111en od izdr\u017eljivih, fleksibilnih materijala, napravljen je da izdr\u017ei zahtjeve redovite uporabe, a istovremeno pru\u017ea stabilnu, pouzdanu vezu. Ovaj kabel osigurava najbolji rad zaslona va\u0161eg prijenosnog ra\u010dunala, nude\u0107i vam nesmetano vizualno iskustvo. Idealan za one koji \u017eele pobolj\u0161ati mogu\u0107nosti prikaza svog prijenosnog ra\u010dunala ili rije\u0161iti probleme s povezivanjem zaslona, na\u0161 HUADD0BLDLC020110926 LCD video kabel najbolji je izbor za popravke i nadogradnje prijenosnih ra\u010dunala visokih performansi.<\/p>\n<p>Napomena:<\/p>\n<ul>\n<li>Ovaj popis sadr\u017ei prave fotografije LCD video kabela.<\/li>\n<li>Nisu navedene upute za instalaciju. Ako imate bilo kakvih pitanja ili vam je potrebna pomo\u0107, slobodno nam se obratite.<\/li>\n<\/ul>\n","protected":false},"excerpt":{"rendered":"<p>HUADD0BLDLC020110926 LCD video kabel &#8211; optimalne performanse zaslona &amp; Izdr\u017eljivost. Neophodno za popravke prijenosnih ra\u010dunala &amp; Nadogradnje.<\/p>\n","protected":false},"featured_media":21867,"template":"","meta":[],"product_brand":[],"product_cat":[55],"product_tag":[],"class_list":{"0":"post-21799","1":"product","2":"type-product","3":"status-publish","4":"has-post-thumbnail","6":"product_cat-cables","8":"first","9":"instock","10":"taxable","11":"shipping-taxable","12":"purchasable","13":"product-type-simple"},"_links":{"self":[{"href":"https:\/\/boreait.com\/hr\/wp-json\/wp\/v2\/product\/21799","targetHints":{"allow":["GET"]}}],"collection":[{"href":"https:\/\/boreait.com\/hr\/wp-json\/wp\/v2\/product"}],"about":[{"href":"https:\/\/boreait.com\/hr\/wp-json\/wp\/v2\/types\/product"}],"wp:featuredmedia":[{"embeddable":true,"href":"https:\/\/boreait.com\/hr\/wp-json\/wp\/v2\/media\/21867"}],"wp:attachment":[{"href":"https:\/\/boreait.com\/hr\/wp-json\/wp\/v2\/media?parent=21799"}],"wp:term":[{"taxonomy":"product_brand","embeddable":true,"href":"https:\/\/boreait.com\/hr\/wp-json\/wp\/v2\/product_brand?post=21799"},{"taxonomy":"product_cat","embeddable":true,"href":"https:\/\/boreait.com\/hr\/wp-json\/wp\/v2\/product_cat?post=21799"},{"taxonomy":"product_tag","embeddable":true,"href":"https:\/\/boreait.com\/hr\/wp-json\/wp\/v2\/product_tag?post=21799"}],"curies":[{"name":"wp","href":"https:\/\/api.w.org\/{rel}","templated":true}]}}