{"id":21716,"date":"2025-07-25T11:43:13","date_gmt":"2025-07-25T11:43:13","guid":{"rendered":"https:\/\/boreait.com\/hr\/?post_type=product&#038;p=21716"},"modified":"2025-07-25T11:44:12","modified_gmt":"2025-07-25T11:44:12","slug":"lenovo-thinkpad-t430-laptop-base-bottom-case-0b50769","status":"publish","type":"product","link":"https:\/\/boreait.com\/hr\/product\/lenovo-thinkpad-t430-laptop-base-bottom-case-0b50769\/","title":{"rendered":"Lenovo ThinkPad T430 Laptop Base Bottom Case 0B50769"},"content":{"rendered":"<p>Nadogradite bazu va\u0161eg Lenovo ThinkPad T430 donjom bazom ku\u0107i\u0161ta (Broj dijela: 0B50769). Izradio Lenovo, ovaj originalni zamjenski dio osigurava savr\u0161eno pristajanje i robusnu izradu za va\u0161e prijenosno ra\u010dunalo.<\/p>\n<p>Klju\u010dne zna\u010dajke:<\/p>\n<ul>\n<li>Broj dijela: 0B50769<\/li>\n<li>Kompatibilnost: Lenovo ThinkPad T430<\/li>\n<\/ul>\n<p>Pove\u0107ajte izdr\u017eljivost i estetiku svog prijenosnog ra\u010dunala s ovim originalnim osnovnim ku\u0107i\u0161tem Lenovo. Siva boja dodaje da\u0161ak sofisticiranosti va\u0161em ThinkPad T430.<\/p>\n<p>Imajte na umu da ovaj popis uklju\u010duje stvarne fotografije donjeg ku\u0107i\u0161ta baze (Broj dijela: 0B50769) za Lenovo ThinkPad T430. Nema uputa za instalaciju, ali ako imate pitanja ili trebate pomo\u0107, slobodno nam se obratite. Pobolj\u0161ajte izgled svog prijenosnog ra\u010dunala s ovim originalnim Lenovo zamjenskim dijelom.<\/p>\n","protected":false},"excerpt":{"rendered":"<p>Pobolj\u0161ajte izdr\u017eljivost i estetiku va\u0161eg Lenovo ThinkPad T430 s donjom bazom ku\u0107i\u0161ta (Broj dijela: 0B50769). Ova originalna zamjena za Lenovo osigurava dobro pristajanje, pru\u017eaju\u0107i sigurnu osnovu za va\u0161e prijenosno ra\u010dunalo. Unaprijedite cjelokupni izgled i dojam va\u0161eg prijenosnog ra\u010dunala uz ovu originalnu baznu donju kutiju tvrtke Lenovo.<\/p>\n","protected":false},"featured_media":21788,"template":"","meta":[],"product_brand":[],"product_cat":[51],"product_tag":[61],"class_list":{"0":"post-21716","1":"product","2":"type-product","3":"status-publish","4":"has-post-thumbnail","6":"product_cat-laptop-housing","7":"product_tag-lenovo","9":"first","10":"instock","11":"taxable","12":"shipping-taxable","13":"purchasable","14":"product-type-simple"},"_links":{"self":[{"href":"https:\/\/boreait.com\/hr\/wp-json\/wp\/v2\/product\/21716","targetHints":{"allow":["GET"]}}],"collection":[{"href":"https:\/\/boreait.com\/hr\/wp-json\/wp\/v2\/product"}],"about":[{"href":"https:\/\/boreait.com\/hr\/wp-json\/wp\/v2\/types\/product"}],"wp:featuredmedia":[{"embeddable":true,"href":"https:\/\/boreait.com\/hr\/wp-json\/wp\/v2\/media\/21788"}],"wp:attachment":[{"href":"https:\/\/boreait.com\/hr\/wp-json\/wp\/v2\/media?parent=21716"}],"wp:term":[{"taxonomy":"product_brand","embeddable":true,"href":"https:\/\/boreait.com\/hr\/wp-json\/wp\/v2\/product_brand?post=21716"},{"taxonomy":"product_cat","embeddable":true,"href":"https:\/\/boreait.com\/hr\/wp-json\/wp\/v2\/product_cat?post=21716"},{"taxonomy":"product_tag","embeddable":true,"href":"https:\/\/boreait.com\/hr\/wp-json\/wp\/v2\/product_tag?post=21716"}],"curies":[{"name":"wp","href":"https:\/\/api.w.org\/{rel}","templated":true}]}}