{"id":21713,"date":"2025-07-25T11:43:13","date_gmt":"2025-07-25T11:43:13","guid":{"rendered":"https:\/\/boreait.com\/hr\/?post_type=product&#038;p=21713"},"modified":"2026-01-19T06:58:57","modified_gmt":"2026-01-19T06:58:57","slug":"asus-lcd-okvir-13na-1ba0g01-13goa1bx0p04x-2x-za-eee-pc-1005hab-b-ca81ca96","status":"publish","type":"product","link":"https:\/\/boreait.com\/hr\/product\/asus-lcd-okvir-13na-1ba0g01-13goa1bx0p04x-2x-za-eee-pc-1005hab-b-ca81ca96\/","title":{"rendered":"ASUS LCD okvir 13NA-1BA0G01 13GOA1BX0P04X-2X za EEE PC 1005HAB (B) (CA81)(CA96)"},"content":{"rendered":"<p>Transformirajte estetiku svog EEE PC 1005HAB s ASUS LCD okvirom (Broj dijela: 13NA-1BA0G01 13GOA1BX0P04X-2X). Precizno izra\u0111en i dizajniran za kompatibilnost, ovaj okvir idealna je zamjena koja va\u0161em prijenosnom ra\u010dunalu daje obnovljen i ugla\u0111en izgled.<\/p>\n<p>Kompatibilan s EEE PC 1005HAB (B) (CA81)(CA96), ovaj LCD okvir napravljen je da savr\u0161eno pristaje. Ne samo da pru\u017ea sigurno ku\u0107i\u0161te za zaslon, ve\u0107 i dodaje da\u0161ak elegancije va\u0161em prijenosnom ra\u010dunalu. Bez obzira mijenjate li o\u0161te\u0107eni okvir ili jednostavno nadogra\u0111ujete za svje\u017e izgled, ASUS LCD okvir pru\u017ea kvalitetu i stil.<\/p>\n<p>Klju\u010dne zna\u010dajke:<\/p>\n<ul>\n<li>Broj dijela: 13NA-1BA0G01 13GOA1BX0P04X-2X<\/li>\n<li>Kompatibilan s EEE PC 1005HAB (B) (CA81)(CA96)<\/li>\n<li>Precizno in\u017eenjerstvo za savr\u0161eno pristajanje<\/li>\n<li>Pobolj\u0161ava cjelokupni izgled va\u0161eg prijenosnog ra\u010dunala<\/li>\n<\/ul>\n<p>Imajte na umu da su stvarne fotografije proizvoda uklju\u010dene u popis, \u0161to vam omogu\u0107uje da vidite to\u010dno \u0161to \u0107ete dobiti. Nema uputa za instalaciju, ali slobodno se obratite ako imate pitanja ili trebate pomo\u0107. Pobolj\u0161ajte izgled svog EEE PC 1005HAB s ASUS LCD okvirom i u\u017eivajte u prijenosnom ra\u010dunalu koje je i funkcionalno i elegantno.<\/p>\n","protected":false},"excerpt":{"rendered":"<p>Pobolj\u0161ajte vizualnu privla\u010dnost svog EEE PC 1005HAB s ASUS LCD okvirom 13NA-1BA0G01 13GOA1BX0P04X-2X. Izra\u0111en za preciznost i kompatibilnost, ovaj okvir je savr\u0161ena zamjena za va\u0161e prijenosno ra\u010dunalo, osiguravaju\u0107i elegantan i ugla\u0111en izgled. Dizajniran za EEE PC 1005HAB (B) (CA81)(CA96), ovaj okvir napravljen je da besprijekorno pristaje, daju\u0107i va\u0161em prijenosnom ra\u010dunalu svje\u017e i moderan izgled.<\/p>\n","protected":false},"featured_media":21782,"template":"","meta":[],"product_brand":[],"product_cat":[51],"product_tag":[65],"class_list":{"0":"post-21713","1":"product","2":"type-product","3":"status-publish","4":"has-post-thumbnail","6":"product_cat-laptop-housing","7":"product_tag-asus","9":"first","10":"instock","11":"taxable","12":"shipping-taxable","13":"purchasable","14":"product-type-simple"},"_links":{"self":[{"href":"https:\/\/boreait.com\/hr\/wp-json\/wp\/v2\/product\/21713","targetHints":{"allow":["GET"]}}],"collection":[{"href":"https:\/\/boreait.com\/hr\/wp-json\/wp\/v2\/product"}],"about":[{"href":"https:\/\/boreait.com\/hr\/wp-json\/wp\/v2\/types\/product"}],"wp:featuredmedia":[{"embeddable":true,"href":"https:\/\/boreait.com\/hr\/wp-json\/wp\/v2\/media\/21782"}],"wp:attachment":[{"href":"https:\/\/boreait.com\/hr\/wp-json\/wp\/v2\/media?parent=21713"}],"wp:term":[{"taxonomy":"product_brand","embeddable":true,"href":"https:\/\/boreait.com\/hr\/wp-json\/wp\/v2\/product_brand?post=21713"},{"taxonomy":"product_cat","embeddable":true,"href":"https:\/\/boreait.com\/hr\/wp-json\/wp\/v2\/product_cat?post=21713"},{"taxonomy":"product_tag","embeddable":true,"href":"https:\/\/boreait.com\/hr\/wp-json\/wp\/v2\/product_tag?post=21713"}],"curies":[{"name":"wp","href":"https:\/\/api.w.org\/{rel}","templated":true}]}}