{"id":21711,"date":"2025-07-25T11:43:13","date_gmt":"2025-07-25T11:43:13","guid":{"rendered":"https:\/\/boreait.com\/hr\/?post_type=product&#038;p=21711"},"modified":"2025-07-25T11:43:55","modified_gmt":"2025-07-25T11:43:55","slug":"originalno-kuciste-hp-elitebook-8570p-matte-black-base-641182-001","status":"publish","type":"product","link":"https:\/\/boreait.com\/hr\/product\/originalno-kuciste-hp-elitebook-8570p-matte-black-base-641182-001\/","title":{"rendered":"Originalno ku\u0107i\u0161te HP EliteBook 8570P Matte Black Base 641182-001"},"content":{"rendered":"<p>Nadogradite estetiku i izdr\u017eljivost svog HP EliteBook 8570P s originalnim ku\u0107i\u0161tem HP EliteBook 8570P Matte Black Base\u00a0 641182-001. Ovo autenti\u010dno ku\u0107i\u0161te izra\u0111eno je prema strogim standardima, pru\u017eaju\u0107i ne samo vizualno pobolj\u0161anje, ve\u0107 i ja\u010danje strukturalnog integriteta va\u0161eg prijenosnog ra\u010dunala.<\/p>\n<p>Klju\u010dne zna\u010dajke:<\/p>\n<ul>\n<li>Originalno ku\u0107i\u0161te HP EliteBook 8570P Matte Black Base<\/li>\n<li>Broj dijela: 641182-001<\/li>\n<\/ul>\n<p>Ovo mat crno ku\u0107i\u0161te ne samo da dodaje da\u0161ak sofisticiranosti va\u0161em prijenosnom ra\u010dunalu, ve\u0107 ga i \u0161titi od svakodnevnog habanja.<\/p>\n<p>Imajte na umu da ovaj popis sadr\u017ei stvarne fotografije originalnog HP EliteBook 8570P Matte Black Base Chassis\u00a0 641182-001. Nema uputa za instalaciju, ali ako imate bilo kakvih pitanja ili trebate pomo\u0107, slobodno nam po\u0161aljite poruku.<\/p>\n<p>Pobolj\u0161ajte izgled i izdr\u017eljivost svog HP EliteBook 8570P s ovim originalnim Matte Black Base Chassis. Nadogradite pouzdano uz jamstvo Genuine HP kvalitete.<\/p>\n","protected":false},"excerpt":{"rendered":"<p>Pobolj\u0161ajte izdr\u017eljivost i stil svog HP EliteBook 8570P s ovim originalnim ku\u0107i\u0161tem Matte Black Base. Izra\u0111en s precizno\u0161\u0107u, osigurava elegantan i profesionalan izgled va\u0161eg prijenosnog ra\u010dunala. Originalna HP kvaliteta za pouzdanu nadogradnju.<\/p>\n","protected":false},"featured_media":21769,"template":"","meta":[],"product_brand":[],"product_cat":[51],"product_tag":[60],"class_list":{"0":"post-21711","1":"product","2":"type-product","3":"status-publish","4":"has-post-thumbnail","6":"product_cat-laptop-housing","7":"product_tag-hp","9":"first","10":"instock","11":"taxable","12":"shipping-taxable","13":"purchasable","14":"product-type-simple"},"_links":{"self":[{"href":"https:\/\/boreait.com\/hr\/wp-json\/wp\/v2\/product\/21711","targetHints":{"allow":["GET"]}}],"collection":[{"href":"https:\/\/boreait.com\/hr\/wp-json\/wp\/v2\/product"}],"about":[{"href":"https:\/\/boreait.com\/hr\/wp-json\/wp\/v2\/types\/product"}],"wp:featuredmedia":[{"embeddable":true,"href":"https:\/\/boreait.com\/hr\/wp-json\/wp\/v2\/media\/21769"}],"wp:attachment":[{"href":"https:\/\/boreait.com\/hr\/wp-json\/wp\/v2\/media?parent=21711"}],"wp:term":[{"taxonomy":"product_brand","embeddable":true,"href":"https:\/\/boreait.com\/hr\/wp-json\/wp\/v2\/product_brand?post=21711"},{"taxonomy":"product_cat","embeddable":true,"href":"https:\/\/boreait.com\/hr\/wp-json\/wp\/v2\/product_cat?post=21711"},{"taxonomy":"product_tag","embeddable":true,"href":"https:\/\/boreait.com\/hr\/wp-json\/wp\/v2\/product_tag?post=21711"}],"curies":[{"name":"wp","href":"https:\/\/api.w.org\/{rel}","templated":true}]}}