{"id":21708,"date":"2025-07-25T11:43:12","date_gmt":"2025-07-25T11:43:12","guid":{"rendered":"https:\/\/boreait.com\/hr\/?post_type=product&#038;p=21708"},"modified":"2025-07-25T11:43:47","modified_gmt":"2025-07-25T11:43:47","slug":"oem-dell-latitude-e7470-lcd-zaslon-s-okvirom-bez-dodira-bez-web-kamere-wmic-9dpt7","status":"publish","type":"product","link":"https:\/\/boreait.com\/hr\/product\/oem-dell-latitude-e7470-lcd-zaslon-s-okvirom-bez-dodira-bez-web-kamere-wmic-9dpt7\/","title":{"rendered":"OEM Dell Latitude E7470 LCD zaslon s okvirom bez dodira bez web kamere wMic 9DPT7"},"content":{"rendered":"<p>Pove\u0107ajte vizualnu privla\u010dnost svog Dell Latitude E7470 s okvirom OEM LCD zaslona. Ovaj okvir posebno je dizajniran za modele bez dodira i ne uklju\u010duje web kameru, pru\u017eaju\u0107i pojednostavljen i sofisticiran izgled.<\/p>\n<p>Klju\u010dne zna\u010dajke:<\/p>\n<ul>\n<li>Kompatibilnost: Dell Latitude E7470<\/li>\n<li>Dizajn: bez dodira, bez web kamere, s mikrofonom (s mikrofonom)<\/li>\n<li>OEM kvaliteta: Izra\u0111en za preciznost i izdr\u017eljivost<\/li>\n<li>Broj modela: 9DPT7<\/li>\n<\/ul>\n<p>Nadogradite estetiku svog prijenosnog ra\u010dunala bez \u017ertvovanja funkcionalnosti. OEM Dell Latitude E7470 okvir LCD zaslona neprimjetno se integrira s va\u0161im ure\u0111ajem, daju\u0107i mu \u010dist i profesionalan izgled.<\/p>\n<p>Imajte na umu da su stvarne fotografije proizvoda, uklju\u010duju\u0107i njegove precizne detalje, uklju\u010dene u ovaj popis. Nema uputa za instalaciju, ali ako imate bilo kakvih pitanja ili vam je potrebna pomo\u0107, slobodno nam se obratite. Dajte svom Dell Latitude E7470 svje\u017e, ugla\u0111en izgled s ovim okvirom OEM LCD zaslona. Do\u017eivite kvalitetu i stil u jednoj nadogradnji.<\/p>\n","protected":false},"excerpt":{"rendered":"<p>Unaprijedite svoj Dell Latitude E7470 OEM okvirom za LCD zaslon. Ovaj okvir bez dodira ima \u010dist dizajn bez web-kamere i uklju\u010duje mikrofon (s mikrofonom). Izra\u0111en za preciznost, neprimjetno se integrira s va\u0161im prijenosnim ra\u010dunalom, daju\u0107i mu elegantan i profesionalan izgled. Nadogradite estetiku svog E7470 bez kompromisa u kvaliteti.<\/p>\n","protected":false},"featured_media":21763,"template":"","meta":[],"product_brand":[],"product_cat":[51],"product_tag":[52],"class_list":{"0":"post-21708","1":"product","2":"type-product","3":"status-publish","4":"has-post-thumbnail","6":"product_cat-laptop-housing","7":"product_tag-dell","9":"first","10":"instock","11":"taxable","12":"shipping-taxable","13":"purchasable","14":"product-type-simple"},"_links":{"self":[{"href":"https:\/\/boreait.com\/hr\/wp-json\/wp\/v2\/product\/21708","targetHints":{"allow":["GET"]}}],"collection":[{"href":"https:\/\/boreait.com\/hr\/wp-json\/wp\/v2\/product"}],"about":[{"href":"https:\/\/boreait.com\/hr\/wp-json\/wp\/v2\/types\/product"}],"wp:featuredmedia":[{"embeddable":true,"href":"https:\/\/boreait.com\/hr\/wp-json\/wp\/v2\/media\/21763"}],"wp:attachment":[{"href":"https:\/\/boreait.com\/hr\/wp-json\/wp\/v2\/media?parent=21708"}],"wp:term":[{"taxonomy":"product_brand","embeddable":true,"href":"https:\/\/boreait.com\/hr\/wp-json\/wp\/v2\/product_brand?post=21708"},{"taxonomy":"product_cat","embeddable":true,"href":"https:\/\/boreait.com\/hr\/wp-json\/wp\/v2\/product_cat?post=21708"},{"taxonomy":"product_tag","embeddable":true,"href":"https:\/\/boreait.com\/hr\/wp-json\/wp\/v2\/product_tag?post=21708"}],"curies":[{"name":"wp","href":"https:\/\/api.w.org\/{rel}","templated":true}]}}