{"id":21605,"date":"2025-07-25T11:41:42","date_gmt":"2025-07-25T11:41:42","guid":{"rendered":"https:\/\/boreait.com\/hr\/?post_type=product&#038;p=21605"},"modified":"2025-07-25T11:42:29","modified_gmt":"2025-07-25T11:42:29","slug":"lenovo-thinkpad-tip-20s0-20s1-ploca-s-otiskom-prsta-razred-a-5f30v25898","status":"publish","type":"product","link":"https:\/\/boreait.com\/hr\/product\/lenovo-thinkpad-tip-20s0-20s1-ploca-s-otiskom-prsta-razred-a-5f30v25898\/","title":{"rendered":"LENOVO ThinkPad Tip 20S0-20S1 Plo\u010da s otiskom prsta Razred A 5F30V25898"},"content":{"rendered":"<p>Pove\u0107ajte sigurnost svog prijenosnog ra\u010dunala LENOVO ThinkPad Type 20S0-20S1 s plo\u010dom za otiske prstiju razreda A (Broj dijela: 5F30V25898). Ovaj originalni LENOVO dodatak dizajniran je za to\u010dno i pouzdano prepoznavanje otiska prsta, dodaju\u0107i dodatni sloj za\u0161tite va\u0161em prijenosnom ra\u010dunalu.<\/p>\n<p>Klju\u010dne zna\u010dajke:<\/p>\n<ul>\n<li>Broj dijela: 5F30V25898<\/li>\n<li>Kompatibilnost: LENOVO ThinkPad tip 20S0-20S1<\/li>\n<li>Stanje: stupanj A<\/li>\n<li>Originalni LENOVO dodatak<\/li>\n<\/ul>\n<p>Nadogradite sigurnost svog prijenosnog ra\u010dunala bez napora integracijom ove plo\u010de s otiskom prsta razreda A. Ovaj je dodatak savr\u0161ena zamjena za va\u0161u postoje\u0107u plo\u010du s otiskom prsta ili idealan dodatak ako va\u0161em prijenosnom ra\u010dunalu trenutno nedostaje ova zna\u010dajka.<\/p>\n<p>Imajte na umu da ovaj popis uklju\u010duje prave fotografije plo\u010de s otiskom prsta razreda A (Broj dijela: 5F30V25898) i da nema uputa za instalaciju. Ako imate pitanja ili trebate dodatnu pomo\u0107, slobodno nam se obratite. Poja\u010dajte sigurnost svog LENOVO ThinkPada s ovim originalnim LENOVO dodatkom, pru\u017eaju\u0107i vam pogodnost pouzdanog prepoznavanja otiska prsta.<\/p>\n","protected":false},"excerpt":{"rendered":"<p>Pobolj\u0161ajte sigurnost svog prijenosnog ra\u010dunala LENOVO ThinkPad tipa 20S0-20S1 s plo\u010dom za otiske prstiju razreda A (Broj dijela: 5F30V25898). Ovaj originalni LENOVO dodatak osigurava to\u010dno i pouzdano prepoznavanje otiska prsta za dodatni sloj za\u0161tite. Nadogradite sigurnosne zna\u010dajke prijenosnog ra\u010dunala bez napora s ovom plo\u010dom s otiskom prsta razreda A.<\/p>\n","protected":false},"featured_media":21665,"template":"","meta":[],"product_brand":[],"product_cat":[62],"product_tag":[61],"class_list":{"0":"post-21605","1":"product","2":"type-product","3":"status-publish","4":"has-post-thumbnail","6":"product_cat-motherboards-board-parts","7":"product_tag-lenovo","9":"first","10":"instock","11":"taxable","12":"shipping-taxable","13":"purchasable","14":"product-type-simple"},"_links":{"self":[{"href":"https:\/\/boreait.com\/hr\/wp-json\/wp\/v2\/product\/21605","targetHints":{"allow":["GET"]}}],"collection":[{"href":"https:\/\/boreait.com\/hr\/wp-json\/wp\/v2\/product"}],"about":[{"href":"https:\/\/boreait.com\/hr\/wp-json\/wp\/v2\/types\/product"}],"wp:featuredmedia":[{"embeddable":true,"href":"https:\/\/boreait.com\/hr\/wp-json\/wp\/v2\/media\/21665"}],"wp:attachment":[{"href":"https:\/\/boreait.com\/hr\/wp-json\/wp\/v2\/media?parent=21605"}],"wp:term":[{"taxonomy":"product_brand","embeddable":true,"href":"https:\/\/boreait.com\/hr\/wp-json\/wp\/v2\/product_brand?post=21605"},{"taxonomy":"product_cat","embeddable":true,"href":"https:\/\/boreait.com\/hr\/wp-json\/wp\/v2\/product_cat?post=21605"},{"taxonomy":"product_tag","embeddable":true,"href":"https:\/\/boreait.com\/hr\/wp-json\/wp\/v2\/product_tag?post=21605"}],"curies":[{"name":"wp","href":"https:\/\/api.w.org\/{rel}","templated":true}]}}