{"id":21601,"date":"2025-07-25T11:41:42","date_gmt":"2025-07-25T11:41:42","guid":{"rendered":"https:\/\/boreait.com\/hr\/?post_type=product&#038;p=21601"},"modified":"2025-07-25T11:42:19","modified_gmt":"2025-07-25T11:42:19","slug":"bukl-2-x-seagate-z5k500-500-500-gb-2-5-sata-hdd-st9500423as-7-2k-rpm","status":"publish","type":"product","link":"https:\/\/boreait.com\/hr\/product\/bukl-2-x-seagate-z5k500-500-500-gb-2-5-sata-hdd-st9500423as-7-2k-rpm\/","title":{"rendered":"BUKL 2 X Seagate Z5K500-500 500 GB 2.5&#8243; SATA HDD ST9500423AS &#8211; 7.2K RPM"},"content":{"rendered":"<p>Nadogradite pohranu svog prijenosnog ra\u010dunala sa Seagate Seagate Z5K500-500 500GB 2.5&#8243; SATA tvrdim diskom (ST9500423AS). Ovaj HDD visokih performansi dizajniran je da zadovolji va\u0161e potrebe za pohranom, pru\u017eaju\u0107i znatnih 500GB prostora za va\u0161e datoteke, aplikacije i podatke.<\/p>\n<p>Klju\u010dne zna\u010dajke:<\/p>\n<ul>\n<li>Kapacitet pohrane: 500 GB<\/li>\n<li>Faktor oblika: 2,5-in\u010dni SATA<\/li>\n<li>Brzina vrtnje: 7200 okretaja u minuti<\/li>\n<li>Brzina prijenosa podataka: 3 Gbps<\/li>\n<li>Testirano s Hard Disk Sentinel<\/li>\n<li>2 diska u paketu, kao \u0161to je prikazano na fotografiji u popisu<\/li>\n<\/ul>\n<p>Seagate Seagate Z5K500-500 projektiran je za pouzdanost i brzinu, radi na brzih 7200 okretaja u minuti i nudi brzinu prijenosa podataka od 3 Gbps. Bilo da pohranjujete dokumente, multimediju ili aplikacije, ovaj HDD osigurava brz pristup i pouzdan rad.<\/p>\n<p>Idealan za nadogradnju va\u0161eg postoje\u0107eg prijenosnog ra\u010dunala ili kao dio nove verzije, (HP 634925-001) Seagate 9RT143-020 500 GB SATA HDD je pouzdan izbor. Imajte na umu da ovaj popis uklju\u010duje autenti\u010dne fotografije stvarnog proizvoda i da nema uputa za instalaciju. Ukoliko imate bilo kakvih upita ili trebate pomo\u0107, slobodno nas kontaktirajte.<\/p>\n<p>&nbsp;<\/p>\n","protected":false},"excerpt":{"rendered":"<p>Pove\u0107ajte kapacitet pohrane svog prijenosnog ra\u010dunala s\u00a0 Seagate Z5K500-500 500 GB 2,5&#8243; SATA tvrdim diskom (ST9500423AS). Rade\u0107i na 7200 okretaja u minuti i nude\u0107i brzu brzinu prijenosa podataka od 3 Gbps, ovaj pouzdani HDD pru\u017ea dovoljno prostora za va\u0161e datoteke, aplikacije i vi\u0161e. Vjerujte u pouzdanost Seagatea za besprijekornu nadogradnju pohrane.<\/p>\n","protected":false},"featured_media":21647,"template":"","meta":[],"product_brand":[],"product_cat":[84,66],"product_tag":[],"class_list":{"0":"post-21601","1":"product","2":"type-product","3":"status-publish","4":"has-post-thumbnail","6":"product_cat-2-5-hdd","7":"product_cat-ssd-hdd-drives","9":"first","10":"instock","11":"taxable","12":"shipping-taxable","13":"purchasable","14":"product-type-simple"},"_links":{"self":[{"href":"https:\/\/boreait.com\/hr\/wp-json\/wp\/v2\/product\/21601","targetHints":{"allow":["GET"]}}],"collection":[{"href":"https:\/\/boreait.com\/hr\/wp-json\/wp\/v2\/product"}],"about":[{"href":"https:\/\/boreait.com\/hr\/wp-json\/wp\/v2\/types\/product"}],"wp:featuredmedia":[{"embeddable":true,"href":"https:\/\/boreait.com\/hr\/wp-json\/wp\/v2\/media\/21647"}],"wp:attachment":[{"href":"https:\/\/boreait.com\/hr\/wp-json\/wp\/v2\/media?parent=21601"}],"wp:term":[{"taxonomy":"product_brand","embeddable":true,"href":"https:\/\/boreait.com\/hr\/wp-json\/wp\/v2\/product_brand?post=21601"},{"taxonomy":"product_cat","embeddable":true,"href":"https:\/\/boreait.com\/hr\/wp-json\/wp\/v2\/product_cat?post=21601"},{"taxonomy":"product_tag","embeddable":true,"href":"https:\/\/boreait.com\/hr\/wp-json\/wp\/v2\/product_tag?post=21601"}],"curies":[{"name":"wp","href":"https:\/\/api.w.org\/{rel}","templated":true}]}}