{"id":21579,"date":"2025-07-25T11:41:19","date_gmt":"2025-07-25T11:41:19","guid":{"rendered":"https:\/\/boreait.com\/hr\/?post_type=product&#038;p=21579"},"modified":"2026-03-17T13:20:11","modified_gmt":"2026-03-17T13:20:11","slug":"hgst-750gb-2-5-sata-hdd-7k1000-750-7200rpm-6-0gbs-tvrdi-disk-za-prijenosno-racunalo","status":"publish","type":"product","link":"https:\/\/boreait.com\/hr\/product\/hgst-750gb-2-5-sata-hdd-7k1000-750-7200rpm-6-0gbs-tvrdi-disk-za-prijenosno-racunalo\/","title":{"rendered":"HGST 750GB 2.5 SATA HDD 7K1000-750 &#8211; 7200RPM &#8211; 6.0Gbs tvrdi disk za prijenosno ra\u010dunalo"},"content":{"rendered":"<p>Nadogradite pohranu svog prijenosnog ra\u010dunala s HGST 750GB 2,5&#8243; SATA HDD 7K1000-750. Ovaj tvrdi disk velikog kapaciteta dizajniran je da zadovolji zahtjeve dana\u0161njih aplikacija s velikim brojem podataka.<\/p>\n<p>Klju\u010dne zna\u010dajke:<\/p>\n<ul>\n<li>Kapacitet pohrane: 750 GB<\/li>\n<li>Faktor oblika: 2,5-in\u010dni SATA<\/li>\n<li>Brzina rotacije: 7200 RPM<\/li>\n<li>Brzina prijenosa podataka: 6,0 Gb\/s<\/li>\n<li>Testirano s Hard Disk Sentinel<\/li>\n<\/ul>\n<p>Brzina rotacije od 7200 RPM osigurava brz pristup podacima, \u0161to ga \u010dini idealnim za zadatke koji zahtijevaju brzu pohranu. Bilo da pohranjujete velike medijske datoteke, pokre\u0107ete aplikacije ili vam jednostavno treba dodatni prostor za va\u0161e dokumente, ovaj HGST HDD \u0107e to u\u010diniti.<\/p>\n<p>Ovaj je tvrdi disk kompatibilan s razli\u010ditim modelima prijenosnih ra\u010dunala, nude\u0107i besprijekoran put nadogradnje za korisnike koji \u017eele pove\u0107ati svoju pohranu bez kompromisa u pogledu performansi.<\/p>\n<p>Imajte na umu da popis uklju\u010duje prave fotografije HGST 750GB 2,5&#8243; SATA HDD 7K1000-750. Nisu dane nikakve upute za instalaciju; me\u0111utim, ako imate bilo kakvih pitanja ili vam je potrebna pomo\u0107, slobodno se obratite. Pove\u0107ajte mogu\u0107nosti pohrane svog prijenosnog ra\u010dunala uz pouzdanost HGST-a.<\/p>\n","protected":false},"excerpt":{"rendered":"<p>Pove\u0107ajte kapacitet pohrane svog prijenosnog ra\u010dunala s HGST 750GB 2,5&#8243; SATA HDD 7K1000-750. Ovaj tvrdi disk visokih performansi od 7200RPM nudi pouzdano rje\u0161enje za va\u0161e potrebe pohrane. S velikom brzinom prijenosa podataka od 6,0 Gb\/s, pru\u017ea brz pristup va\u0161im datotekama i aplikacijama. Nadogradite pohranu svog prijenosnog ra\u010dunala i u\u017eivajte u besprijekornim performansama s ovim HGST HDD-om.<\/p>\n","protected":false},"featured_media":21623,"template":"","meta":[],"product_brand":[],"product_cat":[84,66],"product_tag":[],"class_list":{"0":"post-21579","1":"product","2":"type-product","3":"status-publish","4":"has-post-thumbnail","6":"product_cat-2-5-hdd","7":"product_cat-ssd-hdd-drives","9":"first","10":"instock","11":"taxable","12":"shipping-taxable","13":"purchasable","14":"product-type-simple"},"_links":{"self":[{"href":"https:\/\/boreait.com\/hr\/wp-json\/wp\/v2\/product\/21579","targetHints":{"allow":["GET"]}}],"collection":[{"href":"https:\/\/boreait.com\/hr\/wp-json\/wp\/v2\/product"}],"about":[{"href":"https:\/\/boreait.com\/hr\/wp-json\/wp\/v2\/types\/product"}],"wp:featuredmedia":[{"embeddable":true,"href":"https:\/\/boreait.com\/hr\/wp-json\/wp\/v2\/media\/21623"}],"wp:attachment":[{"href":"https:\/\/boreait.com\/hr\/wp-json\/wp\/v2\/media?parent=21579"}],"wp:term":[{"taxonomy":"product_brand","embeddable":true,"href":"https:\/\/boreait.com\/hr\/wp-json\/wp\/v2\/product_brand?post=21579"},{"taxonomy":"product_cat","embeddable":true,"href":"https:\/\/boreait.com\/hr\/wp-json\/wp\/v2\/product_cat?post=21579"},{"taxonomy":"product_tag","embeddable":true,"href":"https:\/\/boreait.com\/hr\/wp-json\/wp\/v2\/product_tag?post=21579"}],"curies":[{"name":"wp","href":"https:\/\/api.w.org\/{rel}","templated":true}]}}