{"id":21559,"date":"2025-07-25T11:40:56","date_gmt":"2025-07-25T11:40:56","guid":{"rendered":"https:\/\/boreait.com\/hr\/?post_type=product&#038;p=21559"},"modified":"2025-07-25T11:41:49","modified_gmt":"2025-07-25T11:41:49","slug":"dell-latitude-5289-p29s-qcnfa344a-bezicna-wifi-wi-fi-kartica-originalni-dell-dio","status":"publish","type":"product","link":"https:\/\/boreait.com\/hr\/product\/dell-latitude-5289-p29s-qcnfa344a-bezicna-wifi-wi-fi-kartica-originalni-dell-dio\/","title":{"rendered":"Dell Latitude 5289 (P29S) QCNFA344A be\u017ei\u010dna WIFI Wi-Fi kartica &#8211; originalni Dell dio!"},"content":{"rendered":"<p>Pobolj\u0161ajte be\u017ei\u010dnu povezanost va\u0161eg Dell Latitude 5289 (P29S) s QCNFA344A be\u017ei\u010dnom WIFI Wi-Fi karticom. Ovaj originalni Dell dio dizajniran je za pru\u017eanje pouzdanog i brzog be\u017ei\u010dnog iskustva, osiguravaju\u0107i da ostanete povezani gdje god idete.<\/p>\n<p>Klju\u010dne zna\u010dajke:<\/p>\n<ul>\n<li>Kompatibilni model: Dell Latitude 5289 (P29S)<\/li>\n<li>Model be\u017ei\u010dne kartice: QCNFA344A<\/li>\n<li>Originalni Dell dio<\/li>\n<\/ul>\n<p>Iskusite prednosti nadogra\u0111enih be\u017ei\u010dnih mogu\u0107nosti s ovom autenti\u010dnom Dell Wi-Fi karticom. U\u017eivajte u br\u017eim brzinama interneta, pobolj\u0161anoj pouzdanosti i pro\u0161irenoj pokrivenosti, bilo da radite, strujite ili pregledavate.<\/p>\n<p>Imajte na umu da ovaj popis uklju\u010duje prave fotografije Dell Latitude 5289 (P29S) QCNFA344A be\u017ei\u010dne WIFI Wi-Fi kartice. Nema uputa za instalaciju, ali ako imate pitanja ili trebate pomo\u0107, slobodno nam se obratite.<\/p>\n<p>Nadogradite svoj Dell Latitude 5289 (P29S) s originalnom Dell QCNFA344A Wi-Fi karticom i u\u017eivajte u besprijekornom be\u017ei\u010dnom iskustvu na svom prijenosnom ra\u010dunalu. Ostanite povezani s povjerenjem!<\/p>\n","protected":false},"excerpt":{"rendered":"<p>Pobolj\u0161ajte svoj Dell Latitude 5289 (P29S) s QCNFA344A be\u017ei\u010dnom WIFI Wi-Fi karticom. Ovaj originalni Dell dio osigurava pouzdanu i brzu be\u017ei\u010dnu vezu za va\u0161e prijenosno ra\u010dunalo. Nadogradite be\u017ei\u010dne mogu\u0107nosti svog prijenosnog ra\u010dunala ovom originalnom Dell Wi-Fi karticom za besprijekorno online iskustvo.<\/p>\n","protected":false},"featured_media":21614,"template":"","meta":[],"product_brand":[],"product_cat":[62],"product_tag":[52],"class_list":{"0":"post-21559","1":"product","2":"type-product","3":"status-publish","4":"has-post-thumbnail","6":"product_cat-motherboards-board-parts","7":"product_tag-dell","9":"first","10":"instock","11":"taxable","12":"shipping-taxable","13":"purchasable","14":"product-type-simple"},"_links":{"self":[{"href":"https:\/\/boreait.com\/hr\/wp-json\/wp\/v2\/product\/21559","targetHints":{"allow":["GET"]}}],"collection":[{"href":"https:\/\/boreait.com\/hr\/wp-json\/wp\/v2\/product"}],"about":[{"href":"https:\/\/boreait.com\/hr\/wp-json\/wp\/v2\/types\/product"}],"wp:featuredmedia":[{"embeddable":true,"href":"https:\/\/boreait.com\/hr\/wp-json\/wp\/v2\/media\/21614"}],"wp:attachment":[{"href":"https:\/\/boreait.com\/hr\/wp-json\/wp\/v2\/media?parent=21559"}],"wp:term":[{"taxonomy":"product_brand","embeddable":true,"href":"https:\/\/boreait.com\/hr\/wp-json\/wp\/v2\/product_brand?post=21559"},{"taxonomy":"product_cat","embeddable":true,"href":"https:\/\/boreait.com\/hr\/wp-json\/wp\/v2\/product_cat?post=21559"},{"taxonomy":"product_tag","embeddable":true,"href":"https:\/\/boreait.com\/hr\/wp-json\/wp\/v2\/product_tag?post=21559"}],"curies":[{"name":"wp","href":"https:\/\/api.w.org\/{rel}","templated":true}]}}