{"id":21556,"date":"2025-07-25T11:40:56","date_gmt":"2025-07-25T11:40:56","guid":{"rendered":"https:\/\/boreait.com\/hr\/?post_type=product&#038;p=21556"},"modified":"2026-01-12T09:27:46","modified_gmt":"2026-01-12T09:27:46","slug":"intel-ultimate-n-6300-633anhmw-wifi-bezicna-kartica-za-thinkpad-fru-60y3233","status":"publish","type":"product","link":"https:\/\/boreait.com\/hr\/product\/intel-ultimate-n-6300-633anhmw-wifi-bezicna-kartica-za-thinkpad-fru-60y3233\/","title":{"rendered":"Intel Ultimate N 6300 633ANHMW WIFI be\u017ei\u010dna kartica za Thinkpad FRU 60Y3233"},"content":{"rendered":"<p>Nadogradite be\u017ei\u010dnu povezanost va\u0161eg Thinkpada s Intel Ultimate N 6300 633ANHMW WIFI be\u017ei\u010dnom karticom. Ova kartica, kompatibilna s Thinkpad modelima koji imaju FRU 60Y3233, osigurava vrhunsko iskustvo be\u017ei\u010dnog umre\u017eavanja.<\/p>\n<p>Klju\u010dne zna\u010dajke:<\/p>\n<ul>\n<li>Model: Intel Ultimate N 6300<\/li>\n<li>FRU: 60Y3233<\/li>\n<li>Pobolj\u0161ava be\u017ei\u010dnu izvedbu za prijenosna ra\u010dunala Thinkpad<\/li>\n<li>Pouzdana i brza be\u017ei\u010dna internetska veza<\/li>\n<\/ul>\n<p>Bilo da mijenjate neispravnu be\u017ei\u010dnu karticu ili nadogra\u0111ujete kako biste u\u017eivali u br\u017eim internetskim brzinama, Intel Ultimate N 6300 je pouzdan izbor. Uz njegove napredne zna\u010dajke, mo\u017eete o\u010dekivati besprijekorno online iskustvo, bilo da strujite, igrate ili radite.<\/p>\n<p>Imajte na umu da ovaj popis uklju\u010duje prave fotografije Intel Ultimate N 6300 633ANHMW WIFI be\u017ei\u010dne kartice za Thinkpad FRU 60Y3233. Nema uputa za instalaciju, ali slobodno nam se obratite ako imate pitanja ili trebate pomo\u0107. Pove\u0107ajte be\u017ei\u010dne mogu\u0107nosti va\u0161eg Thinkpada s ovom Intel WIFI karticom visokih performansi.<\/p>\n","protected":false},"excerpt":{"rendered":"<p>Pobolj\u0161ajte povezivost svog prijenosnog ra\u010dunala s Intel Ultimate N 6300 633ANHMW WIFI be\u017ei\u010dnom karticom. Posebno dizajnirana za Thinkpad modele s FRU 60Y3233, ova be\u017ei\u010dna kartica pru\u017ea be\u017ei\u010dno umre\u017eavanje visokih performansi. Nadogradite be\u017ei\u010dne mogu\u0107nosti svog prijenosnog ra\u010dunala za besprijekorno povezivanje i brz, pouzdan pristup internetu.<\/p>\n","protected":false},"featured_media":21610,"template":"","meta":[],"product_brand":[],"product_cat":[62],"product_tag":[61],"class_list":{"0":"post-21556","1":"product","2":"type-product","3":"status-publish","4":"has-post-thumbnail","6":"product_cat-motherboards-board-parts","7":"product_tag-lenovo","9":"first","10":"instock","11":"taxable","12":"shipping-taxable","13":"purchasable","14":"product-type-simple"},"_links":{"self":[{"href":"https:\/\/boreait.com\/hr\/wp-json\/wp\/v2\/product\/21556","targetHints":{"allow":["GET"]}}],"collection":[{"href":"https:\/\/boreait.com\/hr\/wp-json\/wp\/v2\/product"}],"about":[{"href":"https:\/\/boreait.com\/hr\/wp-json\/wp\/v2\/types\/product"}],"wp:featuredmedia":[{"embeddable":true,"href":"https:\/\/boreait.com\/hr\/wp-json\/wp\/v2\/media\/21610"}],"wp:attachment":[{"href":"https:\/\/boreait.com\/hr\/wp-json\/wp\/v2\/media?parent=21556"}],"wp:term":[{"taxonomy":"product_brand","embeddable":true,"href":"https:\/\/boreait.com\/hr\/wp-json\/wp\/v2\/product_brand?post=21556"},{"taxonomy":"product_cat","embeddable":true,"href":"https:\/\/boreait.com\/hr\/wp-json\/wp\/v2\/product_cat?post=21556"},{"taxonomy":"product_tag","embeddable":true,"href":"https:\/\/boreait.com\/hr\/wp-json\/wp\/v2\/product_tag?post=21556"}],"curies":[{"name":"wp","href":"https:\/\/api.w.org\/{rel}","templated":true}]}}