{"id":21542,"date":"2025-07-25T11:40:35","date_gmt":"2025-07-25T11:40:35","guid":{"rendered":"https:\/\/boreait.com\/hr\/?post_type=product&#038;p=21542"},"modified":"2026-01-19T05:43:42","modified_gmt":"2026-01-19T05:43:42","slug":"1-gb-ram-a-za-prijenosno-racunalo-samsung-m470t2864qz3-cf7-ddr2-pc2-6400-800mhz-sodimm-memorijski-modul","status":"publish","type":"product","link":"https:\/\/boreait.com\/hr\/product\/1-gb-ram-a-za-prijenosno-racunalo-samsung-m470t2864qz3-cf7-ddr2-pc2-6400-800mhz-sodimm-memorijski-modul\/","title":{"rendered":"1 GB RAM-a za prijenosno ra\u010dunalo &#8211; Samsung M470T2864QZ3-CF7 DDR2 PC2-6400 800MHz SODIMM memorijski modul"},"content":{"rendered":"<p>Nadogradite memoriju svog prijenosnog ra\u010dunala sa Samsung M470T2864QZ3-CF7 1GB DDR2 SODIMM RAM modulom. Dizajniran za besprijekorno pove\u0107anje performansi, ovaj memorijski modul idealan je za pove\u0107anje brzine i odziva va\u0161eg prijenosnog ra\u010dunala.<\/p>\n<p>Klju\u010dne zna\u010dajke:<\/p>\n<ul>\n<li>Kapacitet: 1 GB<\/li>\n<li>Vrsta: DDR2 SODIMM<\/li>\n<li>Brzina: 800MHz (PC2-6400)<\/li>\n<li>Kompatibilnost: Dizajnirano za razli\u010dite modele prijenosnih ra\u010dunala<\/li>\n<\/ul>\n<p>Iskusite br\u017ei pristup podacima i pobolj\u0161ane mogu\u0107nosti multitaskinga s pove\u0107anim kapacitetom memorije. Ovaj Samsung RAM modul osigurava pouzdane performanse va\u0161eg prijenosnog ra\u010dunala, bilo da ste povremeni korisnik ili profesionalac koji obavlja vi\u0161e zadataka.<\/p>\n<p>Nadogradite bez gnjava\u017ee i u\u017eivajte u prednostima lak\u0161eg u\u010ditavanja aplikacija i pobolj\u0161ane ukupne performanse sustava. Imajte na umu da ovaj popis uklju\u010duje stvarne fotografije Samsung M470T2864QZ3-CF7 1 GB RAM-a za prijenosno ra\u010dunalo i da nema uputa za instalaciju. Ako imate pitanja ili trebate pomo\u0107, slobodno nam se obratite. Pove\u0107ajte mogu\u0107nosti svog prijenosnog ra\u010dunala s ovim visokokvalitetnim Samsung RAM modulom.<\/p>\n","protected":false},"excerpt":{"rendered":"<p>Pobolj\u0161ajte performanse svog prijenosnog ra\u010dunala s 1 GB Samsung M470T2864QZ3-CF7 RAM-a za prijenosno ra\u010dunalo. Ovaj DDR2 SODIMM memorijski modul radi na 800MHz, pru\u017eaju\u0107i zna\u010dajno pove\u0107anje brzine i odziva va\u0161eg prijenosnog ra\u010dunala. Nadogradite bez napora i do\u017eivite glatkiju multitasking i pobolj\u0161ane ukupne performanse sustava.<\/p>\n","protected":false},"featured_media":21609,"template":"","meta":[],"product_brand":[],"product_cat":[76,71],"product_tag":[],"class_list":{"0":"post-21542","1":"product","2":"type-product","3":"status-publish","4":"has-post-thumbnail","6":"product_cat-ddr2","7":"product_cat-ram-memory","9":"first","10":"instock","11":"taxable","12":"shipping-taxable","13":"purchasable","14":"product-type-simple"},"_links":{"self":[{"href":"https:\/\/boreait.com\/hr\/wp-json\/wp\/v2\/product\/21542","targetHints":{"allow":["GET"]}}],"collection":[{"href":"https:\/\/boreait.com\/hr\/wp-json\/wp\/v2\/product"}],"about":[{"href":"https:\/\/boreait.com\/hr\/wp-json\/wp\/v2\/types\/product"}],"wp:featuredmedia":[{"embeddable":true,"href":"https:\/\/boreait.com\/hr\/wp-json\/wp\/v2\/media\/21609"}],"wp:attachment":[{"href":"https:\/\/boreait.com\/hr\/wp-json\/wp\/v2\/media?parent=21542"}],"wp:term":[{"taxonomy":"product_brand","embeddable":true,"href":"https:\/\/boreait.com\/hr\/wp-json\/wp\/v2\/product_brand?post=21542"},{"taxonomy":"product_cat","embeddable":true,"href":"https:\/\/boreait.com\/hr\/wp-json\/wp\/v2\/product_cat?post=21542"},{"taxonomy":"product_tag","embeddable":true,"href":"https:\/\/boreait.com\/hr\/wp-json\/wp\/v2\/product_tag?post=21542"}],"curies":[{"name":"wp","href":"https:\/\/api.w.org\/{rel}","templated":true}]}}