{"id":21490,"date":"2025-07-25T11:39:48","date_gmt":"2025-07-25T11:39:48","guid":{"rendered":"https:\/\/boreait.com\/hr\/?post_type=product&#038;p=21490"},"modified":"2026-01-12T09:26:53","modified_gmt":"2026-01-12T09:26:53","slug":"hp-35090f700-600-g-genuine-original-dvd-connector-cq57-300-seriesce71","status":"publish","type":"product","link":"https:\/\/boreait.com\/hr\/product\/hp-35090f700-600-g-genuine-original-dvd-connector-cq57-300-seriesce71\/","title":{"rendered":"HP 35090F700-600-G Genuine Original DVD Connector CQ57-300 Series(CE71)"},"content":{"rendered":"<p>Pove\u0107ajte funkcionalnost svog prijenosnog ra\u010dunala HP CQ57-300 Series(CE71) s originalnim HP 35090F700-600-G DVD konektorom. Ovaj konektor je dizajniran za uspostavljanje sigurne i besprijekorne veze za va\u0161 DVD pogon, osiguravaju\u0107i optimalnu izvedbu i kompatibilnost.<\/p>\n<p>Klju\u010dne zna\u010dajke:<\/p>\n<ul>\n<li>Originalni HP-ov originalni dio<\/li>\n<li>Model: 35090F700-600-G<\/li>\n<li>Kompatibilnost: HP CQ57-300 Series(CE71)<\/li>\n<li>Osigurava pouzdanu vezu za va\u0161 DVD pogon<\/li>\n<\/ul>\n<p>Nadogradite svoje prijenosno ra\u010dunalo s povjerenjem, znaju\u0107i da koristite autenti\u010dni HP dio. HP 35090F700-600-G DVD konektor dizajniran je da zadovolji HP-ove visoke standarde kvalitete i kompatibilnosti, pru\u017eaju\u0107i vam jamstvo savr\u0161enog pristajanja.<\/p>\n<p>Imajte na umu da ovaj popis uklju\u010duje prave fotografije HP 35090F700-600-G DVD konektora i da nema uputa za instalaciju. Ako imate pitanja ili trebate dodatne informacije, slobodno nam se obratite. Pobolj\u0161ajte mogu\u0107nosti svog HP prijenosnog ra\u010dunala s ovim originalnim HP DVD konektorom i do\u017eivite pouzdane performanse va\u0161eg DVD pogona.<\/p>\n","protected":false},"excerpt":{"rendered":"<p>Pobolj\u0161ajte svoje HP CQ57-300 Series(CE71) prijenosno ra\u010dunalo originalnim HP 35090F700-600-G DVD konektorom. Ovaj konektor osigurava besprijekornu vezu za va\u0161 DVD pogon, pru\u017eaju\u0107i pouzdane performanse i kompatibilnost. Vjerujte u autenti\u010dnost HP-ovih dijelova za savr\u0161eno pristajanje i funkcionalnost.<\/p>\n","protected":false},"featured_media":21564,"template":"","meta":[],"product_brand":[],"product_cat":[55],"product_tag":[60],"class_list":{"0":"post-21490","1":"product","2":"type-product","3":"status-publish","4":"has-post-thumbnail","6":"product_cat-cables","7":"product_tag-hp","9":"first","10":"instock","11":"taxable","12":"shipping-taxable","13":"purchasable","14":"product-type-simple"},"_links":{"self":[{"href":"https:\/\/boreait.com\/hr\/wp-json\/wp\/v2\/product\/21490","targetHints":{"allow":["GET"]}}],"collection":[{"href":"https:\/\/boreait.com\/hr\/wp-json\/wp\/v2\/product"}],"about":[{"href":"https:\/\/boreait.com\/hr\/wp-json\/wp\/v2\/types\/product"}],"wp:featuredmedia":[{"embeddable":true,"href":"https:\/\/boreait.com\/hr\/wp-json\/wp\/v2\/media\/21564"}],"wp:attachment":[{"href":"https:\/\/boreait.com\/hr\/wp-json\/wp\/v2\/media?parent=21490"}],"wp:term":[{"taxonomy":"product_brand","embeddable":true,"href":"https:\/\/boreait.com\/hr\/wp-json\/wp\/v2\/product_brand?post=21490"},{"taxonomy":"product_cat","embeddable":true,"href":"https:\/\/boreait.com\/hr\/wp-json\/wp\/v2\/product_cat?post=21490"},{"taxonomy":"product_tag","embeddable":true,"href":"https:\/\/boreait.com\/hr\/wp-json\/wp\/v2\/product_tag?post=21490"}],"curies":[{"name":"wp","href":"https:\/\/api.w.org\/{rel}","templated":true}]}}