{"id":21460,"date":"2025-07-25T11:39:25","date_gmt":"2025-07-25T11:39:25","guid":{"rendered":"https:\/\/boreait.com\/hr\/?post_type=product&#038;p=21460"},"modified":"2025-07-25T11:40:18","modified_gmt":"2025-07-25T11:40:18","slug":"zamjena-tipkovnice-za-hp-elitebook-1659-8760-originalna-tipkovnica-za-prijenosno-racunalo","status":"publish","type":"product","link":"https:\/\/boreait.com\/hr\/product\/zamjena-tipkovnice-za-hp-elitebook-1659-8760-originalna-tipkovnica-za-prijenosno-racunalo\/","title":{"rendered":"Zamjena tipkovnice za HP EliteBook 1659 8760 &#8211; originalna tipkovnica za prijenosno ra\u010dunalo"},"content":{"rendered":"<p>Revitalizirajte svoj HP EliteBook 1659 8760 s originalnom HP EliteBook 1659 8760 zamjenskom tipkovnicom. Ova tipkovnica izra\u0111ena je za izdr\u017eljivost i preciznost, pru\u017eaju\u0107i vam besprijekorno i brzo iskustvo tipkanja.<\/p>\n<p>Klju\u010dne zna\u010dajke:<\/p>\n<ul>\n<li>Kompatibilnost: Dizajniran posebno za prijenosna ra\u010dunala HP EliteBook 1659 8760.<\/li>\n<li>Prava kvaliteta: Ova tipkovnica je autenti\u010dna HP-ova zamjena, koja osigurava istu visoku kvalitetu kao i original.<\/li>\n<li>Jednostavna instalacija: Nadogradite tipkovnicu prijenosnog ra\u010dunala bez napora pomo\u0107u na\u0161eg jednostavnog postupka instalacije. Nema kompliciranih uputa.<\/li>\n<li>Raspored tipkovnice: slovenski \/ SLO (kompatibilno s drugim zemljama)<\/li>\n<\/ul>\n<p>Bez obzira je li va\u0161a trenutna tipkovnica istro\u0161ena ili vam je potrebna rezervna za brzu zamjenu, tipkovnica HP EliteBook 1659 8760 je idealno rje\u0161enje. Odr\u017eavajte svoje prijenosno ra\u010dunalo u vrhunskom stanju za rad i igru.<\/p>\n<p>Imajte na umu da popis uklju\u010duje stvarne fotografije tipkovnice HP EliteBook 1659 8760 i da nema uputa za instalaciju. Ako imate bilo kakvih pitanja ili trebate dodatnu pomo\u0107, slobodno nas kontaktirajte. Unaprijedite svoje iskustvo tipkanja s originalnom tipkovnicom HP EliteBook 1659 8760.<\/p>\n","protected":false},"excerpt":{"rendered":"<p>Zamijenite tipkovnicu prijenosnog ra\u010dunala s originalnom tipkovnicom HP EliteBook 1659 8760. Dizajnirana za izdr\u017eljivost i preciznost, ova tipkovnica osigurava besprijekorno iskustvo tipkanja. Savr\u0161eno za o\u017eivljavanje Va\u0161eg EliteBooka do njegovih optimalnih performansi.<\/p>\n","protected":false},"featured_media":21521,"template":"","meta":[],"product_brand":[],"product_cat":[70],"product_tag":[60],"class_list":{"0":"post-21460","1":"product","2":"type-product","3":"status-publish","4":"has-post-thumbnail","6":"product_cat-laptop-keyboard","7":"product_tag-hp","9":"first","10":"instock","11":"taxable","12":"shipping-taxable","13":"purchasable","14":"product-type-simple"},"_links":{"self":[{"href":"https:\/\/boreait.com\/hr\/wp-json\/wp\/v2\/product\/21460","targetHints":{"allow":["GET"]}}],"collection":[{"href":"https:\/\/boreait.com\/hr\/wp-json\/wp\/v2\/product"}],"about":[{"href":"https:\/\/boreait.com\/hr\/wp-json\/wp\/v2\/types\/product"}],"wp:featuredmedia":[{"embeddable":true,"href":"https:\/\/boreait.com\/hr\/wp-json\/wp\/v2\/media\/21521"}],"wp:attachment":[{"href":"https:\/\/boreait.com\/hr\/wp-json\/wp\/v2\/media?parent=21460"}],"wp:term":[{"taxonomy":"product_brand","embeddable":true,"href":"https:\/\/boreait.com\/hr\/wp-json\/wp\/v2\/product_brand?post=21460"},{"taxonomy":"product_cat","embeddable":true,"href":"https:\/\/boreait.com\/hr\/wp-json\/wp\/v2\/product_cat?post=21460"},{"taxonomy":"product_tag","embeddable":true,"href":"https:\/\/boreait.com\/hr\/wp-json\/wp\/v2\/product_tag?post=21460"}],"curies":[{"name":"wp","href":"https:\/\/api.w.org\/{rel}","templated":true}]}}