{"id":21379,"date":"2025-07-25T11:38:17","date_gmt":"2025-07-25T11:38:17","guid":{"rendered":"https:\/\/boreait.com\/hr\/?post_type=product&#038;p=21379"},"modified":"2026-01-18T13:04:36","modified_gmt":"2026-01-18T13:04:36","slug":"hynix-hmt351s6cfr8c-pb-4gb-ddr3-1600mhz-pc3-12800s-sodimm-ram-za-prijenosno-racunalo-brze-i-pouzdane-performanse","status":"publish","type":"product","link":"https:\/\/boreait.com\/hr\/product\/hynix-hmt351s6cfr8c-pb-4gb-ddr3-1600mhz-pc3-12800s-sodimm-ram-za-prijenosno-racunalo-brze-i-pouzdane-performanse\/","title":{"rendered":"Hynix HMT351S6CFR8C-PB 4GB DDR3 1600MHz PC3-12800S SODIMM RAM za prijenosno ra\u010dunalo &#8211; brze i pouzdane performanse!"},"content":{"rendered":"<p>Pove\u0107ajte mogu\u0107nosti svog prijenosnog ra\u010dunala s Hynix HMT351S6CFR8C-PB 4GB DDR3 1600MHz PC3-12800S SODIMM RAM-om za prijenosno ra\u010dunalo. Ovaj vrhunski RAM modul dizajniran je za iznimnu brzinu i pouzdanost, osiguravaju\u0107i besprijekorno iskustvo rada s ra\u010dunalom.<\/p>\n<p>Klju\u010dne zna\u010dajke:<\/p>\n<ul>\n<li>Kapacitet: 4 GB<\/li>\n<li>Vrsta: DDR3 SODIMM<\/li>\n<li>Brzina: 1600MHz (PC3-12800S)<\/li>\n<li>Kompatibilnost: prijenosno\/prijenosno ra\u010dunalo<\/li>\n<li>Faktor forme: SODIMM (Small Outline Dual In-Line Memory Module)<\/li>\n<\/ul>\n<p>Nadogradite memoriju svog prijenosnog ra\u010dunala kako biste u\u017eivali u br\u017eem pokretanju, pobolj\u0161anom u\u010ditavanju aplikacija i u\u010dinkovitom multitaskingu. Kapacitet od 4 GB pru\u017ea dovoljno prostora za va\u0161e aplikacije, omogu\u0107uju\u0107i va\u0161em sustavu da se bez napora nosi sa zahtjevnim zadacima.<\/p>\n<p>Imajte na umu da ovaj popis uklju\u010duje stvarne fotografije Hynix HMT351S6CFR8C-PB 4GB DDR3 1600MHz SODIMM prijenosnog ra\u010dunala RAM-a i da nema uputa za instalaciju. Ako imate pitanja ili trebate pomo\u0107, slobodno nam se obratite. Transformirajte performanse va\u0161eg prijenosnog ra\u010dunala s ovim pouzdanim Hynix RAM modulom i do\u017eivite novu razinu ra\u010dunalne u\u010dinkovitosti.<\/p>\n","protected":false},"excerpt":{"rendered":"<p>Pobolj\u0161ajte performanse svog prijenosnog ra\u010dunala s Hynix HMT351S6CFR8C-PB 4GB DDR3 1600MHz PC3-12800S SODIMM prijenosnog RAM-a. Ovaj visokokvalitetni RAM modul pru\u017ea brze i pouzdane performanse, pru\u017eaju\u0107i zna\u010dajno pove\u0107anje brzine va\u0161eg sustava i mogu\u0107nosti multitaskinga. S 4 GB DDR3 memorije koja radi na 1600MHz, idealan je izbor za nadogradnju memorije va\u0161eg prijenosnog ra\u010dunala za glatkiji rad i pobolj\u0161ani ukupni odziv.<\/p>\n","protected":false},"featured_media":21443,"template":"","meta":[],"product_brand":[],"product_cat":[72,71],"product_tag":[],"class_list":{"0":"post-21379","1":"product","2":"type-product","3":"status-publish","4":"has-post-thumbnail","6":"product_cat-ddr3-ddr3l","7":"product_cat-ram-memory","9":"first","10":"instock","11":"taxable","12":"shipping-taxable","13":"purchasable","14":"product-type-simple"},"_links":{"self":[{"href":"https:\/\/boreait.com\/hr\/wp-json\/wp\/v2\/product\/21379","targetHints":{"allow":["GET"]}}],"collection":[{"href":"https:\/\/boreait.com\/hr\/wp-json\/wp\/v2\/product"}],"about":[{"href":"https:\/\/boreait.com\/hr\/wp-json\/wp\/v2\/types\/product"}],"wp:featuredmedia":[{"embeddable":true,"href":"https:\/\/boreait.com\/hr\/wp-json\/wp\/v2\/media\/21443"}],"wp:attachment":[{"href":"https:\/\/boreait.com\/hr\/wp-json\/wp\/v2\/media?parent=21379"}],"wp:term":[{"taxonomy":"product_brand","embeddable":true,"href":"https:\/\/boreait.com\/hr\/wp-json\/wp\/v2\/product_brand?post=21379"},{"taxonomy":"product_cat","embeddable":true,"href":"https:\/\/boreait.com\/hr\/wp-json\/wp\/v2\/product_cat?post=21379"},{"taxonomy":"product_tag","embeddable":true,"href":"https:\/\/boreait.com\/hr\/wp-json\/wp\/v2\/product_tag?post=21379"}],"curies":[{"name":"wp","href":"https:\/\/api.w.org\/{rel}","templated":true}]}}