{"id":21368,"date":"2025-07-25T11:38:16","date_gmt":"2025-07-25T11:38:16","guid":{"rendered":"https:\/\/boreait.com\/hr\/?post_type=product&#038;p=21368"},"modified":"2025-07-25T11:38:49","modified_gmt":"2025-07-25T11:38:49","slug":"g26956-01-ib5-intel-core-cpu-i5-3210m-25-ghz-sr0mx","status":"publish","type":"product","link":"https:\/\/boreait.com\/hr\/product\/g26956-01-ib5-intel-core-cpu-i5-3210m-25-ghz-sr0mx\/","title":{"rendered":"G26956-01 IB5 Intel Core CPU i5 3210M 2,5 GHz SR0MX"},"content":{"rendered":"<p>Nadogradite performanse svog Sony SVL-241812M All-in-One ra\u010dunala s G26956-01 IB5 Intel Core CPU i5 3210M 2,5 GHz (tako\u0111er kompatibilan s drugim prijenosnim ra\u010dunalima i ra\u010dunalima).\u00a0 Ovaj mo\u0107ni procesor osmi\u0161ljen je da podigne va\u0161e ra\u010dunalno iskustvo na vi\u0161u razinu.<\/p>\n<p>Klju\u010dne zna\u010dajke:<\/p>\n<ul>\n<li>Model: G26956-01 IB5<\/li>\n<li>Vrsta procesora: Intel Core i5 3210M SR0MX<\/li>\n<li>Brzina sata: 2,5 GHz<\/li>\n<li>Kompatibilnost: Sony SVL-241812M All-in-One PC<\/li>\n<\/ul>\n<p>Intel Core i5 3210M nudi impresivnu brzinu, \u0161to ga \u010dini savr\u0161enim za multitasking, zahtjevne aplikacije i vi\u0161e. Do\u017eivite kra\u0107e vrijeme odziva, br\u017eu obradu podataka i pobolj\u0161ane ukupne performanse sustava.<\/p>\n<p>Besprijekorno nadogradite svoj Sony All-in-One s ovim pouzdanim CPU-om. Imajte na umu da ovaj popis uklju\u010duje stvarne fotografije G26956-01 IB5 Intel Core CPU i5 3210M 2,5 GHz i da nema uputa za instalaciju. Ukoliko imate bilo kakvih upita ili trebate dodatne informacije, slobodno nas kontaktirajte. Pove\u0107ajte mogu\u0107nosti svog Sony SVL-241812M s ovim Intel Core CPU-om i u\u017eivajte u br\u017eem i u\u010dinkovitijem iskustvu rada na ra\u010dunalu.<\/p>\n","protected":false},"excerpt":{"rendered":"<p>Pobolj\u0161ajte svoj Sony SVL-241812M All-in-One PC s G26956-01 IB5 Intel Core CPU i5 3210M 2,5 GHz. Ovaj mo\u0107ni procesor pru\u017ea optimalne performanse, \u0161to ga \u010dini idealnom nadogradnjom za va\u0161e ra\u010dunalo. Uz radni takt od 2,5 GHz, u\u017eivajte u brzom multitaskingu, glatkom pokretanju aplikacija i sveukupnom brzom ra\u010dunalnom iskustvu. Nadogradite svoj Sony All-in-One s ovim pouzdanim Intel Core CPU-om.<\/p>\n","protected":false},"featured_media":21418,"template":"","meta":[],"product_brand":[],"product_cat":[74],"product_tag":[],"class_list":{"0":"post-21368","1":"product","2":"type-product","3":"status-publish","4":"has-post-thumbnail","6":"product_cat-processors-cpu","8":"first","9":"instock","10":"taxable","11":"shipping-taxable","12":"purchasable","13":"product-type-simple"},"_links":{"self":[{"href":"https:\/\/boreait.com\/hr\/wp-json\/wp\/v2\/product\/21368","targetHints":{"allow":["GET"]}}],"collection":[{"href":"https:\/\/boreait.com\/hr\/wp-json\/wp\/v2\/product"}],"about":[{"href":"https:\/\/boreait.com\/hr\/wp-json\/wp\/v2\/types\/product"}],"wp:featuredmedia":[{"embeddable":true,"href":"https:\/\/boreait.com\/hr\/wp-json\/wp\/v2\/media\/21418"}],"wp:attachment":[{"href":"https:\/\/boreait.com\/hr\/wp-json\/wp\/v2\/media?parent=21368"}],"wp:term":[{"taxonomy":"product_brand","embeddable":true,"href":"https:\/\/boreait.com\/hr\/wp-json\/wp\/v2\/product_brand?post=21368"},{"taxonomy":"product_cat","embeddable":true,"href":"https:\/\/boreait.com\/hr\/wp-json\/wp\/v2\/product_cat?post=21368"},{"taxonomy":"product_tag","embeddable":true,"href":"https:\/\/boreait.com\/hr\/wp-json\/wp\/v2\/product_tag?post=21368"}],"curies":[{"name":"wp","href":"https:\/\/api.w.org\/{rel}","templated":true}]}}