{"id":21263,"date":"2025-07-25T11:36:45","date_gmt":"2025-07-25T11:36:45","guid":{"rendered":"https:\/\/boreait.com\/hr\/?post_type=product&#038;p=21263"},"modified":"2025-07-25T11:37:27","modified_gmt":"2025-07-25T11:37:27","slug":"originalni-13-3-led-hd-zaslon-matte-ag-boe-boehydis-nt133whm-n45","status":"publish","type":"product","link":"https:\/\/boreait.com\/hr\/product\/originalni-13-3-led-hd-zaslon-matte-ag-boe-boehydis-nt133whm-n45\/","title":{"rendered":"Originalni 13.3 LED HD zaslon Matte AG BOE BOEHYDIS NT133WHM-N45"},"content":{"rendered":"<p>Pobolj\u0161ajte svoje vizualno iskustvo s NOVIM 13,3&#8243; LED HD zaslonom. Ovaj zaslon ima mat zavr\u0161etak i svojstva protiv odsjaja, smanjuju\u0107i refleksije i pru\u017eaju\u0107i jasne vizualne prikaze \u010dak iu jarko osvijetljenim okru\u017eenjima. Kompatibilan s nekoliko ure\u0111aja, savr\u0161ena je opcija zamjene ili nadogradnje.<\/p>\n<p>Klju\u010dne zna\u010dajke:<\/p>\n<ul>\n<li>Veli\u010dina zaslona: 13,3 in\u010da<\/li>\n<li>Vrsta zaslona: LED HD<\/li>\n<li>Zavr\u0161na obrada: Mat Anti-Glare (AG)<\/li>\n<li>Model: BOE BOEHYDIS NT133WHM-N45<\/li>\n<li>Rezolucija: 1366 x 768<\/li>\n<\/ul>\n<p>Sa svojom HD rezolucijom, ovaj zaslon osigurava o\u0161tre i detaljne slike, \u0161to ga \u010dini izvrsnim izborom za gledanje multimedije, rad ili zabavu. Mat fini\u0161 smanjuje odsjaj, nude\u0107i ugodno iskustvo gledanja tijekom duljeg razdoblja.<\/p>\n<p>Ovaj popis uklju\u010duje originalne fotografije 13,3&#8243; LED HD zaslonske plo\u010de koju \u0107ete dobiti. Imajte na umu da nisu prilo\u017eene nikakve upute za instalaciju. Za sva pitanja ili dodatne informacije slobodno nas kontaktirajte. Nadogradite svoje vizualno iskustvo s ovim visokokvalitetnim zaslonom koji pru\u017ea jasne i \u017eivopisne slike za va\u0161 ure\u0111aj.<\/p>\n","protected":false},"excerpt":{"rendered":"<p>Do\u017eivite \u017eivopisne vizualne prikaze uz NOVU 13,3&#8243; LED HD zaslonsku plo\u010du. Ovaj mat zaslon protiv odbljeska (AG) kompatibilan je s raznim ure\u0111ajima, pru\u017eaju\u0107i o\u0161tre slike i \u017eive boje. Savr\u0161en za zamjenu o\u0161te\u0107enih zaslona ili nadogradnju va\u0161eg zaslona za u\u017eivanje u sadr\u017eaju visoke razlu\u010divosti. BOE BOEHYDIS NT133WHM-N45 nudi vrhunsku kvalitetu i jasno\u0107u, pobolj\u0161avaju\u0107i va\u0161 iskustvo gledanja.<\/p>\n","protected":false},"featured_media":21308,"template":"","meta":[],"product_brand":[],"product_cat":[87,56],"product_tag":[],"class_list":{"0":"post-21263","1":"product","2":"type-product","3":"status-publish","4":"has-post-thumbnail","6":"product_cat-13-3","7":"product_cat-laptop-screens-lcd-panels","9":"first","10":"instock","11":"taxable","12":"shipping-taxable","13":"purchasable","14":"product-type-simple"},"_links":{"self":[{"href":"https:\/\/boreait.com\/hr\/wp-json\/wp\/v2\/product\/21263","targetHints":{"allow":["GET"]}}],"collection":[{"href":"https:\/\/boreait.com\/hr\/wp-json\/wp\/v2\/product"}],"about":[{"href":"https:\/\/boreait.com\/hr\/wp-json\/wp\/v2\/types\/product"}],"wp:featuredmedia":[{"embeddable":true,"href":"https:\/\/boreait.com\/hr\/wp-json\/wp\/v2\/media\/21308"}],"wp:attachment":[{"href":"https:\/\/boreait.com\/hr\/wp-json\/wp\/v2\/media?parent=21263"}],"wp:term":[{"taxonomy":"product_brand","embeddable":true,"href":"https:\/\/boreait.com\/hr\/wp-json\/wp\/v2\/product_brand?post=21263"},{"taxonomy":"product_cat","embeddable":true,"href":"https:\/\/boreait.com\/hr\/wp-json\/wp\/v2\/product_cat?post=21263"},{"taxonomy":"product_tag","embeddable":true,"href":"https:\/\/boreait.com\/hr\/wp-json\/wp\/v2\/product_tag?post=21263"}],"curies":[{"name":"wp","href":"https:\/\/api.w.org\/{rel}","templated":true}]}}