{"id":21229,"date":"2025-07-25T11:36:21","date_gmt":"2025-07-25T11:36:21","guid":{"rendered":"https:\/\/boreait.com\/hr\/?post_type=product&#038;p=21229"},"modified":"2025-07-25T11:36:59","modified_gmt":"2025-07-25T11:36:59","slug":"dell-latitude-e6410-e6510-atg-prijenosno-racunalo-cg4r9","status":"publish","type":"product","link":"https:\/\/boreait.com\/hr\/product\/dell-latitude-e6410-e6510-atg-prijenosno-racunalo-cg4r9\/","title":{"rendered":"Dell Latitude E6410 E6510 ATG prijenosno ra\u010dunalo CG4R9"},"content":{"rendered":"<p>O\u017eivite svoje prijenosno ra\u010dunalo Dell Latitude E6410, E6510 ili E6410 ATG s pogonom Dell CG4R9. Ovaj pogon, bez okvira, temeljito je testiran.<\/p>\n<p> Dizajniran posebno za modele Dell Latitude, ovaj pogon je pouzdana zamjena, osiguravaju\u0107i da va\u0161e prijenosno ra\u010dunalo radi na najbolji na\u010din. Savr\u0161eno odgovara onima koji tra\u017ee provjeren i pouzdan pogon koji obe\u0107ava i pouzdanost i performanse.<\/p>\n<p>Klju\u010dne zna\u010dajke:<\/p>\n<ul>\n<li>Kompatibilno s prijenosnim ra\u010dunalima Dell Latitude E6410, E6510, E6410 ATG<\/li>\n<li>Pogon ne uklju\u010duje okvir<\/li>\n<\/ul>\n<p>Ovaj popis za Dell Latitude E6410 E6510 ATG Laptop Drive CG4R9 daje stvarne fotografije proizvoda. Imajte na umu da upute za instalaciju nisu uklju\u010dene. Ako su vam potrebne dodatne pojedinosti ili imate pitanja, slobodno nam se obratite. Neka va\u0161e prijenosno ra\u010dunalo Dell ponovno radi glatko uz ovaj testirani i pouzdani pogon.<\/p>\n","protected":false},"excerpt":{"rendered":"<p>Vratite svoje prijenosno ra\u010dunalo Dell Latitude E6410, E6510 ili E6410 ATG u akciju s pogonom Dell CG4R9. Ovaj pogon je idealna zamjena bez okvira. Unesite novi \u017eivot u svoj ure\u0111aj s pouzdanim i testiranim diskom koji osigurava pouzdanost i performanse za va\u0161e prijenosno ra\u010dunalo.<\/p>\n","protected":false},"featured_media":21277,"template":"","meta":[],"product_brand":[],"product_cat":[62],"product_tag":[52],"class_list":{"0":"post-21229","1":"product","2":"type-product","3":"status-publish","4":"has-post-thumbnail","6":"product_cat-motherboards-board-parts","7":"product_tag-dell","9":"first","10":"instock","11":"taxable","12":"shipping-taxable","13":"purchasable","14":"product-type-simple"},"_links":{"self":[{"href":"https:\/\/boreait.com\/hr\/wp-json\/wp\/v2\/product\/21229","targetHints":{"allow":["GET"]}}],"collection":[{"href":"https:\/\/boreait.com\/hr\/wp-json\/wp\/v2\/product"}],"about":[{"href":"https:\/\/boreait.com\/hr\/wp-json\/wp\/v2\/types\/product"}],"wp:featuredmedia":[{"embeddable":true,"href":"https:\/\/boreait.com\/hr\/wp-json\/wp\/v2\/media\/21277"}],"wp:attachment":[{"href":"https:\/\/boreait.com\/hr\/wp-json\/wp\/v2\/media?parent=21229"}],"wp:term":[{"taxonomy":"product_brand","embeddable":true,"href":"https:\/\/boreait.com\/hr\/wp-json\/wp\/v2\/product_brand?post=21229"},{"taxonomy":"product_cat","embeddable":true,"href":"https:\/\/boreait.com\/hr\/wp-json\/wp\/v2\/product_cat?post=21229"},{"taxonomy":"product_tag","embeddable":true,"href":"https:\/\/boreait.com\/hr\/wp-json\/wp\/v2\/product_tag?post=21229"}],"curies":[{"name":"wp","href":"https:\/\/api.w.org\/{rel}","templated":true}]}}