{"id":21209,"date":"2025-07-25T11:35:58","date_gmt":"2025-07-25T11:35:58","guid":{"rendered":"https:\/\/boreait.com\/hr\/?post_type=product&#038;p=21209"},"modified":"2025-07-25T11:36:53","modified_gmt":"2025-07-25T11:36:53","slug":"kasno-2016-2017-a1708-13-macbook-pro-srebrni-donji-poklopac-stanje-a-razine","status":"publish","type":"product","link":"https:\/\/boreait.com\/hr\/product\/kasno-2016-2017-a1708-13-macbook-pro-srebrni-donji-poklopac-stanje-a-razine\/","title":{"rendered":"Kasno 2016\/2017 A1708 13&#8243; MacBook Pro srebrni donji poklopac &#8211; stanje A razine!"},"content":{"rendered":"<p>Revitalizirajte svoj kasni 2016\/2017 A1708 13&#8243; MacBook Pro s ovom srebrnom donjom maskom razreda A. Izra\u0111ena da odgovara originalnim specifikacijama, ova je maska besprijekoran zamjenski dio za va\u0161 MacBook Pro.<\/p>\n<p>Klju\u010dni detalji:<\/p>\n<ul>\n<li>Kompatibilnost: krajem 2016.\/2017. A1708 13&#8243; MacBook Pro<\/li>\n<li>Boja: srebrna<\/li>\n<li>Stanje: Kao \u0161to je prikazano na fotografiji u popisu!<\/li>\n<\/ul>\n<p>Imajte na umu da je ovaj popis posebno za donji poklopac i ne uklju\u010duje dodatne komponente. To je idealno rje\u0161enje za pojedince koji \u017eele obnoviti ili nadograditi svoj MacBook Pro. Uvjet razreda A osigurava da je navlaka izvrsne kvalitete s minimalnim znakovima istro\u0161enosti.<\/p>\n<p>Ovaj popis sadr\u017ei stvarne fotografije A1708 13&#8243; srebrnog donjeg poklopca za MacBook Pro iz kasne 2016\/2017. Imajte na umu da nisu uklju\u010dene upute za instalaciju. Za sva pitanja ili dodatnu pomo\u0107 slobodno nas kontaktirajte. Obnovite izgled svog MacBook Pro ure\u0111aja i zadr\u017eite njegov elegantan, profesionalan izgled s ovim srebrnim donjim poklopcem razreda A.<\/p>\n","protected":false},"excerpt":{"rendered":"<p>Pobolj\u0161ajte svoj Late 2016\/2017 A1708 13&#8243; MacBook Pro s ovom srebrnom donjom maskom Grade A. Savr\u0161en za zamjenu o\u0161te\u0107ene ili istro\u0161ene maske, ovaj visokokvalitetni zamjenski dio vra\u0107a ugla\u0111eni izgled va\u0161em MacBook Pro ure\u0111aju. Napomena: Ovaj popis se odnosi samo na donji poklopac. Iskusite vrhunsku kvalitetu za svoj ure\u0111aj i u\u017eivajte u osvje\u017eenom MacBook Prou.<\/p>\n","protected":false},"featured_media":21273,"template":"","meta":[],"product_brand":[],"product_cat":[51],"product_tag":[86],"class_list":{"0":"post-21209","1":"product","2":"type-product","3":"status-publish","4":"has-post-thumbnail","6":"product_cat-laptop-housing","7":"product_tag-apple","9":"first","10":"instock","11":"taxable","12":"shipping-taxable","13":"purchasable","14":"product-type-simple"},"_links":{"self":[{"href":"https:\/\/boreait.com\/hr\/wp-json\/wp\/v2\/product\/21209","targetHints":{"allow":["GET"]}}],"collection":[{"href":"https:\/\/boreait.com\/hr\/wp-json\/wp\/v2\/product"}],"about":[{"href":"https:\/\/boreait.com\/hr\/wp-json\/wp\/v2\/types\/product"}],"wp:featuredmedia":[{"embeddable":true,"href":"https:\/\/boreait.com\/hr\/wp-json\/wp\/v2\/media\/21273"}],"wp:attachment":[{"href":"https:\/\/boreait.com\/hr\/wp-json\/wp\/v2\/media?parent=21209"}],"wp:term":[{"taxonomy":"product_brand","embeddable":true,"href":"https:\/\/boreait.com\/hr\/wp-json\/wp\/v2\/product_brand?post=21209"},{"taxonomy":"product_cat","embeddable":true,"href":"https:\/\/boreait.com\/hr\/wp-json\/wp\/v2\/product_cat?post=21209"},{"taxonomy":"product_tag","embeddable":true,"href":"https:\/\/boreait.com\/hr\/wp-json\/wp\/v2\/product_tag?post=21209"}],"curies":[{"name":"wp","href":"https:\/\/api.w.org\/{rel}","templated":true}]}}