{"id":21207,"date":"2025-07-25T11:35:58","date_gmt":"2025-07-25T11:35:58","guid":{"rendered":"https:\/\/boreait.com\/hr\/?post_type=product&#038;p=21207"},"modified":"2025-07-25T11:36:49","modified_gmt":"2025-07-25T11:36:49","slug":"apple-macbook-pro-13-a1708-krajem-2016-sredinom-2017-a2159-2019-cpu-ventilatori-za-hladenje","status":"publish","type":"product","link":"https:\/\/boreait.com\/hr\/product\/apple-macbook-pro-13-a1708-krajem-2016-sredinom-2017-a2159-2019-cpu-ventilatori-za-hladenje\/","title":{"rendered":"Apple MacBook Pro 13&#8243; A1708 krajem 2016., sredinom 2017., A2159 2019. CPU ventilatori za hla\u0111enje"},"content":{"rendered":"<p>SUNON MG70050V1-C150-S9A i MG70050v1-160-S9A ventilatori nude sveobuhvatno rje\u0161enje za hla\u0111enje va\u0161eg prijenosnog ra\u010dunala. Ovi goli lijevi ventilatori od 5 V dizajnirani su za u\u010dinkovito raspr\u0161ivanje topline, sprje\u010davaju\u0107i pregrijavanje i osiguravaju\u0107i dosljedan i pouzdan rad va\u0161eg prijenosnog ra\u010dunala.<\/p>\n<p>Klju\u010dne zna\u010dajke:<\/p>\n<ul>\n<li>Model: SUNON MG70050V1-C150-S9A &amp; MG70050v1-160-S9A<\/li>\n<li>Hla\u0111enje: sustav s 2 ventilatora<\/li>\n<li>Napon: 5V<\/li>\n<li>Polo\u017eaj: golo lijevo<\/li>\n<\/ul>\n<p>Ovi ventilatori dizajnirani su za odr\u017eavanje optimalne temperature, promi\u010du\u0107i stabilno i u\u010dinkovito radno okru\u017eenje za va\u0161e prijenosno ra\u010dunalo. Bilo da igrate igrice, radite ili jednostavno pregledavate, ovi ventilatori osiguravaju da su komponente va\u0161eg prijenosnog ra\u010dunala za\u0161ti\u0107ene od o\u0161te\u0107enja uzrokovanih toplinom.<\/p>\n<p>Imajte na umu da popis uklju\u010duje prave fotografije ventilatora SUNON MG70050V1-C150-S9A i MG70050v1-160-S9A. Nema uputa za instalaciju. Za sve upite ili dodatne informacije slobodno nas kontaktirajte. Odr\u017eavajte svoje prijenosno ra\u010dunalo hladnim i najboljim performansama uz ove SUNON ventilatore.<\/p>\n","protected":false},"excerpt":{"rendered":"<p>Pobolj\u0161ajte hla\u0111enje svog prijenosnog ra\u010dunala sa SUNON MG70050V1-C150-S9A i MG70050v1-160-S9A ventilatorima. Ovaj goli lijevi sustav hla\u0111enja od 5 V osigurava u\u010dinkovito odvo\u0111enje topline, odr\u017eavaju\u0107i optimalne performanse va\u0161eg prijenosnog ra\u010dunala. Neka va\u0161 ure\u0111aj radi glatko i sprije\u010di pregrijavanje, osiguravaju\u0107i produljenu dugovje\u010dnost i pouzdanost.<\/p>\n","protected":false},"featured_media":21269,"template":"","meta":[],"product_brand":[],"product_cat":[68],"product_tag":[86],"class_list":{"0":"post-21207","1":"product","2":"type-product","3":"status-publish","4":"has-post-thumbnail","6":"product_cat-cpu-fans-heatsinks","7":"product_tag-apple","9":"first","10":"instock","11":"taxable","12":"shipping-taxable","13":"purchasable","14":"product-type-simple"},"_links":{"self":[{"href":"https:\/\/boreait.com\/hr\/wp-json\/wp\/v2\/product\/21207","targetHints":{"allow":["GET"]}}],"collection":[{"href":"https:\/\/boreait.com\/hr\/wp-json\/wp\/v2\/product"}],"about":[{"href":"https:\/\/boreait.com\/hr\/wp-json\/wp\/v2\/types\/product"}],"wp:featuredmedia":[{"embeddable":true,"href":"https:\/\/boreait.com\/hr\/wp-json\/wp\/v2\/media\/21269"}],"wp:attachment":[{"href":"https:\/\/boreait.com\/hr\/wp-json\/wp\/v2\/media?parent=21207"}],"wp:term":[{"taxonomy":"product_brand","embeddable":true,"href":"https:\/\/boreait.com\/hr\/wp-json\/wp\/v2\/product_brand?post=21207"},{"taxonomy":"product_cat","embeddable":true,"href":"https:\/\/boreait.com\/hr\/wp-json\/wp\/v2\/product_cat?post=21207"},{"taxonomy":"product_tag","embeddable":true,"href":"https:\/\/boreait.com\/hr\/wp-json\/wp\/v2\/product_tag?post=21207"}],"curies":[{"name":"wp","href":"https:\/\/api.w.org\/{rel}","templated":true}]}}