{"id":21189,"date":"2025-07-25T11:35:36","date_gmt":"2025-07-25T11:35:36","guid":{"rendered":"https:\/\/boreait.com\/hr\/?post_type=product&#038;p=21189"},"modified":"2025-07-25T11:36:38","modified_gmt":"2025-07-25T11:36:38","slug":"macbook-pro-a1706-oslonac-za-ruku-sklop-tipkovnice-originalna-baterija-touchpad-zvucnici-ukljuceni","status":"publish","type":"product","link":"https:\/\/boreait.com\/hr\/product\/macbook-pro-a1706-oslonac-za-ruku-sklop-tipkovnice-originalna-baterija-touchpad-zvucnici-ukljuceni\/","title":{"rendered":"MacBook Pro A1706 Oslonac za ruku &amp; Sklop tipkovnice &#8211; originalna baterija, touchpad, zvu\u010dnici uklju\u010deni!"},"content":{"rendered":"<p>Revitalizirajte svoj MacBook Pro &#8220;Core i5&#8243; 3.1 13&#8221; sredinom 2017. A1706 s autenti\u010dnim sklopom oslonca za dlanove i tipkovnice, koji uklju\u010duje originalnu bateriju, touchpad i zvu\u010dnike. Ovaj originalni dio dizajniran je za vra\u0107anje estetike i funkcionalnosti va\u0161eg MacBook Pro u tvorni\u010dko stanje.<\/p>\n<p>Zna\u010dajke:<\/p>\n<ul>\n<li>Kompatibilan s MacBook Pro &#8220;Core i5&#8243; 3.1 13&#8221; sredinom 2017. A1706 (model: MacBookPro14,2)<\/li>\n<li>Kompletan naslon za ruku &amp; sklop tipkovnice<\/li>\n<li>Uklju\u010duje originalnu dodirnu podlogu, zvu\u010dnike i bateriju (baterija radi, ali nije testirano vi\u0161e od toga).<\/li>\n<li>Skandinavski izgled.<\/li>\n<\/ul>\n<p>Bilo da \u017eelite zamijeniti o\u0161te\u0107ene dijelove ili jednostavno \u017eelite vratiti svoj MacBook Pro u izvorno stanje, ovaj sklop osigurava rje\u0161enje bez muke.<\/p>\n<p>Napominjemo da slike stvarnih proizvoda prikazuju to\u010dne uklju\u010dene komponente. Nema uputa za instalaciju, ali ako trebate bilo kakvu dodatnu pomo\u0107 ili imate pitanja, ne ustru\u010davajte se kontaktirati nas. Dajte svom MacBooku Pro novi \u017eivot s ovim sveobuhvatnim, originalnim sklopom.<\/p>\n","protected":false},"excerpt":{"rendered":"<p>Pobolj\u0161ajte svoj MacBook Pro &#8220;Core i5&#8243; 3.1 13&#8221; sredina 2017. A1706 s ovim potpunim osloncem za dlan i sklopom tipkovnice. Ova originalna komponenta uklju\u010duje touchpad, zvu\u010dnike i autenti\u010dnu bateriju. Vratite svom MacBook Pro izvornu slavu s ovim sveobuhvatnim zamjenskim dijelom.<\/p>\n","protected":false},"featured_media":21250,"template":"","meta":[],"product_brand":[],"product_cat":[51],"product_tag":[86],"class_list":{"0":"post-21189","1":"product","2":"type-product","3":"status-publish","4":"has-post-thumbnail","6":"product_cat-laptop-housing","7":"product_tag-apple","9":"first","10":"instock","11":"taxable","12":"shipping-taxable","13":"purchasable","14":"product-type-simple"},"_links":{"self":[{"href":"https:\/\/boreait.com\/hr\/wp-json\/wp\/v2\/product\/21189","targetHints":{"allow":["GET"]}}],"collection":[{"href":"https:\/\/boreait.com\/hr\/wp-json\/wp\/v2\/product"}],"about":[{"href":"https:\/\/boreait.com\/hr\/wp-json\/wp\/v2\/types\/product"}],"wp:featuredmedia":[{"embeddable":true,"href":"https:\/\/boreait.com\/hr\/wp-json\/wp\/v2\/media\/21250"}],"wp:attachment":[{"href":"https:\/\/boreait.com\/hr\/wp-json\/wp\/v2\/media?parent=21189"}],"wp:term":[{"taxonomy":"product_brand","embeddable":true,"href":"https:\/\/boreait.com\/hr\/wp-json\/wp\/v2\/product_brand?post=21189"},{"taxonomy":"product_cat","embeddable":true,"href":"https:\/\/boreait.com\/hr\/wp-json\/wp\/v2\/product_cat?post=21189"},{"taxonomy":"product_tag","embeddable":true,"href":"https:\/\/boreait.com\/hr\/wp-json\/wp\/v2\/product_tag?post=21189"}],"curies":[{"name":"wp","href":"https:\/\/api.w.org\/{rel}","templated":true}]}}