{"id":21182,"date":"2025-07-25T11:35:35","date_gmt":"2025-07-25T11:35:35","guid":{"rendered":"https:\/\/boreait.com\/hr\/?post_type=product&#038;p=21182"},"modified":"2025-07-25T11:36:26","modified_gmt":"2025-07-25T11:36:26","slug":"hdmi-usb-ploca-za-macbook-pro-a1502-13-retina-pocetkom-2015-zamjenski-dio","status":"publish","type":"product","link":"https:\/\/boreait.com\/hr\/product\/hdmi-usb-ploca-za-macbook-pro-a1502-13-retina-pocetkom-2015-zamjenski-dio\/","title":{"rendered":"HDMI USB plo\u010da za MacBook Pro A1502 13 Retina po\u010detkom 2015. &#8211; zamjenski dio"},"content":{"rendered":"<p>Vratite punu funkcionalnost svog MacBook Pro (Retina, 13 in\u010da, po\u010detak 2015.) A1502 modela s ovom HDMI USB plo\u010dom. Dizajniran da zamijeni postoje\u0107u plo\u010du bez kabela, ovaj dio omogu\u0107uje HDMI i USB povezivanje. Kompatibilna sa srebrnim Wi-Fi MacBookPro12,1 modelom, ova je plo\u010da klju\u010dna komponenta za odr\u017eavanje cijelog niza mogu\u0107nosti povezivanja na va\u0161em MacBook Pro ure\u0111aju.<\/p>\n<p>Kompatibilnost:<\/p>\n<ul>\n<li>MacBook Pro (Retina, 13 in\u010da, po\u010detak 2015.)<\/li>\n<li>Model: A1502<\/li>\n<li>Identifikator modela: MacBookPro12,1<\/li>\n<li>Boja: srebrna Wi-Fi<\/li>\n<\/ul>\n<p>Ova zamjenska plo\u010da slu\u017ei kao bitna komponenta koja osigurava da va\u0161 MacBook Pro radi u najboljem izdanju. Bez obzira na to imate li problema s povezivanjem ili trebate zamijeniti postoje\u0107u HDMI USB plo\u010du, ovaj dio \u0107e se neprimjetno integrirati u va\u0161 ure\u0111aj, vra\u0107aju\u0107i mogu\u0107nosti koje je va\u0161 MacBook Pro izvorno imao.<\/p>\n<p>Imajte na umu da ovaj popis uklju\u010duje prave fotografije HDMI USB plo\u010de bez kabela za model MacBook Pro (Retina, 13 in\u010da, po\u010detak 2015.) A1502. Nema uputa za instalaciju. Ako imate bilo kakvih pitanja ili su vam potrebne dodatne pojedinosti, slobodno se obratite za pomo\u0107.<\/p>\n<p>Osigurajte da va\u0161 MacBook Pro zadr\u017ei svoj puni potencijal povezivanja s ovom zamjenskom HDMI USB plo\u010dom, dizajniranom posebno za model A1502.<\/p>\n","protected":false},"excerpt":{"rendered":"<p>Pobolj\u0161ajte svoj MacBook Pro (Retina, 13 in\u010da, po\u010detak 2015.) ovom HDMI USB plo\u010dom. Posebno dizajnirana za model A1502, ova plo\u010da je zamjenski dio koji vra\u0107a HDMI i USB funkcionalnost u va\u0161em prijenosnom ra\u010dunalu. Idealna za srebrni Wi-Fi MacBookPro12,1, ova plo\u010da osigurava besprijekornu vezu i kompatibilnost, nude\u0107i pouzdane performanse za va\u0161 MacBook Pro.<\/p>\n","protected":false},"featured_media":21241,"template":"","meta":[],"product_brand":[],"product_cat":[62],"product_tag":[86],"class_list":{"0":"post-21182","1":"product","2":"type-product","3":"status-publish","4":"has-post-thumbnail","6":"product_cat-motherboards-board-parts","7":"product_tag-apple","9":"first","10":"instock","11":"taxable","12":"shipping-taxable","13":"purchasable","14":"product-type-simple"},"_links":{"self":[{"href":"https:\/\/boreait.com\/hr\/wp-json\/wp\/v2\/product\/21182","targetHints":{"allow":["GET"]}}],"collection":[{"href":"https:\/\/boreait.com\/hr\/wp-json\/wp\/v2\/product"}],"about":[{"href":"https:\/\/boreait.com\/hr\/wp-json\/wp\/v2\/types\/product"}],"wp:featuredmedia":[{"embeddable":true,"href":"https:\/\/boreait.com\/hr\/wp-json\/wp\/v2\/media\/21241"}],"wp:attachment":[{"href":"https:\/\/boreait.com\/hr\/wp-json\/wp\/v2\/media?parent=21182"}],"wp:term":[{"taxonomy":"product_brand","embeddable":true,"href":"https:\/\/boreait.com\/hr\/wp-json\/wp\/v2\/product_brand?post=21182"},{"taxonomy":"product_cat","embeddable":true,"href":"https:\/\/boreait.com\/hr\/wp-json\/wp\/v2\/product_cat?post=21182"},{"taxonomy":"product_tag","embeddable":true,"href":"https:\/\/boreait.com\/hr\/wp-json\/wp\/v2\/product_tag?post=21182"}],"curies":[{"name":"wp","href":"https:\/\/api.w.org\/{rel}","templated":true}]}}