{"id":21166,"date":"2025-07-25T11:35:13","date_gmt":"2025-07-25T11:35:13","guid":{"rendered":"https:\/\/boreait.com\/hr\/?post_type=product&#038;p=21166"},"modified":"2025-07-25T11:36:21","modified_gmt":"2025-07-25T11:36:21","slug":"donji-poklopac-macbook-pro-retina-13-inca-pocetak-2015-srebrni-wi-fi-a1502-macbookpro121","status":"publish","type":"product","link":"https:\/\/boreait.com\/hr\/product\/donji-poklopac-macbook-pro-retina-13-inca-pocetak-2015-srebrni-wi-fi-a1502-macbookpro121\/","title":{"rendered":"Donji poklopac MacBook Pro Retina 13 in\u010da Po\u010detak 2015 Srebrni Wi-Fi A1502 MacBookPro12,1"},"content":{"rendered":"<p><strong>Ista naslovnica kao na fotografijama u popisu!<\/strong><\/p>\n<p>Dajte svom MacBook Pro Retina 13-in\u010dnom po\u010detkom 2015. novi \u017eivot s originalnim donjim poklopcem u srebrnoj Wi-Fi dizajniranoj za model A1502 MacBookPro12,1. Izra\u0111ena da besprijekorno pristaje, ova maska ne samo da pobolj\u0161ava estetski izgled, ve\u0107 tako\u0111er nudi za\u0161titu i funkcionalnost za va\u0161 ure\u0111aj.<\/p>\n<p>Klju\u010dne zna\u010dajke:<\/p>\n<ul>\n<li>Kompatibilno s: MacBook Pro Retina 13 in\u010da po\u010detkom 2015. A1502 MacBookPro12,1<\/li>\n<li>Boja: srebrna Wi-Fi<\/li>\n<li>Originalni dio za originalno pristajanje i zavr\u0161nu obradu<\/li>\n<\/ul>\n<p>Ovaj donji poklopac je originalni zamjenski dio, koji osigurava dobro pristajanje i o\u010duvanje integriteta va\u0161eg MacBooka. Bilo da trebate zamjenu ili \u017eelite nadogradnju, ovaj autenti\u010dni donji poklopac savr\u0161en je izbor. Imajte na umu da ovaj popis uklju\u010duje stvarne fotografije proizvoda koji \u0107ete dobiti.<\/p>\n<p>Va\u017ena napomena: Ovaj proizvod je samo donji poklopac. Nema uputa za instalaciju. Za sve upite ili pomo\u0107, slobodno nas kontaktirajte. Unaprijedite i za\u0161titite elegantan izgled svog MacBooka Pro s ovom autenti\u010dnom donjom maskom, posebno dizajniranom za model s po\u010detka 2015.<\/p>\n","protected":false},"excerpt":{"rendered":"<p>Pobolj\u0161ajte i za\u0161titite svoj MacBook Pro Retina 13-in\u010dni po\u010detkom 2015. s ovom originalnom donjom maskom. Dizajniran posebno za model A1502 MacBookPro12,1, ovaj srebrni Wi-Fi donji poklopac savr\u0161eno pristaje i osigurava integritet va\u0161eg ure\u0111aja. Zamijenite ili nadogradite donji poklopac va\u0161eg MacBooka ovim autenti\u010dnim dijelom, zadr\u017eavaju\u0107i njegovu izvornu kvalitetu i estetiku.<\/p>\n","protected":false},"featured_media":21226,"template":"","meta":[],"product_brand":[],"product_cat":[51],"product_tag":[86],"class_list":{"0":"post-21166","1":"product","2":"type-product","3":"status-publish","4":"has-post-thumbnail","6":"product_cat-laptop-housing","7":"product_tag-apple","9":"first","10":"instock","11":"taxable","12":"shipping-taxable","13":"purchasable","14":"product-type-simple"},"_links":{"self":[{"href":"https:\/\/boreait.com\/hr\/wp-json\/wp\/v2\/product\/21166","targetHints":{"allow":["GET"]}}],"collection":[{"href":"https:\/\/boreait.com\/hr\/wp-json\/wp\/v2\/product"}],"about":[{"href":"https:\/\/boreait.com\/hr\/wp-json\/wp\/v2\/types\/product"}],"wp:featuredmedia":[{"embeddable":true,"href":"https:\/\/boreait.com\/hr\/wp-json\/wp\/v2\/media\/21226"}],"wp:attachment":[{"href":"https:\/\/boreait.com\/hr\/wp-json\/wp\/v2\/media?parent=21166"}],"wp:term":[{"taxonomy":"product_brand","embeddable":true,"href":"https:\/\/boreait.com\/hr\/wp-json\/wp\/v2\/product_brand?post=21166"},{"taxonomy":"product_cat","embeddable":true,"href":"https:\/\/boreait.com\/hr\/wp-json\/wp\/v2\/product_cat?post=21166"},{"taxonomy":"product_tag","embeddable":true,"href":"https:\/\/boreait.com\/hr\/wp-json\/wp\/v2\/product_tag?post=21166"}],"curies":[{"name":"wp","href":"https:\/\/api.w.org\/{rel}","templated":true}]}}