{"id":21098,"date":"2025-07-25T11:34:06","date_gmt":"2025-07-25T11:34:06","guid":{"rendered":"https:\/\/boreait.com\/hr\/?post_type=product&#038;p=21098"},"modified":"2025-07-25T11:35:12","modified_gmt":"2025-07-25T11:35:12","slug":"wm534-pk37b001200-dell-latitude-d630-pp18l-gornji-poklopac-oslonac-za-ruku","status":"publish","type":"product","link":"https:\/\/boreait.com\/hr\/product\/wm534-pk37b001200-dell-latitude-d630-pp18l-gornji-poklopac-oslonac-za-ruku\/","title":{"rendered":"WM534 PK37B001200 Dell Latitude D630 PP18L gornji poklopac oslonac za ruku"},"content":{"rendered":"<p>WM534 PK37B001200 Dell gornji poklopac oslonac za ruku bitan je zamjenski dio dizajniran za seriju prijenosnih ra\u010dunala Dell Latitude D630 PP18L. Nudi besprijekorno i precizno pristajanje, vra\u0107aju\u0107i izgled i funkcionalnost va\u0161eg prijenosnog ra\u010dunala u izvorno stanje.<\/p>\n<p>Kompatibilnost: Dizajnirano posebno za seriju Dell Latitude D630 PP18L.<\/p>\n<p>Ovaj originalni Dell dio pru\u017ea trajno i pouzdano rje\u0161enje za va\u0161e prijenosno ra\u010dunalo. Instalirajte ga bez napora kako biste zamijenili postoje\u0107i o\u0161te\u0107eni ili istro\u0161eni oslonac za dlan gornjeg poklopca. Imajte na umu da ovaj popis uklju\u010duje prave fotografije WM534 PK37B001200 Dell Latitude D630 PP18L gornjeg poklopca oslonca za ruku. Nema uputa za instalaciju, ali smo tu da vam pomognemo ako imate bilo kakvih pitanja u vezi s proizvodom ili instalacijom.<\/p>\n<p>Vratite izvornu eleganciju i funkcionalnost svom Dell Latitude D630 PP18L s ovim originalnim Dell gornjim poklopcem osloncem za ruku. Ako trebate dodatne informacije ili smjernice, slobodno nam se obratite.<\/p>\n","protected":false},"excerpt":{"rendered":"<p>Pobolj\u0161ajte svoj Dell Latitude D630 PP18L s WM534 PK37B001200 gornjim poklopcem osloncem za ruku. Ovaj zamjenski dio za gornji poklopac oslonca za dlan posebno je dizajniran za seriju Dell Latitude D630 PP18L, osiguravaju\u0107i savr\u0161eno pristajanje. O\u017eivite izgled i dojam va\u0161eg prijenosnog ra\u010dunala s ovom visokokvalitetnom, originalnom Dell komponentom.<\/p>\n","protected":false},"featured_media":21161,"template":"","meta":[],"product_brand":[],"product_cat":[51],"product_tag":[52],"class_list":{"0":"post-21098","1":"product","2":"type-product","3":"status-publish","4":"has-post-thumbnail","6":"product_cat-laptop-housing","7":"product_tag-dell","9":"first","10":"instock","11":"taxable","12":"shipping-taxable","13":"purchasable","14":"product-type-simple"},"_links":{"self":[{"href":"https:\/\/boreait.com\/hr\/wp-json\/wp\/v2\/product\/21098","targetHints":{"allow":["GET"]}}],"collection":[{"href":"https:\/\/boreait.com\/hr\/wp-json\/wp\/v2\/product"}],"about":[{"href":"https:\/\/boreait.com\/hr\/wp-json\/wp\/v2\/types\/product"}],"wp:featuredmedia":[{"embeddable":true,"href":"https:\/\/boreait.com\/hr\/wp-json\/wp\/v2\/media\/21161"}],"wp:attachment":[{"href":"https:\/\/boreait.com\/hr\/wp-json\/wp\/v2\/media?parent=21098"}],"wp:term":[{"taxonomy":"product_brand","embeddable":true,"href":"https:\/\/boreait.com\/hr\/wp-json\/wp\/v2\/product_brand?post=21098"},{"taxonomy":"product_cat","embeddable":true,"href":"https:\/\/boreait.com\/hr\/wp-json\/wp\/v2\/product_cat?post=21098"},{"taxonomy":"product_tag","embeddable":true,"href":"https:\/\/boreait.com\/hr\/wp-json\/wp\/v2\/product_tag?post=21098"}],"curies":[{"name":"wp","href":"https:\/\/api.w.org\/{rel}","templated":true}]}}