{"id":21068,"date":"2025-07-25T11:33:42","date_gmt":"2025-07-25T11:33:42","guid":{"rendered":"https:\/\/boreait.com\/hr\/?post_type=product&#038;p=21068"},"modified":"2026-01-18T12:51:59","modified_gmt":"2026-01-18T12:51:59","slug":"samsung-m470t2864eh3-cf7-memorija-prijenosnog-racunala-1gb-ddr2-pc2-6400-ram-modul-poboljsane-performanse","status":"publish","type":"product","link":"https:\/\/boreait.com\/hr\/product\/samsung-m470t2864eh3-cf7-memorija-prijenosnog-racunala-1gb-ddr2-pc2-6400-ram-modul-poboljsane-performanse\/","title":{"rendered":"Samsung M470T2864EH3-CF7 memorija prijenosnog ra\u010dunala 1GB DDR2 PC2 6400 RAM modul &#8211; pobolj\u0161ane performanse!"},"content":{"rendered":"<p>Memorijski modul za prijenosno ra\u010dunalo Samsung M470T2864EH3-CF7 savr\u0161eno je rje\u0161enje za pobolj\u0161anje performansi va\u0161eg prijenosnog ra\u010dunala. S 1 GB DDR2 memorije koja radi na brzinama PC2-6400, ovaj RAM modul osigurava br\u017ei pristup podacima i bolje mogu\u0107nosti multitaskinga za va\u0161e prijenosno ra\u010dunalo.<\/p>\n<p>Klju\u010dne zna\u010dajke:<\/p>\n<ul>\n<li>Veli\u010dina memorije: 1 GB<\/li>\n<li>Vrsta memorije: DDR2 SDRAM<\/li>\n<li>Brzina memorije: PC2-6400 (800MHz)<\/li>\n<li>Kompatibilnost: Prikladno za razli\u010dite modele prijenosnih ra\u010dunala<\/li>\n<\/ul>\n<p>Iskusite sveukupno pobolj\u0161anje brzine i odziva va\u0161eg prijenosnog ra\u010dunala, \u010dine\u0107i vi\u0161ezada\u0107nost jednostavnom. Bilo da ste povremeni korisnik koji tra\u017ei glatkije operacije ili iskusan korisnik koji zahtijeva vi\u0161e od svog prijenosnog ra\u010dunala, ovaj Samsungov memorijski modul izvrstan je izbor.<\/p>\n<p>Imajte na umu da ovaj popis uklju\u010duje originalne fotografije Samsung M470T2864EH3-CF7 prijenosnog ra\u010dunala 1GB DDR2 PC2 6400 modula. Nema uputa za instalaciju. Ako imate bilo kakvih pitanja ili su vam potrebne dodatne informacije, slobodno nas kontaktirajte. Nadogradite memoriju prijenosnog ra\u010dunala uz Samsung pouzdanost za u\u010dinkovitije iskustvo rada s ra\u010dunalom.<\/p>\n","protected":false},"excerpt":{"rendered":"<p>Pobolj\u0161ajte performanse svog prijenosnog ra\u010dunala sa Samsung M470T2864EH3-CF7 prijenosnom memorijom 1GB DDR2 PC2 6400. Ovaj DDR2 RAM modul dizajniran je za zna\u010dajno pove\u0107anje brzine va\u0161eg prijenosnog ra\u010dunala i mogu\u0107nosti multitaskinga. Nadogradite memoriju svog prijenosnog ra\u010dunala ovim pouzdanim i u\u010dinkovitim Samsung modulom za glatkije iskustvo rada s ra\u010dunalom.<\/p>\n","protected":false},"featured_media":21129,"template":"","meta":[],"product_brand":[],"product_cat":[76,71],"product_tag":[],"class_list":{"0":"post-21068","1":"product","2":"type-product","3":"status-publish","4":"has-post-thumbnail","6":"product_cat-ddr2","7":"product_cat-ram-memory","9":"first","10":"instock","11":"taxable","12":"shipping-taxable","13":"purchasable","14":"product-type-simple"},"_links":{"self":[{"href":"https:\/\/boreait.com\/hr\/wp-json\/wp\/v2\/product\/21068","targetHints":{"allow":["GET"]}}],"collection":[{"href":"https:\/\/boreait.com\/hr\/wp-json\/wp\/v2\/product"}],"about":[{"href":"https:\/\/boreait.com\/hr\/wp-json\/wp\/v2\/types\/product"}],"wp:featuredmedia":[{"embeddable":true,"href":"https:\/\/boreait.com\/hr\/wp-json\/wp\/v2\/media\/21129"}],"wp:attachment":[{"href":"https:\/\/boreait.com\/hr\/wp-json\/wp\/v2\/media?parent=21068"}],"wp:term":[{"taxonomy":"product_brand","embeddable":true,"href":"https:\/\/boreait.com\/hr\/wp-json\/wp\/v2\/product_brand?post=21068"},{"taxonomy":"product_cat","embeddable":true,"href":"https:\/\/boreait.com\/hr\/wp-json\/wp\/v2\/product_cat?post=21068"},{"taxonomy":"product_tag","embeddable":true,"href":"https:\/\/boreait.com\/hr\/wp-json\/wp\/v2\/product_tag?post=21068"}],"curies":[{"name":"wp","href":"https:\/\/api.w.org\/{rel}","templated":true}]}}