{"id":21043,"date":"2025-07-25T11:33:21","date_gmt":"2025-07-25T11:33:21","guid":{"rendered":"https:\/\/boreait.com\/hr\/?post_type=product&#038;p=21043"},"modified":"2026-01-18T12:45:51","modified_gmt":"2026-01-18T12:45:51","slug":"originalno-prijenosno-racunalo-dell-latitude-e6400-bluetooth-cn-0d459c","status":"publish","type":"product","link":"https:\/\/boreait.com\/hr\/product\/originalno-prijenosno-racunalo-dell-latitude-e6400-bluetooth-cn-0d459c\/","title":{"rendered":"Originalno prijenosno ra\u010dunalo Dell Latitude E6400 Bluetooth CN-0D459C"},"content":{"rendered":"<p>Originalno prijenosno ra\u010dunalo Dell Latitude E6400 Bluetooth CN-0D459C savr\u0161en je dodatak va\u0161em prijenosnom ra\u010dunalu Dell Latitude E6400. Ovaj Bluetooth modul je originalni Dell dio koji osigurava kompatibilnost i pouzdanost.<\/p>\n<p>Klju\u010dne zna\u010dajke:<\/p>\n<ul>\n<li>Model: originalni Dell Latitude E6400 Bluetooth CN-0D459C<\/li>\n<li>Posebno dizajniran za Dell Latitude E6400<\/li>\n<li>Omogu\u0107uje be\u017ei\u010dno povezivanje<\/li>\n<li>Podr\u017eava jednostavan prijenos podataka s ure\u0111ajima koji podr\u017eavaju Bluetooth<\/li>\n<\/ul>\n<p>Ovaj originalni Dell Bluetooth modul omogu\u0107uje va\u0161em Dell Latitude E6400 neprimjetno povezivanje s raznim Bluetooth ure\u0111ajima, od be\u017ei\u010dnih slu\u0161alica do pametnih telefona, olak\u0161avaju\u0107i prijenos podataka i pove\u0107avaju\u0107i svestranost va\u0161eg prijenosnog ra\u010dunala.<\/p>\n<p>Imajte na umu da ovaj popis uklju\u010duje autenti\u010dne fotografije originalnog prijenosnog ra\u010dunala Dell Latitude E6400 Bluetooth CN-0D459C. Va\u017eno je napomenuti da nisu prilo\u017eene upute za instalaciju. Slobodno nas kontaktirajte ako trebate dodatne informacije ili pomo\u0107. Pove\u0107ajte mogu\u0107nosti svog prijenosnog ra\u010dunala Dell Latitude E6400 s ovim originalnim Dell Bluetooth modulom.<\/p>\n","protected":false},"excerpt":{"rendered":"<p>Pobolj\u0161ajte svoje prijenosno ra\u010dunalo Dell Latitude E6400 s originalnim Dell Latitude E6400 Bluetooth CN-0D459C. Ovaj autenti\u010dni Bluetooth modul je posebno dizajniran za besprijekornu kompatibilnost s va\u0161im Dell Latitude E6400. U\u017eivajte u be\u017ei\u010dnom povezivanju i jednostavnom prijenosu podataka, omogu\u0107uju\u0107i \u0161irokom rasponu ure\u0111aja koji podr\u017eavaju Bluetooth da se bez napora pove\u017eu s va\u0161im prijenosnim ra\u010dunalom. Nadogradite svoj Dell Latitude E6400 originalnim Dell komponentama za optimalne performanse.<\/p>\n","protected":false},"featured_media":21105,"template":"","meta":[],"product_brand":[],"product_cat":[62],"product_tag":[52],"class_list":{"0":"post-21043","1":"product","2":"type-product","3":"status-publish","4":"has-post-thumbnail","6":"product_cat-motherboards-board-parts","7":"product_tag-dell","9":"first","10":"instock","11":"taxable","12":"shipping-taxable","13":"purchasable","14":"product-type-simple"},"_links":{"self":[{"href":"https:\/\/boreait.com\/hr\/wp-json\/wp\/v2\/product\/21043","targetHints":{"allow":["GET"]}}],"collection":[{"href":"https:\/\/boreait.com\/hr\/wp-json\/wp\/v2\/product"}],"about":[{"href":"https:\/\/boreait.com\/hr\/wp-json\/wp\/v2\/types\/product"}],"wp:featuredmedia":[{"embeddable":true,"href":"https:\/\/boreait.com\/hr\/wp-json\/wp\/v2\/media\/21105"}],"wp:attachment":[{"href":"https:\/\/boreait.com\/hr\/wp-json\/wp\/v2\/media?parent=21043"}],"wp:term":[{"taxonomy":"product_brand","embeddable":true,"href":"https:\/\/boreait.com\/hr\/wp-json\/wp\/v2\/product_brand?post=21043"},{"taxonomy":"product_cat","embeddable":true,"href":"https:\/\/boreait.com\/hr\/wp-json\/wp\/v2\/product_cat?post=21043"},{"taxonomy":"product_tag","embeddable":true,"href":"https:\/\/boreait.com\/hr\/wp-json\/wp\/v2\/product_tag?post=21043"}],"curies":[{"name":"wp","href":"https:\/\/api.w.org\/{rel}","templated":true}]}}