{"id":21039,"date":"2025-07-25T11:33:20","date_gmt":"2025-07-25T11:33:20","guid":{"rendered":"https:\/\/boreait.com\/hr\/?post_type=product&#038;p=21039"},"modified":"2026-01-18T12:44:49","modified_gmt":"2026-01-18T12:44:49","slug":"poklopac-za-prijenosno-racunalo-asus-a6t-dzc13gncg10p130-2-originalni-zamjenski-dio","status":"publish","type":"product","link":"https:\/\/boreait.com\/hr\/product\/poklopac-za-prijenosno-racunalo-asus-a6t-dzc13gncg10p130-2-originalni-zamjenski-dio\/","title":{"rendered":"Poklopac za prijenosno ra\u010dunalo Asus A6T DZC13GNCG10P130-2 &#8211; originalni zamjenski dio!"},"content":{"rendered":"<p>Poklopac za prijenosno ra\u010dunalo Asus A6T DZC13GNCG10P130-2 je originalni zamjenski dio dizajniran posebno za model Asus A6T. Vratite elegantan i originalan izgled svom prijenosnom ra\u010dunalu s ovom autenti\u010dnom maskom.<\/p>\n<p>Kompatibilna s Asus A6T, ova maska savr\u0161eno pristaje i odr\u017eava kvalitetu i integritet va\u0161eg prijenosnog ra\u010dunala. Izra\u0111en je prema istim standardima kao i originalni dio koji ste dobili s va\u0161im ure\u0111ajem, \u0161to jam\u010di besprijekornu zamjenu i profesionalnu zavr\u0161nu obradu.<\/p>\n<p>Imajte na umu da ovaj popis uklju\u010duje stvarne fotografije poklopca prijenosnog ra\u010dunala Asus A6T DZC13GNCG10P130-2 i da nema uputa za instalaciju. Ako imate bilo kakvih upita ili trebate dodatne informacije, slobodno nas kontaktirajte. Obnovite izgled svog Asusa A6T s ovom originalnom zamjenskom maskom.<\/p>\n","protected":false},"excerpt":{"rendered":"<p>Zamijenite masku za prijenosno ra\u010dunalo Asus A6T originalnom maskom Asus A6T DZC13GNCG10P130-2. Ovaj originalni zamjenski dio osigurava savr\u0161eno pristajanje i kvalitetu za va\u0161 model Asus A6T. Vratite izgled svog prijenosnog ra\u010dunala u izvorno stanje s ovom autenti\u010dnom maskom.<\/p>\n","protected":false},"featured_media":21089,"template":"","meta":[],"product_brand":[],"product_cat":[51],"product_tag":[65],"class_list":{"0":"post-21039","1":"product","2":"type-product","3":"status-publish","4":"has-post-thumbnail","6":"product_cat-laptop-housing","7":"product_tag-asus","9":"first","10":"instock","11":"taxable","12":"shipping-taxable","13":"purchasable","14":"product-type-simple"},"_links":{"self":[{"href":"https:\/\/boreait.com\/hr\/wp-json\/wp\/v2\/product\/21039","targetHints":{"allow":["GET"]}}],"collection":[{"href":"https:\/\/boreait.com\/hr\/wp-json\/wp\/v2\/product"}],"about":[{"href":"https:\/\/boreait.com\/hr\/wp-json\/wp\/v2\/types\/product"}],"wp:featuredmedia":[{"embeddable":true,"href":"https:\/\/boreait.com\/hr\/wp-json\/wp\/v2\/media\/21089"}],"wp:attachment":[{"href":"https:\/\/boreait.com\/hr\/wp-json\/wp\/v2\/media?parent=21039"}],"wp:term":[{"taxonomy":"product_brand","embeddable":true,"href":"https:\/\/boreait.com\/hr\/wp-json\/wp\/v2\/product_brand?post=21039"},{"taxonomy":"product_cat","embeddable":true,"href":"https:\/\/boreait.com\/hr\/wp-json\/wp\/v2\/product_cat?post=21039"},{"taxonomy":"product_tag","embeddable":true,"href":"https:\/\/boreait.com\/hr\/wp-json\/wp\/v2\/product_tag?post=21039"}],"curies":[{"name":"wp","href":"https:\/\/api.w.org\/{rel}","templated":true}]}}