{"id":21038,"date":"2025-07-25T11:33:20","date_gmt":"2025-07-25T11:33:20","guid":{"rendered":"https:\/\/boreait.com\/hr\/?post_type=product&#038;p=21038"},"modified":"2026-01-18T10:19:34","modified_gmt":"2026-01-18T10:19:34","slug":"vrata-poklopca-ram-memorije-prijenosnog-racunala-lenovo-thinkpad-sl510","status":"publish","type":"product","link":"https:\/\/boreait.com\/hr\/product\/vrata-poklopca-ram-memorije-prijenosnog-racunala-lenovo-thinkpad-sl510\/","title":{"rendered":"Vrata poklopca Ram memorije prijenosnog ra\u010dunala Lenovo Thinkpad SL510"},"content":{"rendered":"<p>Lenovo thinkpad SL510 prijenosno ra\u010dunalo Memory Ram Cover Door &#8211;\u00a0 Plasti\u010dni poklopac baze prijenosnog ra\u010dunala nudi pouzdano rje\u0161enje za zamjenu istro\u0161enih ili o\u0161te\u0107enih poklopaca baze.<\/p>\n<p>Izra\u0111ena imaju\u0107i na umu trajnost, ova maska slu\u017ei kao idealan zamjenski dio za prijenosna ra\u010dunala koja zahtijevaju svje\u017eu, robusnu bazu. Vratite svom prijenosnom ra\u010dunalu estetiku i za\u0161titite njegove unutarnje komponente.<\/p>\n<p>Klju\u010dne zna\u010dajke:<\/p>\n<ul>\n<li>Kompatibilnost: Lenovo Thinkpad SL510<\/li>\n<li>Materijal: izdr\u017eljiva plastika<\/li>\n<li>Osigurava za\u0161titu za unutarnje komponente prijenosnog ra\u010dunala<\/li>\n<li>Zamjenski dio koji to\u010dno odgovara<\/li>\n<\/ul>\n<p>&nbsp;<\/p>\n","protected":false},"excerpt":{"rendered":"<p>Vrata poklopca Ram memorije prijenosnog ra\u010dunala Lenovo Thinkpad SL510.<\/p>\n","protected":false},"featured_media":21087,"template":"","meta":[],"product_brand":[],"product_cat":[51],"product_tag":[61],"class_list":{"0":"post-21038","1":"product","2":"type-product","3":"status-publish","4":"has-post-thumbnail","6":"product_cat-laptop-housing","7":"product_tag-lenovo","9":"first","10":"instock","11":"taxable","12":"shipping-taxable","13":"purchasable","14":"product-type-simple"},"_links":{"self":[{"href":"https:\/\/boreait.com\/hr\/wp-json\/wp\/v2\/product\/21038","targetHints":{"allow":["GET"]}}],"collection":[{"href":"https:\/\/boreait.com\/hr\/wp-json\/wp\/v2\/product"}],"about":[{"href":"https:\/\/boreait.com\/hr\/wp-json\/wp\/v2\/types\/product"}],"wp:featuredmedia":[{"embeddable":true,"href":"https:\/\/boreait.com\/hr\/wp-json\/wp\/v2\/media\/21087"}],"wp:attachment":[{"href":"https:\/\/boreait.com\/hr\/wp-json\/wp\/v2\/media?parent=21038"}],"wp:term":[{"taxonomy":"product_brand","embeddable":true,"href":"https:\/\/boreait.com\/hr\/wp-json\/wp\/v2\/product_brand?post=21038"},{"taxonomy":"product_cat","embeddable":true,"href":"https:\/\/boreait.com\/hr\/wp-json\/wp\/v2\/product_cat?post=21038"},{"taxonomy":"product_tag","embeddable":true,"href":"https:\/\/boreait.com\/hr\/wp-json\/wp\/v2\/product_tag?post=21038"}],"curies":[{"name":"wp","href":"https:\/\/api.w.org\/{rel}","templated":true}]}}