{"id":21014,"date":"2025-07-25T11:32:57","date_gmt":"2025-07-25T11:32:57","guid":{"rendered":"https:\/\/boreait.com\/hr\/?post_type=product&#038;p=21014"},"modified":"2026-01-18T10:18:34","modified_gmt":"2026-01-18T10:18:34","slug":"lenovo-wlan-wifi-kartica-3-generacije-00jt464-originalna-zamjena","status":"publish","type":"product","link":"https:\/\/boreait.com\/hr\/product\/lenovo-wlan-wifi-kartica-3-generacije-00jt464-originalna-zamjena\/","title":{"rendered":"Lenovo WLAN WiFi kartica 3. generacije 00JT464 &#8211; originalna zamjena!"},"content":{"rendered":"<p>Nadogradite svoje prijenosno ra\u010dunalo Lenovo THINKPAD X1 Carbon 3. generacije s autenti\u010dnom Lenovo WLAN WiFi karticom 00JT464. Ovaj originalni dio izra\u0111en je za pru\u017eanje iznimne be\u017ei\u010dne povezivosti i posebno je dizajniran da pristaje i besprijekorno funkcionira s va\u0161im modelom X1 Carbon 3rd Gen.<\/p>\n<p>Klju\u010dne zna\u010dajke:<\/p>\n<ul>\n<li>Model: 00JT464<\/li>\n<li>Kompatibilan s Lenovo THINKPAD X1 Carbon 3rd Gen<\/li>\n<li>Osigurava pouzdano i brzo be\u017ei\u010dno povezivanje<\/li>\n<li>Originalni Lenovo zamjenski dio<\/li>\n<li>Neka od kompatibilnih prijenosnih ra\u010dunala: Lenovo THINKPAD L450, Lenovo THINKPAD X250, Lenovo THINKPAD T450, T550, T450s, THINKPAD X1 Carbon 3rd Gen<\/li>\n<\/ul>\n<p>Iskusite neprekinutu povezanost za svoje potrebe pregledavanja, strujanja i prijenosa podataka. U\u017eivajte u bezbri\u017enosti koju donosi kori\u0161tenje originalnog Lenovo zamjenskog dijela koji je prilago\u0111en da pru\u017ei najbolje performanse za va\u0161 X1 Carbon 3rd Gen.<\/p>\n<p>Imajte na umu da popis sadr\u017ei fotografije stvarnih proizvoda i da nema uputa za instalaciju. Za sve upite ili dodatne informacije slobodno nas kontaktirajte. Unaprijedite povezivost svog Lenovo X1 Carbon 3. generacije s ovom originalnom Lenovo WLAN WiFi karticom 00JT464.<\/p>\n","protected":false},"excerpt":{"rendered":"<p>Pobolj\u0161ajte svoj Lenovo THINKPAD X1 Carbon 3rd Gen s originalnom Lenovo WLAN WiFi karticom 00JT464. Ova visokokvalitetna zamjenska kartica osigurava pouzdano i brzo be\u017ei\u010dno povezivanje, prilago\u0111eno va\u0161em prijenosnom ra\u010dunalu. U\u017eivajte u besprijekornom pregledavanju, strujanju i povezivanju s ovom originalnom Lenovo karticom dizajniranom za va\u0161 X1 Carbon 3rd Gen.<\/p>\n","protected":false},"featured_media":21078,"template":"","meta":[],"product_brand":[],"product_cat":[62],"product_tag":[61],"class_list":{"0":"post-21014","1":"product","2":"type-product","3":"status-publish","4":"has-post-thumbnail","6":"product_cat-motherboards-board-parts","7":"product_tag-lenovo","9":"first","10":"instock","11":"taxable","12":"shipping-taxable","13":"purchasable","14":"product-type-simple"},"_links":{"self":[{"href":"https:\/\/boreait.com\/hr\/wp-json\/wp\/v2\/product\/21014","targetHints":{"allow":["GET"]}}],"collection":[{"href":"https:\/\/boreait.com\/hr\/wp-json\/wp\/v2\/product"}],"about":[{"href":"https:\/\/boreait.com\/hr\/wp-json\/wp\/v2\/types\/product"}],"wp:featuredmedia":[{"embeddable":true,"href":"https:\/\/boreait.com\/hr\/wp-json\/wp\/v2\/media\/21078"}],"wp:attachment":[{"href":"https:\/\/boreait.com\/hr\/wp-json\/wp\/v2\/media?parent=21014"}],"wp:term":[{"taxonomy":"product_brand","embeddable":true,"href":"https:\/\/boreait.com\/hr\/wp-json\/wp\/v2\/product_brand?post=21014"},{"taxonomy":"product_cat","embeddable":true,"href":"https:\/\/boreait.com\/hr\/wp-json\/wp\/v2\/product_cat?post=21014"},{"taxonomy":"product_tag","embeddable":true,"href":"https:\/\/boreait.com\/hr\/wp-json\/wp\/v2\/product_tag?post=21014"}],"curies":[{"name":"wp","href":"https:\/\/api.w.org\/{rel}","templated":true}]}}