{"id":21013,"date":"2025-07-25T11:32:57","date_gmt":"2025-07-25T11:32:57","guid":{"rendered":"https:\/\/boreait.com\/hr\/?post_type=product&#038;p=21013"},"modified":"2025-07-25T11:33:45","modified_gmt":"2025-07-25T11:33:45","slug":"originalna-bluetooth-kartica-serije-lenovo-thinkpad-mini-10-x100e-60y3199","status":"publish","type":"product","link":"https:\/\/boreait.com\/hr\/product\/originalna-bluetooth-kartica-serije-lenovo-thinkpad-mini-10-x100e-60y3199\/","title":{"rendered":"Originalna Bluetooth kartica serije Lenovo ThinkPad Mini 10 X100E 60Y3199"},"content":{"rendered":"<p>Nadogradite povezivost va\u0161eg Lenovo ThinkPada s originalnom Bluetooth karticom serije Lenovo ThinkPad Mini 10 X100E 60Y3199. Posebno dizajnirana za seriju X100E, ova originalna Lenovo Bluetooth kartica osigurava besprijekornu i pouzdanu Bluetooth vezu.<\/p>\n<p>Klju\u010dne zna\u010dajke:<\/p>\n<ul>\n<li>Kompatibilno s serijom Lenovo ThinkPad X100E<\/li>\n<li>Originalni Lenovo dio &#8211; 60Y3199<\/li>\n<li>Pobolj\u0161ava Bluetooth vezu<\/li>\n<li>Jednostavna instalacija<\/li>\n<\/ul>\n<p>Ova Bluetooth kartica omogu\u0107uje be\u017ei\u010dnu komunikaciju, omogu\u0107uju\u0107i jednostavno uparivanje s kompatibilnim ure\u0111ajima i perifernim ure\u0111ajima. To je idealno rje\u0161enje za korisnike koji tra\u017ee pro\u0161irene mogu\u0107nosti povezivanja za svoj ThinkPad.<\/p>\n<p>Imajte na umu da su stvarne slike proizvoda originalne Bluetooth kartice serije Lenovo ThinkPad Mini 10 X100E 60Y3199 uklju\u010dene u ovaj popis. Nema uputa za instalaciju. Za sve dodatne upite ili pomo\u0107, slobodno nam se obratite. Pove\u0107ajte mogu\u0107nosti va\u0161eg ThinkPada s ovom originalnom Lenovo Bluetooth karticom za pobolj\u0161ano be\u017ei\u010dno iskustvo.<\/p>\n","protected":false},"excerpt":{"rendered":"<p>Pobolj\u0161ajte povezivost va\u0161eg Lenovo ThinkPada s originalnom Bluetooth karticom serije Lenovo ThinkPad Mini 10 X100E 60Y3199. Ova Bluetooth kartica dizajnirana je za besprijekornu integraciju sa serijom X100E, pru\u017eaju\u0107i pouzdanu i u\u010dinkovitu Bluetooth vezu. Iskusite prakti\u010dne be\u017ei\u010dne veze za svoj ThinkPad, osiguravaju\u0107i glatko i svestranije korisni\u010dko iskustvo.<\/p>\n","protected":false},"featured_media":21077,"template":"","meta":[],"product_brand":[],"product_cat":[62],"product_tag":[61],"class_list":{"0":"post-21013","1":"product","2":"type-product","3":"status-publish","4":"has-post-thumbnail","6":"product_cat-motherboards-board-parts","7":"product_tag-lenovo","9":"first","10":"instock","11":"taxable","12":"shipping-taxable","13":"purchasable","14":"product-type-simple"},"_links":{"self":[{"href":"https:\/\/boreait.com\/hr\/wp-json\/wp\/v2\/product\/21013","targetHints":{"allow":["GET"]}}],"collection":[{"href":"https:\/\/boreait.com\/hr\/wp-json\/wp\/v2\/product"}],"about":[{"href":"https:\/\/boreait.com\/hr\/wp-json\/wp\/v2\/types\/product"}],"wp:featuredmedia":[{"embeddable":true,"href":"https:\/\/boreait.com\/hr\/wp-json\/wp\/v2\/media\/21077"}],"wp:attachment":[{"href":"https:\/\/boreait.com\/hr\/wp-json\/wp\/v2\/media?parent=21013"}],"wp:term":[{"taxonomy":"product_brand","embeddable":true,"href":"https:\/\/boreait.com\/hr\/wp-json\/wp\/v2\/product_brand?post=21013"},{"taxonomy":"product_cat","embeddable":true,"href":"https:\/\/boreait.com\/hr\/wp-json\/wp\/v2\/product_cat?post=21013"},{"taxonomy":"product_tag","embeddable":true,"href":"https:\/\/boreait.com\/hr\/wp-json\/wp\/v2\/product_tag?post=21013"}],"curies":[{"name":"wp","href":"https:\/\/api.w.org\/{rel}","templated":true}]}}