{"id":21010,"date":"2025-07-25T11:32:57","date_gmt":"2025-07-25T11:32:57","guid":{"rendered":"https:\/\/boreait.com\/hr\/?post_type=product&#038;p=21010"},"modified":"2026-01-18T10:17:35","modified_gmt":"2026-01-18T10:17:35","slug":"transcend-512mb-ddr2-667-so-dimm-ram-memorijski-modul-za-prijenosna-racunala","status":"publish","type":"product","link":"https:\/\/boreait.com\/hr\/product\/transcend-512mb-ddr2-667-so-dimm-ram-memorijski-modul-za-prijenosna-racunala\/","title":{"rendered":"Transcend 512MB DDR2 667 SO-DIMM RAM memorijski modul za prijenosna ra\u010dunala"},"content":{"rendered":"<p>Transcend 512MB DDR2 667 SO-DIMM prijenosni RAM memorijski modul je pouzdano rje\u0161enje za revitalizaciju performansi va\u0161eg prijenosnog ra\u010dunala. Ovaj DDR2 RAM modul nudi izda\u0161nih 512 MB memorijskog kapaciteta, \u0161to ga \u010dini izvrsnim izborom za pobolj\u0161anje mogu\u0107nosti va\u0161eg prijenosnog ra\u010dunala.<\/p>\n<p>Klju\u010dne zna\u010dajke:<\/p>\n<ul>\n<li>Kapacitet memorije: 512 MB<\/li>\n<li>Vrsta memorije: DDR2<\/li>\n<li>Brzina memorije: 667MHz<\/li>\n<li>Faktor oblika: SO-DIMM<\/li>\n<\/ul>\n<p>S ovim Transcend memorijskim modulom mo\u017eete iskusiti br\u017ee pokretanje, glatkiji multitasking i br\u017ee u\u010ditavanje aplikacija. To je idealna nadogradnja za starija prijenosna ra\u010dunala ili kao zamjena za neispravne memorijske module. Osim toga, lako se instalira, osiguravaju\u0107i proces nadogradnje bez muke.<\/p>\n<p>Bilo da radite na uredskim zadacima, u\u017eivate u multimediji ili \u010dak lagano igrate, ovaj memorijski modul pomo\u0107i \u0107e va\u0161em prijenosnom ra\u010dunalu da sve to podnese s lako\u0107om. Kompatibilan je s raznim modelima prijenosnih ra\u010dunala, \u0161to ga \u010dini svestranim izborom za mnoge korisnike.<\/p>\n<p>Imajte na umu da ovaj popis uklju\u010duje stvarne fotografije Transcend 512MB DDR2 667 SO-DIMM RAM memorijskog modula za prijenosna ra\u010dunala i da nema uputa za instalaciju. Ako imate pitanja ili trebate dodatne informacije, slobodno nas kontaktirajte. Dajte svom prijenosnom ra\u010dunalu pove\u0107anje performansi koje zaslu\u017euje s ovim Transcend RAM modulom.<\/p>\n","protected":false},"excerpt":{"rendered":"<p>Pobolj\u0161ajte brzinu i odziv va\u0161eg prijenosnog ra\u010dunala s Transcend 512MB DDR2 667 SO-DIMM RAM memorijskim modulom za prijenosna ra\u010dunala. Ova visokokvalitetna memorijska nadogradnja osmi\u0161ljena je za zna\u010dajno pove\u0107anje performansi va\u0161eg prijenosnog ra\u010dunala. S 512 MB DDR2 RAM-a, to je savr\u0161en izbor za pobolj\u0161anje multitaskinga i ukupne performanse sustava.<\/p>\n","protected":false},"featured_media":21062,"template":"","meta":[],"product_brand":[],"product_cat":[76,71],"product_tag":[],"class_list":{"0":"post-21010","1":"product","2":"type-product","3":"status-publish","4":"has-post-thumbnail","6":"product_cat-ddr2","7":"product_cat-ram-memory","9":"first","10":"instock","11":"taxable","12":"shipping-taxable","13":"purchasable","14":"product-type-simple"},"_links":{"self":[{"href":"https:\/\/boreait.com\/hr\/wp-json\/wp\/v2\/product\/21010","targetHints":{"allow":["GET"]}}],"collection":[{"href":"https:\/\/boreait.com\/hr\/wp-json\/wp\/v2\/product"}],"about":[{"href":"https:\/\/boreait.com\/hr\/wp-json\/wp\/v2\/types\/product"}],"wp:featuredmedia":[{"embeddable":true,"href":"https:\/\/boreait.com\/hr\/wp-json\/wp\/v2\/media\/21062"}],"wp:attachment":[{"href":"https:\/\/boreait.com\/hr\/wp-json\/wp\/v2\/media?parent=21010"}],"wp:term":[{"taxonomy":"product_brand","embeddable":true,"href":"https:\/\/boreait.com\/hr\/wp-json\/wp\/v2\/product_brand?post=21010"},{"taxonomy":"product_cat","embeddable":true,"href":"https:\/\/boreait.com\/hr\/wp-json\/wp\/v2\/product_cat?post=21010"},{"taxonomy":"product_tag","embeddable":true,"href":"https:\/\/boreait.com\/hr\/wp-json\/wp\/v2\/product_tag?post=21010"}],"curies":[{"name":"wp","href":"https:\/\/api.w.org\/{rel}","templated":true}]}}