{"id":21008,"date":"2025-07-25T11:32:57","date_gmt":"2025-07-25T11:32:57","guid":{"rendered":"https:\/\/boreait.com\/hr\/?post_type=product&#038;p=21008"},"modified":"2026-01-18T10:16:58","modified_gmt":"2026-01-18T10:16:58","slug":"asus-eee-pc-1005pr-audio-usb-ploca-60-0a1li01000-a03","status":"publish","type":"product","link":"https:\/\/boreait.com\/hr\/product\/asus-eee-pc-1005pr-audio-usb-ploca-60-0a1li01000-a03\/","title":{"rendered":"Asus Eee PC 1005PR audio USB plo\u010da 60-0A1LI01000-A03"},"content":{"rendered":"<p>O\u017eivite svoj Asus Eee PC 1005PR s Asus Eee PC 1005PR Audio USB plo\u010dom 60-0A1LI01000-A03, originalnim zamjenskim dijelom dizajniranim za vra\u0107anje audio i USB funkcionalnosti na va\u0161 ure\u0111aj.<\/p>\n<p>Ova plo\u010da slu\u017ei kao izravna zamjena za originalni dio, rje\u0161avaju\u0107i probleme vezane uz zvuk i USB koji mogu utjecati na performanse va\u0161eg prijenosnog ra\u010dunala. Bilo da je va\u0161 ure\u0111aj imao problema sa izlazom zvuka ili problema s USB vezom, ova autenti\u010dna plo\u010da mo\u017ee rije\u0161iti te nedoumice, pru\u017eaju\u0107i besprijekornu funkcionalnost.<\/p>\n<p>Klju\u010dne zna\u010dajke:<\/p>\n<ul>\n<li>Kompatibilno s Asus Eee PC 1005PR<\/li>\n<li>Broj dijela: 60-0A1LI01000-A03<\/li>\n<li>Originalni Asusov zamjenski dio<\/li>\n<\/ul>\n<p>Napominjemo da popis uklju\u010duje stvarne fotografije proizvoda Asus Eee PC 1005PR audio USB plo\u010de 60-0A1LI01000-A03. Upute za instalaciju nisu uklju\u010dene, ali ako trebate dodatnu pomo\u0107 ili imate bilo kakvih pitanja, slobodno nas kontaktirajte. Vratite svom Asus Eee PC 1005PR njegovu punu sposobnost s ovim originalnim zamjenskim dijelom za audio USB plo\u010du.<\/p>\n","protected":false},"excerpt":{"rendered":"<p>Pobolj\u0161ajte svoj Asus Eee PC 1005PR ovim autenti\u010dnim zamjenskim dijelom za audio USB plo\u010du 60-0A1LI01000-A03. Obnovite audio i USB funkcionalnost prijenosnog ra\u010dunala pomo\u0107u ove originalne plo\u010de. Savr\u0161eno za rje\u0161avanje problema povezanih sa izlazom zvuka i USB vezom, osiguravaju\u0107i da va\u0161 Asus Eee PC 1005PR radi u najboljem izdanju.<\/p>\n","protected":false},"featured_media":21059,"template":"","meta":[],"product_brand":[],"product_cat":[62],"product_tag":[65],"class_list":{"0":"post-21008","1":"product","2":"type-product","3":"status-publish","4":"has-post-thumbnail","6":"product_cat-motherboards-board-parts","7":"product_tag-asus","9":"first","10":"instock","11":"taxable","12":"shipping-taxable","13":"purchasable","14":"product-type-simple"},"_links":{"self":[{"href":"https:\/\/boreait.com\/hr\/wp-json\/wp\/v2\/product\/21008","targetHints":{"allow":["GET"]}}],"collection":[{"href":"https:\/\/boreait.com\/hr\/wp-json\/wp\/v2\/product"}],"about":[{"href":"https:\/\/boreait.com\/hr\/wp-json\/wp\/v2\/types\/product"}],"wp:featuredmedia":[{"embeddable":true,"href":"https:\/\/boreait.com\/hr\/wp-json\/wp\/v2\/media\/21059"}],"wp:attachment":[{"href":"https:\/\/boreait.com\/hr\/wp-json\/wp\/v2\/media?parent=21008"}],"wp:term":[{"taxonomy":"product_brand","embeddable":true,"href":"https:\/\/boreait.com\/hr\/wp-json\/wp\/v2\/product_brand?post=21008"},{"taxonomy":"product_cat","embeddable":true,"href":"https:\/\/boreait.com\/hr\/wp-json\/wp\/v2\/product_cat?post=21008"},{"taxonomy":"product_tag","embeddable":true,"href":"https:\/\/boreait.com\/hr\/wp-json\/wp\/v2\/product_tag?post=21008"}],"curies":[{"name":"wp","href":"https:\/\/api.w.org\/{rel}","templated":true}]}}