{"id":20991,"date":"2025-07-25T11:32:36","date_gmt":"2025-07-25T11:32:36","guid":{"rendered":"https:\/\/boreait.com\/hr\/?post_type=product&#038;p=20991"},"modified":"2026-01-18T10:16:40","modified_gmt":"2026-01-18T10:16:40","slug":"citac-otisaka-senzora-lenovo-thinkpad-t440s-0c45851","status":"publish","type":"product","link":"https:\/\/boreait.com\/hr\/product\/citac-otisaka-senzora-lenovo-thinkpad-t440s-0c45851\/","title":{"rendered":"\u010cita\u010d otisaka senzora Lenovo THINKPAD T440s 0C45851"},"content":{"rendered":"<p>\u010cita\u010d otiska senzora Lenovo THINKPAD T440s 0C45851 autenti\u010dni je zamjenski dio izra\u0111en za vra\u0107anje funkcionalnosti senzora va\u0161eg prijenosnog ra\u010dunala. Projektiran je tako da odgovara izvornom dijelu, osiguravaju\u0107i savr\u0161eno pristajanje i pouzdan rad.<\/p>\n<p>Ovaj originalni \u010dita\u010d poma\u017ee u odr\u017eavanju to\u010dnosti i funkcionalnosti senzora va\u0161eg prijenosnog ra\u010dunala, osiguravaju\u0107i da va\u0161e prijenosno ra\u010dunalo radi na najbolji na\u010din. Jednostavan za instalaciju, omogu\u0107uje jednostavan postupak zamjene, daju\u0107i va\u0161em Lenovo THINKPAD T440s potrebnu preciznost.<\/p>\n<p>Klju\u010dne zna\u010dajke:<\/p>\n<ul>\n<li>Kompatibilno s Lenovo THINKPAD T440s<\/li>\n<li>Originalni Lenovo zamjenski dio<\/li>\n<li>Dizajniran za trag senzora<\/li>\n<\/ul>\n<p>Imajte na umu da ovaj popis uklju\u010duje stvarne fotografije Lenovo THINKPAD T440s Sensor Footprint Reader 0C45851 i da nema uputa za instalaciju. Ako trebate dodatnu pomo\u0107 ili imate pitanja, slobodno nam se obratite. Vratite to\u010dnost i performanse senzora va\u0161eg prijenosnog ra\u010dunala s ovim autenti\u010dnim Lenovo zamjenskim dijelom.<\/p>\n","protected":false},"excerpt":{"rendered":"<p>Vratite svoj Lenovo THINKPAD T440s u optimalno stanje s originalnim senzorskim \u010dita\u010dem otiska 0C45851. Ovaj slu\u017ebeni zamjenski dio osigurava ispravnu funkcionalnost senzora va\u0161eg prijenosnog ra\u010dunala, pridonose\u0107i pobolj\u0161anom korisni\u010dkom iskustvu. Jednostavna za instalaciju, ova je komponenta dizajnirana da besprijekorno pristaje i obnovi rad i to\u010dnost senzora va\u0161eg prijenosnog ra\u010dunala.<\/p>\n","protected":false},"featured_media":21058,"template":"","meta":[],"product_brand":[],"product_cat":[62],"product_tag":[61],"class_list":{"0":"post-20991","1":"product","2":"type-product","3":"status-publish","4":"has-post-thumbnail","6":"product_cat-motherboards-board-parts","7":"product_tag-lenovo","9":"first","10":"instock","11":"taxable","12":"shipping-taxable","13":"purchasable","14":"product-type-simple"},"_links":{"self":[{"href":"https:\/\/boreait.com\/hr\/wp-json\/wp\/v2\/product\/20991","targetHints":{"allow":["GET"]}}],"collection":[{"href":"https:\/\/boreait.com\/hr\/wp-json\/wp\/v2\/product"}],"about":[{"href":"https:\/\/boreait.com\/hr\/wp-json\/wp\/v2\/types\/product"}],"wp:featuredmedia":[{"embeddable":true,"href":"https:\/\/boreait.com\/hr\/wp-json\/wp\/v2\/media\/21058"}],"wp:attachment":[{"href":"https:\/\/boreait.com\/hr\/wp-json\/wp\/v2\/media?parent=20991"}],"wp:term":[{"taxonomy":"product_brand","embeddable":true,"href":"https:\/\/boreait.com\/hr\/wp-json\/wp\/v2\/product_brand?post=20991"},{"taxonomy":"product_cat","embeddable":true,"href":"https:\/\/boreait.com\/hr\/wp-json\/wp\/v2\/product_cat?post=20991"},{"taxonomy":"product_tag","embeddable":true,"href":"https:\/\/boreait.com\/hr\/wp-json\/wp\/v2\/product_tag?post=20991"}],"curies":[{"name":"wp","href":"https:\/\/api.w.org\/{rel}","templated":true}]}}