{"id":20989,"date":"2025-07-25T11:32:36","date_gmt":"2025-07-25T11:32:36","guid":{"rendered":"https:\/\/boreait.com\/hr\/?post_type=product&#038;p=20989"},"modified":"2025-07-25T11:33:31","modified_gmt":"2025-07-25T11:33:31","slug":"touchpad-za-asus-z83-z83s-plocu-serije-kartica-tm61pde8g307-zamjenski-dio","status":"publish","type":"product","link":"https:\/\/boreait.com\/hr\/product\/touchpad-za-asus-z83-z83s-plocu-serije-kartica-tm61pde8g307-zamjenski-dio\/","title":{"rendered":"Touchpad za ASUS Z83 Z83S plo\u010du serije kartica TM61PDE8G307 &#8211; zamjenski dio"},"content":{"rendered":"<p>Pobolj\u0161ajte svoju ASUS Z83, Z83S ili Z83S karticu serije TM61PDE8G307 s ovim zamjenskim touchpadom. Nude\u0107i pouzdanu i preciznu funkcionalnost, ovaj touchpad vra\u0107a glatku navigaciju va\u0161em prijenosnom ra\u010dunalu.<\/p>\n<p>Dizajniran kao kompatibilni zamjenski dio za odre\u0111ene ASUS modele, ovaj touchpad osigurava besprijekornu integraciju i funkcionalnost. Imajte na umu da uz ovaj proizvod nisu prilo\u017eene nikakve upute za instalaciju. Me\u0111utim, ako je potrebna dodatna pomo\u0107, slobodno nas kontaktirajte.<\/p>\n<p>Imajte na umu da ovaj popis sadr\u017ei stvarne fotografije proizvoda dodirne podloge za ASUS Z83 &#8211; Z83S &#8211; Z83S serije plo\u010da TM61PDE8G307. Za sve upite ili dodatne informacije slobodno se obratite.<\/p>\n","protected":false},"excerpt":{"rendered":"<p>Zamijenite touchpad za ASUS Z83, Z83S ili Z83S karticu serije TM61PDE8G307 ovim visokokvalitetnim zamjenskim dijelom. Osigurajte glatku navigaciju i funkcionalnost za svoje prijenosno ra\u010dunalo.<\/p>\n","protected":false},"featured_media":21055,"template":"","meta":[],"product_brand":[],"product_cat":[77],"product_tag":[65],"class_list":{"0":"post-20989","1":"product","2":"type-product","3":"status-publish","4":"has-post-thumbnail","6":"product_cat-laptop-touchpads","7":"product_tag-asus","9":"first","10":"instock","11":"taxable","12":"shipping-taxable","13":"purchasable","14":"product-type-simple"},"_links":{"self":[{"href":"https:\/\/boreait.com\/hr\/wp-json\/wp\/v2\/product\/20989","targetHints":{"allow":["GET"]}}],"collection":[{"href":"https:\/\/boreait.com\/hr\/wp-json\/wp\/v2\/product"}],"about":[{"href":"https:\/\/boreait.com\/hr\/wp-json\/wp\/v2\/types\/product"}],"wp:featuredmedia":[{"embeddable":true,"href":"https:\/\/boreait.com\/hr\/wp-json\/wp\/v2\/media\/21055"}],"wp:attachment":[{"href":"https:\/\/boreait.com\/hr\/wp-json\/wp\/v2\/media?parent=20989"}],"wp:term":[{"taxonomy":"product_brand","embeddable":true,"href":"https:\/\/boreait.com\/hr\/wp-json\/wp\/v2\/product_brand?post=20989"},{"taxonomy":"product_cat","embeddable":true,"href":"https:\/\/boreait.com\/hr\/wp-json\/wp\/v2\/product_cat?post=20989"},{"taxonomy":"product_tag","embeddable":true,"href":"https:\/\/boreait.com\/hr\/wp-json\/wp\/v2\/product_tag?post=20989"}],"curies":[{"name":"wp","href":"https:\/\/api.w.org\/{rel}","templated":true}]}}