{"id":20987,"date":"2025-07-25T11:32:36","date_gmt":"2025-07-25T11:32:36","guid":{"rendered":"https:\/\/boreait.com\/hr\/?post_type=product&#038;p=20987"},"modified":"2026-01-14T13:51:33","modified_gmt":"2026-01-14T13:51:33","slug":"dell-latitude-e5530-56k-kartica-za-modem-yw011-0yw011-cn-0yw011","status":"publish","type":"product","link":"https:\/\/boreait.com\/hr\/product\/dell-latitude-e5530-56k-kartica-za-modem-yw011-0yw011-cn-0yw011\/","title":{"rendered":"Dell Latitude E5530 56K kartica za modem YW011 0YW011 CN-0YW011"},"content":{"rendered":"<p>Nadogradite ili zamijenite modemsku karticu na va\u0161em Dell Latitude E5530 s 56K modemskom karticom YW011 0YW011 CN-0YW011. Dizajnirana posebno za Latitude E5530, ova kartica osigurava pouzdanu i u\u010dinkovitu mre\u017enu povezanost.<\/p>\n<p>Pojedinosti o proizvodu:<\/p>\n<ul>\n<li>Kompatibilnost: Dell Latitude E5530<\/li>\n<li>Model: 56K plo\u010da modemske kartice YW011 0YW011 CN-0YW011<\/li>\n<li>Neka od kompatibilnih prijenosnih ra\u010dunala: Dell INSPIRON 1525 PP29L, Dell Latitude E5530, LATITUDE D420\/D430<\/li>\n<\/ul>\n<p>Ova originalna Dell modemska kartica idealno je rje\u0161enje za odr\u017eavanje ili ponovno uspostavljanje veze na va\u0161em prijenosnom ra\u010dunalu. Savr\u0161en je za one koji tra\u017ee pouzdanu, kompatibilnu modemsku karticu za svoj Dell Latitude E5530.<\/p>\n<p>Imajte na umu da popis sadr\u017ei autenti\u010dne fotografije Dell Latitude E5530 56K plo\u010de modemske kartice YW011 0YW011 CN-0YW011. Va\u017eno je napomenuti da nema uputa za instalaciju. Ako imate bilo kakvih pitanja ili trebate dodatne pojedinosti, slobodno nam se obratite. Nadogradite svoj Dell Latitude E5530 za optimalno povezivanje s ovom originalnom modemskom karticom.<\/p>\n","protected":false},"excerpt":{"rendered":"<p>Pobolj\u0161ajte svoj Dell Latitude E5530 s 56K karticom za modem YW011 0YW011 CN-0YW011. Savr\u0161eno za dodavanje ili zamjenu modemske kartice na va\u0161em prijenosnom ra\u010dunalu. U\u017eivajte u besprijekornoj povezanosti i kompatibilnosti sa svojim Latitude E5530 za brz i pouzdan pristup mre\u017ei.<\/p>\n","protected":false},"featured_media":21052,"template":"","meta":[],"product_brand":[],"product_cat":[62],"product_tag":[52],"class_list":{"0":"post-20987","1":"product","2":"type-product","3":"status-publish","4":"has-post-thumbnail","6":"product_cat-motherboards-board-parts","7":"product_tag-dell","9":"first","10":"instock","11":"taxable","12":"shipping-taxable","13":"purchasable","14":"product-type-simple"},"_links":{"self":[{"href":"https:\/\/boreait.com\/hr\/wp-json\/wp\/v2\/product\/20987","targetHints":{"allow":["GET"]}}],"collection":[{"href":"https:\/\/boreait.com\/hr\/wp-json\/wp\/v2\/product"}],"about":[{"href":"https:\/\/boreait.com\/hr\/wp-json\/wp\/v2\/types\/product"}],"wp:featuredmedia":[{"embeddable":true,"href":"https:\/\/boreait.com\/hr\/wp-json\/wp\/v2\/media\/21052"}],"wp:attachment":[{"href":"https:\/\/boreait.com\/hr\/wp-json\/wp\/v2\/media?parent=20987"}],"wp:term":[{"taxonomy":"product_brand","embeddable":true,"href":"https:\/\/boreait.com\/hr\/wp-json\/wp\/v2\/product_brand?post=20987"},{"taxonomy":"product_cat","embeddable":true,"href":"https:\/\/boreait.com\/hr\/wp-json\/wp\/v2\/product_cat?post=20987"},{"taxonomy":"product_tag","embeddable":true,"href":"https:\/\/boreait.com\/hr\/wp-json\/wp\/v2\/product_tag?post=20987"}],"curies":[{"name":"wp","href":"https:\/\/api.w.org\/{rel}","templated":true}]}}