{"id":20982,"date":"2025-07-25T11:32:35","date_gmt":"2025-07-25T11:32:35","guid":{"rendered":"https:\/\/boreait.com\/hr\/?post_type=product&#038;p=20982"},"modified":"2026-01-14T13:50:18","modified_gmt":"2026-01-14T13:50:18","slug":"samsung-4gb-1600mhz-pc3l-12800s-ddr3-1600-m471b5173qh0-prijenosna-memorija-ram-nadogradnja","status":"publish","type":"product","link":"https:\/\/boreait.com\/hr\/product\/samsung-4gb-1600mhz-pc3l-12800s-ddr3-1600-m471b5173qh0-prijenosna-memorija-ram-nadogradnja\/","title":{"rendered":"Samsung 4GB 1600MHz PC3L-12800S DDR3-1600 M471B5173QH0 Prijenosna memorija RAM nadogradnja"},"content":{"rendered":"<p>Pobolj\u0161ajte performanse svog prijenosnog ra\u010dunala uz Samsung 4GB 1600MHz PC3L-12800S DDR3-1600 M471B5173QH0 memoriju. Dizajniran kao memorijska nadogradnja koja se lako instalira, ovaj RAM modul nudi pove\u0107ani kapacitet i pobolj\u0161anu brzinu va\u0161eg prijenosnog ra\u010dunala, omogu\u0107avaju\u0107i bolju multitasking i cjelokupnu reakciju sustava.<\/p>\n<p>Klju\u010dne zna\u010dajke:<\/p>\n<ul>\n<li>Veli\u010dina memorije: 4 GB<\/li>\n<li>Vrsta memorije: DDR3L SDRAM<\/li>\n<li>Brzina: 1600MHz<\/li>\n<li>Kompatibilnost: memorijski modul prijenosnog ra\u010dunala<\/li>\n<\/ul>\n<p>Iskusite pobolj\u0161ane ra\u010dunalne mogu\u0107nosti s ovim Samsung memorijskim modulom. Nadogradite svoje prijenosno ra\u010dunalo za lak\u0161i multitasking, br\u017ei pristup podacima i pobolj\u0161ane ukupne performanse.<\/p>\n<p>Imajte na umu da ovaj popis uklju\u010duje prave fotografije Samsung 4GB 1600MHz PC3L-12800S DDR3-1600 M471B5173QH0 memorije. Nema uputa za instalaciju. Ako imate bilo kakvih pitanja ili trebate dodatnu pomo\u0107, slobodno nas kontaktirajte. Dajte svom prijenosnom ra\u010dunalu nadogradnju koju zaslu\u017euje s ovim Samsung memorijskim modulom.<\/p>\n","protected":false},"excerpt":{"rendered":"<p>Pobolj\u0161ajte performanse svog prijenosnog ra\u010dunala uz Samsung 4GB 1600MHz PC3L-12800S DDR3-1600 M471B5173QH0 memoriju. Ovaj RAM modul dizajniran je za besprijekornu nadogradnju za pobolj\u0161ani multitasking, br\u017eu obradu podataka i glatkiji cjelokupni rad sustava. S kapacitetom od 4 GB i brzinom od 1600 MHz, savr\u0161eno je rje\u0161enje za pove\u0107anje mogu\u0107nosti va\u0161eg prijenosnog ra\u010dunala.<\/p>\n","protected":false},"featured_media":21033,"template":"","meta":[],"product_brand":[],"product_cat":[72,71],"product_tag":[],"class_list":{"0":"post-20982","1":"product","2":"type-product","3":"status-publish","4":"has-post-thumbnail","6":"product_cat-ddr3-ddr3l","7":"product_cat-ram-memory","9":"first","10":"instock","11":"taxable","12":"shipping-taxable","13":"purchasable","14":"product-type-simple"},"_links":{"self":[{"href":"https:\/\/boreait.com\/hr\/wp-json\/wp\/v2\/product\/20982","targetHints":{"allow":["GET"]}}],"collection":[{"href":"https:\/\/boreait.com\/hr\/wp-json\/wp\/v2\/product"}],"about":[{"href":"https:\/\/boreait.com\/hr\/wp-json\/wp\/v2\/types\/product"}],"wp:featuredmedia":[{"embeddable":true,"href":"https:\/\/boreait.com\/hr\/wp-json\/wp\/v2\/media\/21033"}],"wp:attachment":[{"href":"https:\/\/boreait.com\/hr\/wp-json\/wp\/v2\/media?parent=20982"}],"wp:term":[{"taxonomy":"product_brand","embeddable":true,"href":"https:\/\/boreait.com\/hr\/wp-json\/wp\/v2\/product_brand?post=20982"},{"taxonomy":"product_cat","embeddable":true,"href":"https:\/\/boreait.com\/hr\/wp-json\/wp\/v2\/product_cat?post=20982"},{"taxonomy":"product_tag","embeddable":true,"href":"https:\/\/boreait.com\/hr\/wp-json\/wp\/v2\/product_tag?post=20982"}],"curies":[{"name":"wp","href":"https:\/\/api.w.org\/{rel}","templated":true}]}}