{"id":20956,"date":"2025-07-25T11:32:11","date_gmt":"2025-07-25T11:32:11","guid":{"rendered":"https:\/\/boreait.com\/hr\/?post_type=product&#038;p=20956"},"modified":"2026-01-14T13:47:39","modified_gmt":"2026-01-14T13:47:39","slug":"lenovo-thinkpad-l512-led-tipka-za-ukljucivanje-da0gc3yb8c0-zamjenski-dio-za-prijenosno-racunalo","status":"publish","type":"product","link":"https:\/\/boreait.com\/hr\/product\/lenovo-thinkpad-l512-led-tipka-za-ukljucivanje-da0gc3yb8c0-zamjenski-dio-za-prijenosno-racunalo\/","title":{"rendered":"Lenovo THINKPAD L512 LED tipka za uklju\u010divanje DA0GC3YB8C0 &#8211; Zamjenski dio za prijenosno ra\u010dunalo"},"content":{"rendered":"<p>Lenovo THINKPAD L512 LED tipka za uklju\u010divanje autenti\u010dan je zamjenski dio dizajniran za model L512. Ako se plo\u010da s gumbom za uklju\u010divanje va\u0161eg prijenosnog ra\u010dunala istro\u0161ila ili ne radi ispravno, ovaj originalni Lenovo dio je rje\u0161enje.<\/p>\n<p>Brojevi dijelova: UMT-SZ 2MV 94V-0 \/ DA0GC3YB8C0<\/p>\n<p>Ovaj zamjenski dio osigurava besprijekorno pristajanje i vra\u0107a funkcionalnost i izgled va\u0161eg prijenosnog ra\u010dunala. Posebno izra\u0111en za model L512, idealno je rje\u0161enje za odr\u017eavanje va\u0161eg prijenosnog ra\u010dunala u vrhunskom stanju.<\/p>\n<p>Imajte na umu da ovaj popis uklju\u010duje prave fotografije Lenovo THINKPAD L512 LED tipke za uklju\u010divanje. Va\u017eno je napomenuti da nisu prilo\u017eene upute za instalaciju. Ako trebate pomo\u0107 ili imate bilo kakvih pitanja, slobodno nas kontaktirajte.<\/p>\n<p>Osigurajte da va\u0161 Lenovo THINKPAD L512 nastavi raditi najbolje \u0161to mo\u017eete zamijeniti istro\u0161ene ili o\u0161te\u0107ene komponente originalnim dijelovima dizajniranim za savr\u0161eno pristajanje.<\/p>\n","protected":false},"excerpt":{"rendered":"<p>Zamijenite LED tipku za napajanje va\u0161eg Lenovo THINKPAD L512 ovim originalnim dijelom. Neka va\u0161e prijenosno ra\u010dunalo izgleda i funkcionira kao novo.<\/p>\n","protected":false},"featured_media":21021,"template":"","meta":[],"product_brand":[],"product_cat":[62],"product_tag":[61],"class_list":{"0":"post-20956","1":"product","2":"type-product","3":"status-publish","4":"has-post-thumbnail","6":"product_cat-motherboards-board-parts","7":"product_tag-lenovo","9":"first","10":"instock","11":"taxable","12":"shipping-taxable","13":"purchasable","14":"product-type-simple"},"_links":{"self":[{"href":"https:\/\/boreait.com\/hr\/wp-json\/wp\/v2\/product\/20956","targetHints":{"allow":["GET"]}}],"collection":[{"href":"https:\/\/boreait.com\/hr\/wp-json\/wp\/v2\/product"}],"about":[{"href":"https:\/\/boreait.com\/hr\/wp-json\/wp\/v2\/types\/product"}],"wp:featuredmedia":[{"embeddable":true,"href":"https:\/\/boreait.com\/hr\/wp-json\/wp\/v2\/media\/21021"}],"wp:attachment":[{"href":"https:\/\/boreait.com\/hr\/wp-json\/wp\/v2\/media?parent=20956"}],"wp:term":[{"taxonomy":"product_brand","embeddable":true,"href":"https:\/\/boreait.com\/hr\/wp-json\/wp\/v2\/product_brand?post=20956"},{"taxonomy":"product_cat","embeddable":true,"href":"https:\/\/boreait.com\/hr\/wp-json\/wp\/v2\/product_cat?post=20956"},{"taxonomy":"product_tag","embeddable":true,"href":"https:\/\/boreait.com\/hr\/wp-json\/wp\/v2\/product_tag?post=20956"}],"curies":[{"name":"wp","href":"https:\/\/api.w.org\/{rel}","templated":true}]}}