{"id":20951,"date":"2025-07-25T11:32:11","date_gmt":"2025-07-25T11:32:11","guid":{"rendered":"https:\/\/boreait.com\/hr\/?post_type=product&#038;p=20951"},"modified":"2026-01-14T13:46:28","modified_gmt":"2026-01-14T13:46:28","slug":"webcam-video-kamera-mikro-mikrofon-za-eee-pc-1005p-2-originalni-zamjenski-dio","status":"publish","type":"product","link":"https:\/\/boreait.com\/hr\/product\/webcam-video-kamera-mikro-mikrofon-za-eee-pc-1005p-2-originalni-zamjenski-dio\/","title":{"rendered":"Webcam video kamera mikro mikrofon za Eee PC 1005P-2 &#8211; originalni zamjenski dio!"},"content":{"rendered":"<p>Mikro mikrofon s video kamerom za web kameru za Eee PC 1005P-2 originalni je zamjenski dio dizajniran za vra\u0107anje osnovnih video i audio funkcija va\u0161eg prijenosnog ra\u010dunala.<\/p>\n<p>Klju\u010dne zna\u010dajke:<\/p>\n<ul>\n<li>Dizajniran za Eee PC 1005P-2<\/li>\n<li>Kombinirana funkcija web-kamere i mikrofona<\/li>\n<li>Originalni zamjenski dio<\/li>\n<li>Brojevi dijelova: 04G622001910 0421-00170AS 952025152 0917<\/li>\n<\/ul>\n<p>Bez obzira na to je li kamera ili mikrofon va\u0161eg prijenosnog ra\u010dunala neispravan ili o\u0161te\u0107en, ova zamjenska komponenta osigurava da va\u0161 Eee PC 1005P-2 radi optimalno. Uz ovaj autenti\u010dni zamjenski dio u\u017eivajte u jasnim videopozivima, o\u0161trom audio zapisu i komunikaciji bez muke.<\/p>\n<p>Imajte na umu da popis sadr\u017ei stvarne fotografije mikro mikrofona s web kamerom i video kamerom dizajniranog za Eee PC 1005P-2. Va\u017eno je napomenuti da nema uputa za instalaciju. Ako trebate dodatnu pomo\u0107 ili imate pitanja o kompatibilnosti ili instalaciji, slobodno nas kontaktirajte. Vratite funkcionalnost svog Eee PC 1005P-2 i nastavite s video i audio iskustvima visoke kvalitete s ovim originalnim zamjenskim dijelom.<\/p>\n","protected":false},"excerpt":{"rendered":"<p>Pobolj\u0161ajte svoj Eee PC 1005P-2 ovom originalnom zamjenskom web kamerom, video kamerom, mikro mikrofonom. Vratite video i audio funkcije na svoje prijenosno ra\u010dunalo, osiguravaju\u0107i besprijekornu komunikaciju, video pozive i mogu\u0107nosti snimanja. Ovaj zamjenski dio dizajniran je posebno za Eee PC 1005P-2, nudi kompatibilnost i pouzdan rad. Do\u017eivite jasne slike i o\u0161tar zvuk s ovom autenti\u010dnom komponentom.<\/p>\n","protected":false},"featured_media":21005,"template":"","meta":[],"product_brand":[],"product_cat":[58],"product_tag":[65],"class_list":{"0":"post-20951","1":"product","2":"type-product","3":"status-publish","4":"has-post-thumbnail","6":"product_cat-laptop-camera","7":"product_tag-asus","9":"first","10":"instock","11":"taxable","12":"shipping-taxable","13":"purchasable","14":"product-type-simple"},"_links":{"self":[{"href":"https:\/\/boreait.com\/hr\/wp-json\/wp\/v2\/product\/20951","targetHints":{"allow":["GET"]}}],"collection":[{"href":"https:\/\/boreait.com\/hr\/wp-json\/wp\/v2\/product"}],"about":[{"href":"https:\/\/boreait.com\/hr\/wp-json\/wp\/v2\/types\/product"}],"wp:featuredmedia":[{"embeddable":true,"href":"https:\/\/boreait.com\/hr\/wp-json\/wp\/v2\/media\/21005"}],"wp:attachment":[{"href":"https:\/\/boreait.com\/hr\/wp-json\/wp\/v2\/media?parent=20951"}],"wp:term":[{"taxonomy":"product_brand","embeddable":true,"href":"https:\/\/boreait.com\/hr\/wp-json\/wp\/v2\/product_brand?post=20951"},{"taxonomy":"product_cat","embeddable":true,"href":"https:\/\/boreait.com\/hr\/wp-json\/wp\/v2\/product_cat?post=20951"},{"taxonomy":"product_tag","embeddable":true,"href":"https:\/\/boreait.com\/hr\/wp-json\/wp\/v2\/product_tag?post=20951"}],"curies":[{"name":"wp","href":"https:\/\/api.w.org\/{rel}","templated":true}]}}