{"id":20932,"date":"2025-07-25T11:31:49","date_gmt":"2025-07-25T11:31:49","guid":{"rendered":"https:\/\/boreait.com\/hr\/?post_type=product&#038;p=20932"},"modified":"2026-01-14T13:45:30","modified_gmt":"2026-01-14T13:45:30","slug":"memorija-prijenosnog-racunala-512mb-2rx16-pc2-5300s-555-12-ram-nadogradnja-za-poboljsane-performanse","status":"publish","type":"product","link":"https:\/\/boreait.com\/hr\/product\/memorija-prijenosnog-racunala-512mb-2rx16-pc2-5300s-555-12-ram-nadogradnja-za-poboljsane-performanse\/","title":{"rendered":"Memorija prijenosnog ra\u010dunala 512MB 2RX16 PC2-5300S-555-12 RAM Nadogradnja za pobolj\u0161ane performanse!"},"content":{"rendered":"<p>Pove\u0107ajte performanse svog prijenosnog ra\u010dunala s memorijom prijenosnog ra\u010dunala 512MB 2RX16 PC2-5300S-555-12. Ova nadogradnja RAM-a je fantasti\u010dno rje\u0161enje za pobolj\u0161anje mogu\u0107nosti va\u0161eg prijenosnog ra\u010dunala, osiguravaju\u0107i br\u017ee vrijeme odziva i glatkiju multitasking.<\/p>\n<p>Klju\u010dne zna\u010dajke:<\/p>\n<ul>\n<li>Veli\u010dina memorije: 512 MB<\/li>\n<li>Specifikacije: 2RX16 PC2-5300S-555-12<\/li>\n<li>Vrsta: Memorija prijenosnog ra\u010dunala<\/li>\n<\/ul>\n<p>S kapacitetom od 512 MB i specifikacijama PC2-5300S-555-12, ovaj memorijski modul pru\u017ea zna\u010dajno pove\u0107anje performansi. Pove\u0107ajte u\u010dinkovitost svog prijenosnog ra\u010dunala, omogu\u0107uju\u0107i br\u017ei pristup aplikacijama i pobolj\u0161ani multitasking.<\/p>\n<p>Imajte na umu da ovaj popis uklju\u010duje stvarne fotografije memorije prijenosnog ra\u010dunala 512MB 2RX16 PC2-5300S-555-12. Nema uputa za instalaciju. Ako imate bilo kakvih upita ili trebate dodatne informacije, slobodno nas kontaktirajte. Nadogradite mogu\u0107nosti svog prijenosnog ra\u010dunala s ovim visokokvalitetnim memorijskim modulom i do\u017eivite pobolj\u0161ane performanse.<\/p>\n","protected":false},"excerpt":{"rendered":"<p>Pobolj\u0161ajte mogu\u0107nosti svog prijenosnog ra\u010dunala s ovom memorijom za prijenosno ra\u010dunalo 512MB 2RX16 PC2-5300S-555-12. Ova nadogradnja RAM-a osmi\u0161ljena je za pove\u0107anje performansi va\u0161eg prijenosnog ra\u010dunala, nude\u0107i glatkiji multitasking i br\u017ee vrijeme odziva. Sa svojim kapacitetom od 512 MB i PC2-5300S-555-12 specifikacijama, ovaj memorijski modul izvrstan je izbor za pobolj\u0161anje brzine i u\u010dinkovitosti va\u0161eg prijenosnog ra\u010dunala.<\/p>\n","protected":false},"featured_media":21001,"template":"","meta":[],"product_brand":[],"product_cat":[76,71],"product_tag":[],"class_list":{"0":"post-20932","1":"product","2":"type-product","3":"status-publish","4":"has-post-thumbnail","6":"product_cat-ddr2","7":"product_cat-ram-memory","9":"first","10":"instock","11":"taxable","12":"shipping-taxable","13":"purchasable","14":"product-type-simple"},"_links":{"self":[{"href":"https:\/\/boreait.com\/hr\/wp-json\/wp\/v2\/product\/20932","targetHints":{"allow":["GET"]}}],"collection":[{"href":"https:\/\/boreait.com\/hr\/wp-json\/wp\/v2\/product"}],"about":[{"href":"https:\/\/boreait.com\/hr\/wp-json\/wp\/v2\/types\/product"}],"wp:featuredmedia":[{"embeddable":true,"href":"https:\/\/boreait.com\/hr\/wp-json\/wp\/v2\/media\/21001"}],"wp:attachment":[{"href":"https:\/\/boreait.com\/hr\/wp-json\/wp\/v2\/media?parent=20932"}],"wp:term":[{"taxonomy":"product_brand","embeddable":true,"href":"https:\/\/boreait.com\/hr\/wp-json\/wp\/v2\/product_brand?post=20932"},{"taxonomy":"product_cat","embeddable":true,"href":"https:\/\/boreait.com\/hr\/wp-json\/wp\/v2\/product_cat?post=20932"},{"taxonomy":"product_tag","embeddable":true,"href":"https:\/\/boreait.com\/hr\/wp-json\/wp\/v2\/product_tag?post=20932"}],"curies":[{"name":"wp","href":"https:\/\/api.w.org\/{rel}","templated":true}]}}