{"id":20928,"date":"2025-07-25T11:31:49","date_gmt":"2025-07-25T11:31:49","guid":{"rendered":"https:\/\/boreait.com\/hr\/?post_type=product&#038;p=20928"},"modified":"2025-07-25T11:32:40","modified_gmt":"2025-07-25T11:32:40","slug":"nova-tipkovnica-za-hp-probook-650-g4-655-g4-650-g5-bez-pozadinskog-osvjetljenja","status":"publish","type":"product","link":"https:\/\/boreait.com\/hr\/product\/nova-tipkovnica-za-hp-probook-650-g4-655-g4-650-g5-bez-pozadinskog-osvjetljenja\/","title":{"rendered":"Nova tipkovnica za HP ProBook 650 G4 655 G4 650 G5 &#8211; bez pozadinskog osvjetljenja"},"content":{"rendered":"<p>Pobolj\u0161ajte svoje prijenosno ra\u010dunalo HP ProBook 650 G4, 655 G4 ili 650 G5 ovom potpuno novom tipkovnicom bez pozadinskog osvjetljenja. Ova tipkovnica je kompatibilna s vi\u0161e brojeva dijelova i rasporeda, uklju\u010duju\u0107i \u010de\u0161ki\/slova\u010dki. Pru\u017ea pouzdanu izvedbu i lako se postavlja.<\/p>\n<p><strong>Kompatibilni brojevi dijelova:<\/strong><\/p>\n<ul>\n<li>L09594-FL1<\/li>\n<li>SG-87820-59A<\/li>\n<li>L00740-FL1<\/li>\n<li>6037B0133834<\/li>\n<li>L00740-051<\/li>\n<li>L09594-051<\/li>\n<li>L51009-041<\/li>\n<li>L09595-001<\/li>\n<li>L09593-001<\/li>\n<li>L00741-001<\/li>\n<li>6037B0134101<\/li>\n<li>6037B0134201<\/li>\n<li>L51009-001<\/li>\n<li>L62786-001<\/li>\n<li>6037B0153701<\/li>\n<li>L09593-001<\/li>\n<li>SN9171<\/li>\n<li>SH-87820-2FA<\/li>\n<li>6037B0133805<\/li>\n<\/ul>\n<p><strong>Klju\u010dne zna\u010dajke:<\/strong><\/p>\n<ul>\n<li><strong>Kompatibilnost:<\/strong> Ova je tipkovnica kompatibilna s prijenosnim ra\u010dunalima HP ProBook 650 G4, 655 G4 i 650 G5, s razli\u010ditim brojevima dijelova i rasporedima za dodatnu svestranost.<\/li>\n<li><strong>\u010ce\u0161ki\/slova\u010dki raspored:<\/strong> Uz \u010de\u0161ki\/slova\u010dki raspored tipkovnice, ova tipkovnica je savr\u0161ena za korisnike u ovim regijama, ali je tako\u0111er potpuno kompatibilna s drugim rasporedima i zemljama.<\/li>\n<li><strong>Bez pozadinskog osvjetljenja:<\/strong> Ova tipkovnica je bez pozadinskog osvjetljenja, kao \u0161to je prikazano na fotografiji popisa. Dizajniran je za standardno tipkanje bez pozadinskog osvjetljenja.<\/li>\n<li><strong>Potpuno nova:<\/strong> Ova tipkovnica je potpuno nova i nudi kvalitetu i performanse koje o\u010dekujete od nove tipkovnice.<\/li>\n<li><strong>Jednostavna instalacija:<\/strong> Zamjena tipkovnice prijenosnog ra\u010dunala je jednostavna i ne zahtijeva napredne tehni\u010dke vje\u0161tine. Detaljne upute mogu se dostaviti na zahtjev.<\/li>\n<\/ul>\n<p>Nadogradite svoje HP ProBook prijenosno ra\u010dunalo ovom svestranom novom tipkovnicom bez pozadinskog osvjetljenja, kompatibilnom s razli\u010ditim brojevima dijelova i rasporedima, uklju\u010duju\u0107i \u010de\u0161ki\/slova\u010dki. U\u017eivajte u pouzdanoj izvedbi i jednostavnoj instalaciji.<\/p>\n<p>Ako imate jo\u0161 proizvoda za popis ili su vam potrebne dodatne informacije, javite mi i ja \u0107u vam dodatno pomo\u0107i.<\/p>\n","protected":false},"excerpt":{"rendered":"<p>Nadogradite svoje prijenosno ra\u010dunalo HP ProBook 650 G4, 655 G4 ili 650 G5 ovom novom tipkovnicom bez pozadinskog osvjetljenja. Kompatibilan je s vi\u0161e brojeva dijelova i izgleda, uklju\u010duju\u0107i \u010de\u0161ki\/slova\u010dki. Pouzdana izvedba i jednostavna instalacija.<\/p>\n","protected":false},"featured_media":20992,"template":"","meta":[],"product_brand":[],"product_cat":[70],"product_tag":[60],"class_list":{"0":"post-20928","1":"product","2":"type-product","3":"status-publish","4":"has-post-thumbnail","6":"product_cat-laptop-keyboard","7":"product_tag-hp","9":"first","10":"instock","11":"taxable","12":"shipping-taxable","13":"purchasable","14":"product-type-simple"},"_links":{"self":[{"href":"https:\/\/boreait.com\/hr\/wp-json\/wp\/v2\/product\/20928","targetHints":{"allow":["GET"]}}],"collection":[{"href":"https:\/\/boreait.com\/hr\/wp-json\/wp\/v2\/product"}],"about":[{"href":"https:\/\/boreait.com\/hr\/wp-json\/wp\/v2\/types\/product"}],"wp:featuredmedia":[{"embeddable":true,"href":"https:\/\/boreait.com\/hr\/wp-json\/wp\/v2\/media\/20992"}],"wp:attachment":[{"href":"https:\/\/boreait.com\/hr\/wp-json\/wp\/v2\/media?parent=20928"}],"wp:term":[{"taxonomy":"product_brand","embeddable":true,"href":"https:\/\/boreait.com\/hr\/wp-json\/wp\/v2\/product_brand?post=20928"},{"taxonomy":"product_cat","embeddable":true,"href":"https:\/\/boreait.com\/hr\/wp-json\/wp\/v2\/product_cat?post=20928"},{"taxonomy":"product_tag","embeddable":true,"href":"https:\/\/boreait.com\/hr\/wp-json\/wp\/v2\/product_tag?post=20928"}],"curies":[{"name":"wp","href":"https:\/\/api.w.org\/{rel}","templated":true}]}}