{"id":20927,"date":"2025-07-25T11:31:49","date_gmt":"2025-07-25T11:31:49","guid":{"rendered":"https:\/\/boreait.com\/hr\/?post_type=product&#038;p=20927"},"modified":"2026-02-07T09:38:11","modified_gmt":"2026-02-07T09:38:11","slug":"rabljena-tipkovnica-za-hp-probook-650-g4-655-g4-650-g5-azerty-raspored-bez-pozadinskog-osvjetljenja-vise-kompatibilnih-brojeva-dijelova","status":"publish","type":"product","link":"https:\/\/boreait.com\/hr\/product\/rabljena-tipkovnica-za-hp-probook-650-g4-655-g4-650-g5-azerty-raspored-bez-pozadinskog-osvjetljenja-vise-kompatibilnih-brojeva-dijelova\/","title":{"rendered":"Rabljena tipkovnica za HP ProBook 650 G4 655 G4 650 G5 &#8211; AZERTY raspored &#8211; bez pozadinskog osvjetljenja &#8211; vi\u0161e kompatibilnih brojeva dijelova"},"content":{"rendered":"<p>Pobolj\u0161ajte svoje prijenosno ra\u010dunalo HP ProBook 650 G4, 655 G4 ili 650 G5 ovom rabljenom AZERTY tipkovnicom s rasporedom. Ova je tipkovnica kompatibilna s vi\u0161e brojeva dijelova, \u0161to je \u010dini svestranom i prikladnom za razli\u010dite HP ProBook modele. Imajte na umu da su ovo rabljene tipkovnice, ali kvaliteta je jednaka ili bolja od one prikazane na fotografiji popisa.<\/p>\n<p><strong>Kompatibilni brojevi dijelova:<\/strong><\/p>\n<ul>\n<li>L00740-051<\/li>\n<li>L09594-051<\/li>\n<li>L51009-041<\/li>\n<li>L09595-001<\/li>\n<li>L09593-001<\/li>\n<li>L00741-001<\/li>\n<li>6037B0134101<\/li>\n<li>6037B0134201<\/li>\n<li>L51009-001<\/li>\n<li>L62786-001<\/li>\n<li>6037B0153701<\/li>\n<li>L09593-001<\/li>\n<li>SN9171<\/li>\n<li>SH-87820-2FA<\/li>\n<li>6037B0133805<\/li>\n<\/ul>\n<p><strong>Klju\u010dne zna\u010dajke:<\/strong><\/p>\n<ul>\n<li><strong>Kompatibilnost:<\/strong> Ova je tipkovnica kompatibilna s prijenosnim ra\u010dunalima HP ProBook 650 G4, 655 G4 i 650 G5, s razli\u010ditim brojevima dijelova za dodatnu svestranost.<\/li>\n<li><strong>AZERTY raspored:<\/strong> Uz AZERTY raspored, ova tipkovnica je savr\u0161ena za korisnike koji govore francuski, ali je tako\u0111er kompatibilna s drugim jezicima i rasporedima.<\/li>\n<li><strong>Bez pozadinskog osvjetljenja:<\/strong> Ova tipkovnica je bez pozadinskog osvjetljenja, kao \u0161to je prikazano na fotografiji popisa. Dizajniran je za standardno tipkanje bez pozadinskog osvjetljenja.<\/li>\n<li><strong>Jamstvo kvalitete:<\/strong> Unato\u010d kori\u0161tenju, ove tipkovnice nude performanse i kvalitetu jednaku ili bolju od one prikazane na fotografiji popisa.<\/li>\n<li><strong>Jednostavna instalacija:<\/strong> Zamjena tipkovnice prijenosnog ra\u010dunala je jednostavna i ne zahtijeva napredne tehni\u010dke vje\u0161tine. Detaljne upute mogu se dostaviti na zahtjev.<\/li>\n<\/ul>\n<p>Nadogradite svoje HP ProBook prijenosno ra\u010dunalo s ovom svestranom kori\u0161tenom AZERTY tipkovnicom s rasporedom, kompatibilnom s vi\u0161e brojeva dijelova. Bez obzira trebate li zamjenu ili \u017eelite promijeniti izgled, ova tipkovnica bez pozadinskog osvjetljenja nudi pouzdane performanse.<\/p>\n<p>Ako imate jo\u0161 proizvoda za popis ili su vam potrebne dodatne informacije, javite mi i ja \u0107u vam dodatno pomo\u0107i.<\/p>\n","protected":false},"excerpt":{"rendered":"<p>Nadogradite svoje prijenosno ra\u010dunalo HP ProBook 650 G4, 655 G4 ili 650 G5 ovom rabljenom AZERTY tipkovnicom s rasporedom. Kompatibilan s razli\u010ditim brojevima dijelova, nudi kvalitetnu izvedbu i nema pozadinsko osvjetljenje, kao \u0161to je prikazano na fotografiji.<\/p>\n","protected":false},"featured_media":20975,"template":"","meta":[],"product_brand":[],"product_cat":[70],"product_tag":[60],"class_list":{"0":"post-20927","1":"product","2":"type-product","3":"status-publish","4":"has-post-thumbnail","6":"product_cat-laptop-keyboard","7":"product_tag-hp","9":"first","10":"instock","11":"taxable","12":"shipping-taxable","13":"purchasable","14":"product-type-simple"},"_links":{"self":[{"href":"https:\/\/boreait.com\/hr\/wp-json\/wp\/v2\/product\/20927","targetHints":{"allow":["GET"]}}],"collection":[{"href":"https:\/\/boreait.com\/hr\/wp-json\/wp\/v2\/product"}],"about":[{"href":"https:\/\/boreait.com\/hr\/wp-json\/wp\/v2\/types\/product"}],"wp:featuredmedia":[{"embeddable":true,"href":"https:\/\/boreait.com\/hr\/wp-json\/wp\/v2\/media\/20975"}],"wp:attachment":[{"href":"https:\/\/boreait.com\/hr\/wp-json\/wp\/v2\/media?parent=20927"}],"wp:term":[{"taxonomy":"product_brand","embeddable":true,"href":"https:\/\/boreait.com\/hr\/wp-json\/wp\/v2\/product_brand?post=20927"},{"taxonomy":"product_cat","embeddable":true,"href":"https:\/\/boreait.com\/hr\/wp-json\/wp\/v2\/product_cat?post=20927"},{"taxonomy":"product_tag","embeddable":true,"href":"https:\/\/boreait.com\/hr\/wp-json\/wp\/v2\/product_tag?post=20927"}],"curies":[{"name":"wp","href":"https:\/\/api.w.org\/{rel}","templated":true}]}}